{"id":4986,"date":"2024-03-31T10:44:50","date_gmt":"2024-03-31T08:44:50","guid":{"rendered":"https:\/\/xixodrinks.com\/produse\/ice-tea\/ceai-negru-cu-pepene-si-zmeura\/"},"modified":"2024-05-28T12:48:51","modified_gmt":"2024-05-28T10:48:51","slug":"ceai-negru-cu-pepene-si-zmeura","status":"publish","type":"page","link":"https:\/\/xixodrinks.com\/ro\/produse\/ice-tea\/ceai-negru-cu-pepene-si-zmeura\/","title":{"rendered":"CEAI NEGRU CU PEPENE \u0218I ZMEUR\u0102"},"content":{"rendered":"\t\t<div data-elementor-type=\"wp-page\" data-elementor-id=\"4986\" class=\"elementor elementor-4986 elementor-4204\" data-elementor-post-type=\"page\">\n\t\t\t\t\t\t<section class=\"elementor-section elementor-top-section elementor-element elementor-element-29d51987 elementor-section-boxed elementor-section-height-default elementor-section-height-default\" data-id=\"29d51987\" data-element_type=\"section\" data-e-type=\"section\">\n\t\t\t\t\t\t<div class=\"elementor-container elementor-column-gap-default\">\n\t\t\t\t\t<div class=\"elementor-column elementor-col-100 elementor-top-column elementor-element elementor-element-68cd0e3\" data-id=\"68cd0e3\" data-element_type=\"column\" data-e-type=\"column\">\n\t\t\t<div class=\"elementor-widget-wrap elementor-element-populated\">\n\t\t\t\t\t\t<div class=\"elementor-element elementor-element-1cdb536b elementor-widget elementor-widget-spacer\" data-id=\"1cdb536b\" data-element_type=\"widget\" data-e-type=\"widget\" data-widget_type=\"spacer.default\">\n\t\t\t\t<div class=\"elementor-widget-container\">\n\t\t\t\t\t\t\t<div class=\"elementor-spacer\">\n\t\t\t<div class=\"elementor-spacer-inner\"><\/div>\n\t\t<\/div>\n\t\t\t\t\t\t<\/div>\n\t\t\t\t<\/div>\n\t\t\t\t\t<\/div>\n\t\t<\/div>\n\t\t\t\t\t<\/div>\n\t\t<\/section>\n\t\t\t\t<section class=\"elementor-section elementor-top-section elementor-element elementor-element-52d20cf9 elementor-section-boxed elementor-section-height-default elementor-section-height-default\" data-id=\"52d20cf9\" data-element_type=\"section\" data-e-type=\"section\">\n\t\t\t\t\t\t<div class=\"elementor-container elementor-column-gap-default\">\n\t\t\t\t\t<div class=\"elementor-column elementor-col-50 elementor-top-column elementor-element elementor-element-1bae4013\" data-id=\"1bae4013\" data-element_type=\"column\" data-e-type=\"column\">\n\t\t\t<div class=\"elementor-widget-wrap elementor-element-populated\">\n\t\t\t\t\t\t<div class=\"elementor-element elementor-element-66e930e6 elementor-widget elementor-widget-text-editor\" data-id=\"66e930e6\" data-element_type=\"widget\" data-e-type=\"widget\" data-widget_type=\"text-editor.default\">\n\t\t\t\t<div class=\"elementor-widget-container\">\n\t\t\t\t\t\t\t\t\t<ul>\n<li><strong>Cu suc de fructe \u0219i extract natural de ceai<\/strong><\/li>\n<li><strong>F\u0103r\u0103 conservan\u021bi<\/strong><\/li>\n<li><strong>Ambalaje din aluminiu, reciclabile la nesf\u00e2r\u0219it, prietenoase cu mediul \u00eenconjur\u0103tor<\/strong><\/li>\n<\/ul>\n\t\t\t\t\t\t\t\t<\/div>\n\t\t\t\t<\/div>\n\t\t\t\t<div class=\"elementor-element elementor-element-5721e9fa elementor-widget elementor-widget-text-editor\" data-id=\"5721e9fa\" data-element_type=\"widget\" data-e-type=\"widget\" data-widget_type=\"text-editor.default\">\n\t\t\t\t<div class=\"elementor-widget-container\">\n\t\t\t\t\t\t\t\t\t<p class=\"MsoNormal\"><span lang=\"EN-GB\">Aroma de\npepene verde este acum combinat\u0103 cu zmeur\u0103 ca s\u0103-\u021bi aduc\u0103 atmosfera de var\u0103,\ndeoarece \u00eentr-o zi fierbinte de var\u0103 nimic nu este mai r\u0103coritor dec\u00e2t un\npepene verde suculent \u0219i dulce, care se potrive\u0219te perfect cu zmeura, fructul ro\u0219u\ncare armonizeaz\u0103 perfect cu aromele mediteraneene.<o:p><\/o:p><\/span><\/p><p>\n\n<\/p><p class=\"MsoNormal\"><span lang=\"EN-GB\">XIXO Ice\nTea cu arom\u0103 de pepene \u0219i zmeur\u0103, ca \u0219i restul gamei, este preparat cu extract\nnatural de ceai, arome reale de fructe \u0219i nu con\u021bine coloran\u021bi artificiali.\n\u00cencearc\u0103-l \u0219i Tu \u0219i bucur\u0103-te de gustul r\u0103coritor al XIXO Ice Tea cu arom\u0103 de\npepene \u0219i zmeur\u0103!<o:p><\/o:p><\/span><\/p>\t\t\t\t\t\t\t\t<\/div>\n\t\t\t\t<\/div>\n\t\t\t\t\t<\/div>\n\t\t<\/div>\n\t\t\t\t<div class=\"elementor-column elementor-col-50 elementor-top-column elementor-element elementor-element-58bd242a\" data-id=\"58bd242a\" data-element_type=\"column\" data-e-type=\"column\">\n\t\t\t<div class=\"elementor-widget-wrap elementor-element-populated\">\n\t\t\t\t\t\t<div class=\"elementor-element elementor-element-2ed68179 animated-slow elementor-invisible elementor-widget elementor-widget-image\" data-id=\"2ed68179\" data-element_type=\"widget\" data-e-type=\"widget\" data-settings=\"{&quot;_animation&quot;:&quot;fadeIn&quot;}\" data-widget_type=\"image.default\">\n\t\t\t\t<div class=\"elementor-widget-container\">\n\t\t\t\t\t\t\t\t\t\t\t\t\t\t\t<img decoding=\"async\" src=\"https:\/\/xixodrinks.com\/wp-content\/uploads\/elementor\/thumbs\/XIXO_IceTea_watermelon-raspberry_EN_250_02-rezim7trw10sqq66s16mdfu3et3vduqkfxzc3g24n4.png\" title=\"XIXO_IceTea_watermelon-raspberry_EN_250_02\" alt=\"XIXO_IceTea_watermelon-raspberry_EN_250_02\" loading=\"lazy\" \/>\t\t\t\t\t\t\t\t\t\t\t\t\t\t\t<\/div>\n\t\t\t\t<\/div>\n\t\t\t\t\t<\/div>\n\t\t<\/div>\n\t\t\t\t\t<\/div>\n\t\t<\/section>\n\t\t\t\t<section class=\"elementor-section elementor-top-section elementor-element elementor-element-1ffe3d41 elementor-section-boxed elementor-section-height-default elementor-section-height-default\" data-id=\"1ffe3d41\" data-element_type=\"section\" data-e-type=\"section\">\n\t\t\t\t\t\t<div class=\"elementor-container elementor-column-gap-default\">\n\t\t\t\t\t<div class=\"elementor-column elementor-col-100 elementor-top-column elementor-element elementor-element-4bca79c0\" data-id=\"4bca79c0\" data-element_type=\"column\" data-e-type=\"column\">\n\t\t\t<div class=\"elementor-widget-wrap elementor-element-populated\">\n\t\t\t\t\t\t<div class=\"elementor-element elementor-element-66e0ec3a elementor-widget elementor-widget-spacer\" data-id=\"66e0ec3a\" data-element_type=\"widget\" data-e-type=\"widget\" data-widget_type=\"spacer.default\">\n\t\t\t\t<div class=\"elementor-widget-container\">\n\t\t\t\t\t\t\t<div class=\"elementor-spacer\">\n\t\t\t<div class=\"elementor-spacer-inner\"><\/div>\n\t\t<\/div>\n\t\t\t\t\t\t<\/div>\n\t\t\t\t<\/div>\n\t\t\t\t\t<\/div>\n\t\t<\/div>\n\t\t\t\t\t<\/div>\n\t\t<\/section>\n\t\t\t\t<\/div>\n\t\t","protected":false},"excerpt":{"rendered":"<p>Cu suc de fructe \u0219i extract natural de ceai F\u0103r\u0103 conservan\u021bi Ambalaje din aluminiu, reciclabile la nesf\u00e2r\u0219it, prietenoase cu mediul \u00eenconjur\u0103tor Aroma de pepene verde este acum combinat\u0103 cu zmeur\u0103 ca s\u0103-\u021bi aduc\u0103 atmosfera de var\u0103, deoarece \u00eentr-o zi fierbinte de var\u0103 nimic nu este mai r\u0103coritor dec\u00e2t un pepene verde suculent \u0219i dulce, care [&hellip;]<\/p>\n","protected":false},"author":1,"featured_media":0,"parent":4681,"menu_order":0,"comment_status":"closed","ping_status":"closed","template":"elementor_header_footer","meta":{"footnotes":""},"class_list":["post-4986","page","type-page","status-publish","hentry"],"_links":{"self":[{"href":"https:\/\/xixodrinks.com\/ro\/wp-json\/wp\/v2\/pages\/4986","targetHints":{"allow":["GET"]}}],"collection":[{"href":"https:\/\/xixodrinks.com\/ro\/wp-json\/wp\/v2\/pages"}],"about":[{"href":"https:\/\/xixodrinks.com\/ro\/wp-json\/wp\/v2\/types\/page"}],"author":[{"embeddable":true,"href":"https:\/\/xixodrinks.com\/ro\/wp-json\/wp\/v2\/users\/1"}],"replies":[{"embeddable":true,"href":"https:\/\/xixodrinks.com\/ro\/wp-json\/wp\/v2\/comments?post=4986"}],"version-history":[{"count":5,"href":"https:\/\/xixodrinks.com\/ro\/wp-json\/wp\/v2\/pages\/4986\/revisions"}],"predecessor-version":[{"id":6613,"href":"https:\/\/xixodrinks.com\/ro\/wp-json\/wp\/v2\/pages\/4986\/revisions\/6613"}],"up":[{"embeddable":true,"href":"https:\/\/xixodrinks.com\/ro\/wp-json\/wp\/v2\/pages\/4681"}],"wp:attachment":[{"href":"https:\/\/xixodrinks.com\/ro\/wp-json\/wp\/v2\/media?parent=4986"}],"curies":[{"name":"wp","href":"https:\/\/api.w.org\/{rel}","templated":true}]}}