{"id":4988,"date":"2024-03-31T11:03:00","date_gmt":"2024-03-31T09:03:00","guid":{"rendered":"https:\/\/xixodrinks.com\/produse\/csd\/xixo-cola\/"},"modified":"2024-04-04T11:58:27","modified_gmt":"2024-04-04T09:58:27","slug":"xixo-cola","status":"publish","type":"page","link":"https:\/\/xixodrinks.com\/ro\/produse\/csd\/xixo-cola\/","title":{"rendered":"XIXO COLA"},"content":{"rendered":"\t\t<div data-elementor-type=\"wp-page\" data-elementor-id=\"4988\" class=\"elementor elementor-4988 elementor-4309\" data-elementor-post-type=\"page\">\n\t\t\t\t\t\t<section class=\"elementor-section elementor-top-section elementor-element elementor-element-377c31f4 elementor-section-boxed elementor-section-height-default elementor-section-height-default\" data-id=\"377c31f4\" data-element_type=\"section\" data-e-type=\"section\">\n\t\t\t\t\t\t<div class=\"elementor-container elementor-column-gap-default\">\n\t\t\t\t\t<div class=\"elementor-column elementor-col-100 elementor-top-column elementor-element elementor-element-654d9332\" data-id=\"654d9332\" data-element_type=\"column\" data-e-type=\"column\">\n\t\t\t<div class=\"elementor-widget-wrap elementor-element-populated\">\n\t\t\t\t\t\t<div class=\"elementor-element elementor-element-2232433f elementor-widget elementor-widget-spacer\" data-id=\"2232433f\" data-element_type=\"widget\" data-e-type=\"widget\" data-widget_type=\"spacer.default\">\n\t\t\t\t<div class=\"elementor-widget-container\">\n\t\t\t\t\t\t\t<div class=\"elementor-spacer\">\n\t\t\t<div class=\"elementor-spacer-inner\"><\/div>\n\t\t<\/div>\n\t\t\t\t\t\t<\/div>\n\t\t\t\t<\/div>\n\t\t\t\t\t<\/div>\n\t\t<\/div>\n\t\t\t\t\t<\/div>\n\t\t<\/section>\n\t\t\t\t<section class=\"elementor-section elementor-top-section elementor-element elementor-element-7b219432 elementor-section-boxed elementor-section-height-default elementor-section-height-default\" data-id=\"7b219432\" data-element_type=\"section\" data-e-type=\"section\">\n\t\t\t\t\t\t<div class=\"elementor-container elementor-column-gap-default\">\n\t\t\t\t\t<div class=\"elementor-column elementor-col-50 elementor-top-column elementor-element elementor-element-6ad90400\" data-id=\"6ad90400\" data-element_type=\"column\" data-e-type=\"column\">\n\t\t\t<div class=\"elementor-widget-wrap elementor-element-populated\">\n\t\t\t\t\t\t<div class=\"elementor-element elementor-element-2eac6549 elementor-widget elementor-widget-text-editor\" data-id=\"2eac6549\" data-element_type=\"widget\" data-e-type=\"widget\" data-widget_type=\"text-editor.default\">\n\t\t\t\t<div class=\"elementor-widget-container\">\n\t\t\t\t\t\t\t\t\t<ul>\n<li><strong>F\u0103r\u0103 conservan\u021bi<\/strong><\/li>\n<li><strong>Ambalaje din aluminiu, reciclabile la nesf\u00e2r\u0219it, prietenoase cu mediul \u00eenconjur\u0103tor<\/strong><\/li>\n<\/ul>\n\t\t\t\t\t\t\t\t<\/div>\n\t\t\t\t<\/div>\n\t\t\t\t<div class=\"elementor-element elementor-element-692eda6 elementor-widget elementor-widget-text-editor\" data-id=\"692eda6\" data-element_type=\"widget\" data-e-type=\"widget\" data-widget_type=\"text-editor.default\">\n\t\t\t\t<div class=\"elementor-widget-container\">\n\t\t\t\t\t\t\t\t\t<p>\u00cencearc\u0103 b\u0103utura noastr\u0103 r\u0103coritoare carbogazoas\u0103 cu arom\u0103 de cola, special formulat\u0103, f\u0103r\u0103 conservan\u021bi. La crearea acestei re\u021bete speciale, am asigurat nu numai c\u0103 rezultatul este r\u0103coritor \u0219i dulce, dar \u0219i s\u0103 fie suficient de carbogazos. XIXO Cola ofer\u0103 armonia perfect\u0103 a acestor calit\u0103\u021bi, at\u00e2t la pahar, c\u00e2t \u0219i direct din doz\u0103. \u00cen procesul de dezvoltare a re\u021betei am avut ca scop nu numai crearea unei b\u0103uturi gustoase, u\u0219or de b\u0103ut \u0219i de calitate superioar\u0103, ci \u0219i crearea unei arome care s\u0103 asigure un echilibru \u00eentre cele dou\u0103 extreme care domin\u0103 pia\u021ba: unele tipuri de cola au un postgust mai mult de l\u0103m\u00e2ie, \u00een timp ce altele sunt mai condimentate cu vanilie. Complexitatea unei cola provine din necesitatea de a g\u0103si echilibrul \u00eentre aceste note aromatice, rezult\u00e2nd un gust clasic care satisface perfect nevoile majorit\u0103\u021bii consumatorilor.<\/p>\n\t\t\t\t\t\t\t\t<\/div>\n\t\t\t\t<\/div>\n\t\t\t\t\t<\/div>\n\t\t<\/div>\n\t\t\t\t<div class=\"elementor-column elementor-col-50 elementor-top-column elementor-element elementor-element-a568ec7\" data-id=\"a568ec7\" data-element_type=\"column\" data-e-type=\"column\">\n\t\t\t<div class=\"elementor-widget-wrap elementor-element-populated\">\n\t\t\t\t\t\t<div class=\"elementor-element elementor-element-7ba8da4a animated-slow elementor-invisible elementor-widget elementor-widget-image\" data-id=\"7ba8da4a\" data-element_type=\"widget\" data-e-type=\"widget\" data-settings=\"{&quot;_animation&quot;:&quot;fadeIn&quot;}\" data-widget_type=\"image.default\">\n\t\t\t\t<div class=\"elementor-widget-container\">\n\t\t\t\t\t\t\t\t\t\t\t\t\t\t\t<img decoding=\"async\" src=\"https:\/\/xixodrinks.com\/wp-content\/uploads\/elementor\/thumbs\/XIXO_COLA_2023_HU_02-3-rezimeen7v9szzwmpm10cw6bki7fvqgosujqgdsdfk.png\" title=\"XIXO_COLA_2023_HU_02 (3)\" alt=\"XIXO_COLA_2023_HU_02 (3)\" loading=\"lazy\" \/>\t\t\t\t\t\t\t\t\t\t\t\t\t\t\t<\/div>\n\t\t\t\t<\/div>\n\t\t\t\t\t<\/div>\n\t\t<\/div>\n\t\t\t\t\t<\/div>\n\t\t<\/section>\n\t\t\t\t<section class=\"elementor-section elementor-top-section elementor-element elementor-element-f74b68a elementor-section-boxed elementor-section-height-default elementor-section-height-default\" data-id=\"f74b68a\" data-element_type=\"section\" data-e-type=\"section\">\n\t\t\t\t\t\t<div class=\"elementor-container elementor-column-gap-default\">\n\t\t\t\t\t<div class=\"elementor-column elementor-col-100 elementor-top-column elementor-element elementor-element-fab6f3d\" data-id=\"fab6f3d\" data-element_type=\"column\" data-e-type=\"column\">\n\t\t\t<div class=\"elementor-widget-wrap elementor-element-populated\">\n\t\t\t\t\t\t<div class=\"elementor-element elementor-element-7c776fdf elementor-widget elementor-widget-spacer\" data-id=\"7c776fdf\" data-element_type=\"widget\" data-e-type=\"widget\" data-widget_type=\"spacer.default\">\n\t\t\t\t<div class=\"elementor-widget-container\">\n\t\t\t\t\t\t\t<div class=\"elementor-spacer\">\n\t\t\t<div class=\"elementor-spacer-inner\"><\/div>\n\t\t<\/div>\n\t\t\t\t\t\t<\/div>\n\t\t\t\t<\/div>\n\t\t\t\t\t<\/div>\n\t\t<\/div>\n\t\t\t\t\t<\/div>\n\t\t<\/section>\n\t\t\t\t<\/div>\n\t\t","protected":false},"excerpt":{"rendered":"<p>F\u0103r\u0103 conservan\u021bi Ambalaje din aluminiu, reciclabile la nesf\u00e2r\u0219it, prietenoase cu mediul \u00eenconjur\u0103tor \u00cencearc\u0103 b\u0103utura noastr\u0103 r\u0103coritoare carbogazoas\u0103 cu arom\u0103 de cola, special formulat\u0103, f\u0103r\u0103 conservan\u021bi. La crearea acestei re\u021bete speciale, am asigurat nu numai c\u0103 rezultatul este r\u0103coritor \u0219i dulce, dar \u0219i s\u0103 fie suficient de carbogazos. XIXO Cola ofer\u0103 armonia perfect\u0103 a acestor calit\u0103\u021bi, [&hellip;]<\/p>\n","protected":false},"author":1,"featured_media":0,"parent":4643,"menu_order":0,"comment_status":"closed","ping_status":"closed","template":"elementor_header_footer","meta":{"footnotes":""},"class_list":["post-4988","page","type-page","status-publish","hentry"],"_links":{"self":[{"href":"https:\/\/xixodrinks.com\/ro\/wp-json\/wp\/v2\/pages\/4988","targetHints":{"allow":["GET"]}}],"collection":[{"href":"https:\/\/xixodrinks.com\/ro\/wp-json\/wp\/v2\/pages"}],"about":[{"href":"https:\/\/xixodrinks.com\/ro\/wp-json\/wp\/v2\/types\/page"}],"author":[{"embeddable":true,"href":"https:\/\/xixodrinks.com\/ro\/wp-json\/wp\/v2\/users\/1"}],"replies":[{"embeddable":true,"href":"https:\/\/xixodrinks.com\/ro\/wp-json\/wp\/v2\/comments?post=4988"}],"version-history":[{"count":4,"href":"https:\/\/xixodrinks.com\/ro\/wp-json\/wp\/v2\/pages\/4988\/revisions"}],"predecessor-version":[{"id":5741,"href":"https:\/\/xixodrinks.com\/ro\/wp-json\/wp\/v2\/pages\/4988\/revisions\/5741"}],"up":[{"embeddable":true,"href":"https:\/\/xixodrinks.com\/ro\/wp-json\/wp\/v2\/pages\/4643"}],"wp:attachment":[{"href":"https:\/\/xixodrinks.com\/ro\/wp-json\/wp\/v2\/media?parent=4988"}],"curies":[{"name":"wp","href":"https:\/\/api.w.org\/{rel}","templated":true}]}}