{"id":4992,"date":"2024-03-31T11:01:52","date_gmt":"2024-03-31T09:01:52","guid":{"rendered":"https:\/\/xixodrinks.com\/produse\/csd\/xixo-cola-zero\/"},"modified":"2024-04-04T12:01:21","modified_gmt":"2024-04-04T10:01:21","slug":"xixo-cola-zero","status":"publish","type":"page","link":"https:\/\/xixodrinks.com\/ro\/produse\/csd\/xixo-cola-zero\/","title":{"rendered":"XIXO COLA ZERO"},"content":{"rendered":"\t\t<div data-elementor-type=\"wp-page\" data-elementor-id=\"4992\" class=\"elementor elementor-4992 elementor-4303\" data-elementor-post-type=\"page\">\n\t\t\t\t\t\t<section class=\"elementor-section elementor-top-section elementor-element elementor-element-43bb2883 elementor-section-boxed elementor-section-height-default elementor-section-height-default\" data-id=\"43bb2883\" data-element_type=\"section\" data-e-type=\"section\">\n\t\t\t\t\t\t<div class=\"elementor-container elementor-column-gap-default\">\n\t\t\t\t\t<div class=\"elementor-column elementor-col-100 elementor-top-column elementor-element elementor-element-1c6ed662\" data-id=\"1c6ed662\" data-element_type=\"column\" data-e-type=\"column\">\n\t\t\t<div class=\"elementor-widget-wrap elementor-element-populated\">\n\t\t\t\t\t\t<div class=\"elementor-element elementor-element-5d7ea516 elementor-widget elementor-widget-spacer\" data-id=\"5d7ea516\" data-element_type=\"widget\" data-e-type=\"widget\" data-widget_type=\"spacer.default\">\n\t\t\t\t<div class=\"elementor-widget-container\">\n\t\t\t\t\t\t\t<div class=\"elementor-spacer\">\n\t\t\t<div class=\"elementor-spacer-inner\"><\/div>\n\t\t<\/div>\n\t\t\t\t\t\t<\/div>\n\t\t\t\t<\/div>\n\t\t\t\t\t<\/div>\n\t\t<\/div>\n\t\t\t\t\t<\/div>\n\t\t<\/section>\n\t\t\t\t<section class=\"elementor-section elementor-top-section elementor-element elementor-element-be4bfec elementor-section-boxed elementor-section-height-default elementor-section-height-default\" data-id=\"be4bfec\" data-element_type=\"section\" data-e-type=\"section\">\n\t\t\t\t\t\t<div class=\"elementor-container elementor-column-gap-default\">\n\t\t\t\t\t<div class=\"elementor-column elementor-col-50 elementor-top-column elementor-element elementor-element-3eaebe99\" data-id=\"3eaebe99\" data-element_type=\"column\" data-e-type=\"column\">\n\t\t\t<div class=\"elementor-widget-wrap elementor-element-populated\">\n\t\t\t\t\t\t<div class=\"elementor-element elementor-element-6a63a554 elementor-widget elementor-widget-text-editor\" data-id=\"6a63a554\" data-element_type=\"widget\" data-e-type=\"widget\" data-widget_type=\"text-editor.default\">\n\t\t\t\t<div class=\"elementor-widget-container\">\n\t\t\t\t\t\t\t\t\t<ul>\n<li><strong>F\u0103r\u0103 aspartam<\/strong><\/li>\n<li><strong>F\u0103r\u0103 conservan\u021bi<\/strong><\/li>\n<li><strong>Ambalaje din aluminiu, reciclabile la nesf\u00e2r\u0219it, prietenoase cu mediul \u00eenconjur\u0103tor<\/strong><\/li>\n<\/ul>\n\t\t\t\t\t\t\t\t<\/div>\n\t\t\t\t<\/div>\n\t\t\t\t<div class=\"elementor-element elementor-element-47f5a11b elementor-widget elementor-widget-text-editor\" data-id=\"47f5a11b\" data-element_type=\"widget\" data-e-type=\"widget\" data-widget_type=\"text-editor.default\">\n\t\t\t\t<div class=\"elementor-widget-container\">\n\t\t\t\t\t\t\t\t\t<p>Acela\u0219i gust XIXO Cola, zero zah\u0103r. Asta v\u0103 ofer\u0103 XIXO Cola Zero. XIXO Cola Zero, care este natural f\u0103r\u0103 zah\u0103r, se caracterizeaz\u0103 printr-o armonie perfect\u0103 \u0219i o re\u021bet\u0103 special\u0103. Ambalat\u0103 \u00een doze de aluminiu, este 100% reciclabil\u0103 \u0219i reutilizabil\u0103 la infinit, deoarece trebuie s\u0103 avem grij\u0103 \u0219i de mediul \u00eenconjur\u0103tor. Iar aroma minunat\u0103 de cola nu este doar r\u0103coritoare, ci are \u0219i o efervescen\u021b\u0103 pl\u0103cut\u0103. XIXO Cola Zero este preparat\u0103 f\u0103r\u0103 stevia sau conservan\u021bi \u0219i nu con\u021bine nici aspartam. Aromele de baz\u0103 de citrice, vanilie \u0219i scor\u021bi\u0219oar\u0103 se reg\u0103sesc \u00een diferite cantit\u0103\u021bi \u00een XIXO Cola Zero; acestea sunt binecunoscutele elemente aromatice care caracterizeaz\u0103 o b\u0103utur\u0103 cola. Abia apoi sim\u021bim gustul dulce al XIXO, care completeaz\u0103 experien\u021ba cola. Alege-o l\u00e2ng\u0103 pr\u00e2nz sau cin\u0103 \u0219i tr\u0103ie\u0219te senza\u021bia XIXO dac\u0103 e\u0219ti \u00een c\u0103utarea a ceva special.<\/p>\n\t\t\t\t\t\t\t\t<\/div>\n\t\t\t\t<\/div>\n\t\t\t\t\t<\/div>\n\t\t<\/div>\n\t\t\t\t<div class=\"elementor-column elementor-col-50 elementor-top-column elementor-element elementor-element-19d994a9\" data-id=\"19d994a9\" data-element_type=\"column\" data-e-type=\"column\">\n\t\t\t<div class=\"elementor-widget-wrap elementor-element-populated\">\n\t\t\t\t\t\t<div class=\"elementor-element elementor-element-57ce236 animated-slow elementor-invisible elementor-widget elementor-widget-image\" data-id=\"57ce236\" data-element_type=\"widget\" data-e-type=\"widget\" data-settings=\"{&quot;_animation&quot;:&quot;fadeIn&quot;}\" data-widget_type=\"image.default\">\n\t\t\t\t<div class=\"elementor-widget-container\">\n\t\t\t\t\t\t\t\t\t\t\t\t\t\t\t<img decoding=\"async\" src=\"https:\/\/xixodrinks.com\/wp-content\/uploads\/elementor\/thumbs\/XIXO_COLA_ZERO_2023_HU_02-1-rezimeen7v9szzwmpm10cw6bki7fvqgosujqgdsdfk.png\" title=\"XIXO_COLA_ZERO_2023_HU_02 (1)\" alt=\"XIXO_COLA_ZERO_2023_HU_02 (1)\" loading=\"lazy\" \/>\t\t\t\t\t\t\t\t\t\t\t\t\t\t\t<\/div>\n\t\t\t\t<\/div>\n\t\t\t\t\t<\/div>\n\t\t<\/div>\n\t\t\t\t\t<\/div>\n\t\t<\/section>\n\t\t\t\t<section class=\"elementor-section elementor-top-section elementor-element elementor-element-1ef354e0 elementor-section-boxed elementor-section-height-default elementor-section-height-default\" data-id=\"1ef354e0\" data-element_type=\"section\" data-e-type=\"section\">\n\t\t\t\t\t\t<div class=\"elementor-container elementor-column-gap-default\">\n\t\t\t\t\t<div class=\"elementor-column elementor-col-100 elementor-top-column elementor-element elementor-element-49488217\" data-id=\"49488217\" data-element_type=\"column\" data-e-type=\"column\">\n\t\t\t<div class=\"elementor-widget-wrap elementor-element-populated\">\n\t\t\t\t\t\t<div class=\"elementor-element elementor-element-56abf6e4 elementor-widget elementor-widget-spacer\" data-id=\"56abf6e4\" data-element_type=\"widget\" data-e-type=\"widget\" data-widget_type=\"spacer.default\">\n\t\t\t\t<div class=\"elementor-widget-container\">\n\t\t\t\t\t\t\t<div class=\"elementor-spacer\">\n\t\t\t<div class=\"elementor-spacer-inner\"><\/div>\n\t\t<\/div>\n\t\t\t\t\t\t<\/div>\n\t\t\t\t<\/div>\n\t\t\t\t\t<\/div>\n\t\t<\/div>\n\t\t\t\t\t<\/div>\n\t\t<\/section>\n\t\t\t\t<\/div>\n\t\t","protected":false},"excerpt":{"rendered":"<p>F\u0103r\u0103 aspartam F\u0103r\u0103 conservan\u021bi Ambalaje din aluminiu, reciclabile la nesf\u00e2r\u0219it, prietenoase cu mediul \u00eenconjur\u0103tor Acela\u0219i gust XIXO Cola, zero zah\u0103r. Asta v\u0103 ofer\u0103 XIXO Cola Zero. XIXO Cola Zero, care este natural f\u0103r\u0103 zah\u0103r, se caracterizeaz\u0103 printr-o armonie perfect\u0103 \u0219i o re\u021bet\u0103 special\u0103. Ambalat\u0103 \u00een doze de aluminiu, este 100% reciclabil\u0103 \u0219i reutilizabil\u0103 la infinit, [&hellip;]<\/p>\n","protected":false},"author":1,"featured_media":0,"parent":4643,"menu_order":0,"comment_status":"closed","ping_status":"closed","template":"elementor_header_footer","meta":{"footnotes":""},"class_list":["post-4992","page","type-page","status-publish","hentry"],"_links":{"self":[{"href":"https:\/\/xixodrinks.com\/ro\/wp-json\/wp\/v2\/pages\/4992","targetHints":{"allow":["GET"]}}],"collection":[{"href":"https:\/\/xixodrinks.com\/ro\/wp-json\/wp\/v2\/pages"}],"about":[{"href":"https:\/\/xixodrinks.com\/ro\/wp-json\/wp\/v2\/types\/page"}],"author":[{"embeddable":true,"href":"https:\/\/xixodrinks.com\/ro\/wp-json\/wp\/v2\/users\/1"}],"replies":[{"embeddable":true,"href":"https:\/\/xixodrinks.com\/ro\/wp-json\/wp\/v2\/comments?post=4992"}],"version-history":[{"count":2,"href":"https:\/\/xixodrinks.com\/ro\/wp-json\/wp\/v2\/pages\/4992\/revisions"}],"predecessor-version":[{"id":5756,"href":"https:\/\/xixodrinks.com\/ro\/wp-json\/wp\/v2\/pages\/4992\/revisions\/5756"}],"up":[{"embeddable":true,"href":"https:\/\/xixodrinks.com\/ro\/wp-json\/wp\/v2\/pages\/4643"}],"wp:attachment":[{"href":"https:\/\/xixodrinks.com\/ro\/wp-json\/wp\/v2\/media?parent=4992"}],"curies":[{"name":"wp","href":"https:\/\/api.w.org\/{rel}","templated":true}]}}