{"id":4994,"date":"2024-03-31T11:00:25","date_gmt":"2024-03-31T09:00:25","guid":{"rendered":"https:\/\/xixodrinks.com\/produse\/csd\/xixo-tutti-fruity\/"},"modified":"2024-05-28T12:49:13","modified_gmt":"2024-05-28T10:49:13","slug":"xixo-tutti-fruity","status":"publish","type":"page","link":"https:\/\/xixodrinks.com\/ro\/produse\/csd\/xixo-tutti-fruity\/","title":{"rendered":"XIXO TUTTI FRUITY"},"content":{"rendered":"\t\t<div data-elementor-type=\"wp-page\" data-elementor-id=\"4994\" class=\"elementor elementor-4994 elementor-4297\" data-elementor-post-type=\"page\">\n\t\t\t\t\t\t<section class=\"elementor-section elementor-top-section elementor-element elementor-element-15d953c9 elementor-section-boxed elementor-section-height-default elementor-section-height-default\" data-id=\"15d953c9\" data-element_type=\"section\" data-e-type=\"section\">\n\t\t\t\t\t\t<div class=\"elementor-container elementor-column-gap-default\">\n\t\t\t\t\t<div class=\"elementor-column elementor-col-100 elementor-top-column elementor-element elementor-element-5c316a4f\" data-id=\"5c316a4f\" data-element_type=\"column\" data-e-type=\"column\">\n\t\t\t<div class=\"elementor-widget-wrap elementor-element-populated\">\n\t\t\t\t\t\t<div class=\"elementor-element elementor-element-6fb027fe elementor-widget elementor-widget-spacer\" data-id=\"6fb027fe\" data-element_type=\"widget\" data-e-type=\"widget\" data-widget_type=\"spacer.default\">\n\t\t\t\t<div class=\"elementor-widget-container\">\n\t\t\t\t\t\t\t<div class=\"elementor-spacer\">\n\t\t\t<div class=\"elementor-spacer-inner\"><\/div>\n\t\t<\/div>\n\t\t\t\t\t\t<\/div>\n\t\t\t\t<\/div>\n\t\t\t\t\t<\/div>\n\t\t<\/div>\n\t\t\t\t\t<\/div>\n\t\t<\/section>\n\t\t\t\t<section class=\"elementor-section elementor-top-section elementor-element elementor-element-6e187278 elementor-section-boxed elementor-section-height-default elementor-section-height-default\" data-id=\"6e187278\" data-element_type=\"section\" data-e-type=\"section\">\n\t\t\t\t\t\t<div class=\"elementor-container elementor-column-gap-default\">\n\t\t\t\t\t<div class=\"elementor-column elementor-col-50 elementor-top-column elementor-element elementor-element-22bbc000\" data-id=\"22bbc000\" data-element_type=\"column\" data-e-type=\"column\">\n\t\t\t<div class=\"elementor-widget-wrap elementor-element-populated\">\n\t\t\t\t\t\t<div class=\"elementor-element elementor-element-19973ac elementor-widget elementor-widget-text-editor\" data-id=\"19973ac\" data-element_type=\"widget\" data-e-type=\"widget\" data-widget_type=\"text-editor.default\">\n\t\t\t\t<div class=\"elementor-widget-container\">\n\t\t\t\t\t\t\t\t\t<ul>\n<li><strong>F\u0103r\u0103 cofein\u0103<\/strong><\/li>\n<li><strong>Cu vitamine B2, B3, B5, B6, B12 \u0219i C<\/strong><\/li>\n<li><strong>F\u0103r\u0103 conservan\u021bi<\/strong><\/li>\n<li><strong>F\u0103r\u0103 aspartam<\/strong><\/li>\n<\/ul>\n\t\t\t\t\t\t\t\t<\/div>\n\t\t\t\t<\/div>\n\t\t\t\t<div class=\"elementor-element elementor-element-7d8ef0de elementor-widget elementor-widget-text-editor\" data-id=\"7d8ef0de\" data-element_type=\"widget\" data-e-type=\"widget\" data-widget_type=\"text-editor.default\">\n\t\t\t\t<div class=\"elementor-widget-container\">\n\t\t\t\t\t\t\t\t\t<p class=\"MsoNormal\"><span lang=\"EN-GB\">XIXO Tutti\nFruity cu arom\u0103 de tutti frutti nu con\u021bine cofein<\/span><span lang=\"RO\">\u0103 \u0219i<\/span><span lang=\"RO\"> <\/span><span lang=\"EN-GB\">este \u00eembog\u0103\u021bit\u0103\ncu vitaminele B2, B3, B5, B6, B12 \u0219i C. Toate acestea \u00een ambalajul obi\u0219nuit\necologic, acum doar \u00een doze de aluminiu.&nbsp;<o:p><\/o:p><\/span><\/p>\t\t\t\t\t\t\t\t<\/div>\n\t\t\t\t<\/div>\n\t\t\t\t\t<\/div>\n\t\t<\/div>\n\t\t\t\t<div class=\"elementor-column elementor-col-50 elementor-top-column elementor-element elementor-element-64028666\" data-id=\"64028666\" data-element_type=\"column\" data-e-type=\"column\">\n\t\t\t<div class=\"elementor-widget-wrap elementor-element-populated\">\n\t\t\t\t\t\t<div class=\"elementor-element elementor-element-7f61d47c animated-slow elementor-invisible elementor-widget elementor-widget-image\" data-id=\"7f61d47c\" data-element_type=\"widget\" data-e-type=\"widget\" data-settings=\"{&quot;_animation&quot;:&quot;fadeIn&quot;}\" data-widget_type=\"image.default\">\n\t\t\t\t<div class=\"elementor-widget-container\">\n\t\t\t\t\t\t\t\t\t\t\t\t\t\t\t<img decoding=\"async\" src=\"https:\/\/xixodrinks.com\/wp-content\/uploads\/elementor\/thumbs\/XIXO_TuttiFruity_can-rezim8rm2v232c4tmjl8xxlk06z8ljuas2mtkq0qgw.png\" title=\"XIXO_TuttiFruity_can\" alt=\"XIXO_TuttiFruity_can\" loading=\"lazy\" \/>\t\t\t\t\t\t\t\t\t\t\t\t\t\t\t<\/div>\n\t\t\t\t<\/div>\n\t\t\t\t\t<\/div>\n\t\t<\/div>\n\t\t\t\t\t<\/div>\n\t\t<\/section>\n\t\t\t\t<section class=\"elementor-section elementor-top-section elementor-element elementor-element-6efbef8 elementor-section-boxed elementor-section-height-default elementor-section-height-default\" data-id=\"6efbef8\" data-element_type=\"section\" data-e-type=\"section\">\n\t\t\t\t\t\t<div class=\"elementor-container elementor-column-gap-default\">\n\t\t\t\t\t<div class=\"elementor-column elementor-col-100 elementor-top-column elementor-element elementor-element-da177e9\" data-id=\"da177e9\" data-element_type=\"column\" data-e-type=\"column\">\n\t\t\t<div class=\"elementor-widget-wrap elementor-element-populated\">\n\t\t\t\t\t\t<div class=\"elementor-element elementor-element-3b336a90 elementor-widget elementor-widget-spacer\" data-id=\"3b336a90\" data-element_type=\"widget\" data-e-type=\"widget\" data-widget_type=\"spacer.default\">\n\t\t\t\t<div class=\"elementor-widget-container\">\n\t\t\t\t\t\t\t<div class=\"elementor-spacer\">\n\t\t\t<div class=\"elementor-spacer-inner\"><\/div>\n\t\t<\/div>\n\t\t\t\t\t\t<\/div>\n\t\t\t\t<\/div>\n\t\t\t\t\t<\/div>\n\t\t<\/div>\n\t\t\t\t\t<\/div>\n\t\t<\/section>\n\t\t\t\t<\/div>\n\t\t","protected":false},"excerpt":{"rendered":"<p>F\u0103r\u0103 cofein\u0103 Cu vitamine B2, B3, B5, B6, B12 \u0219i C F\u0103r\u0103 conservan\u021bi F\u0103r\u0103 aspartam XIXO Tutti Fruity cu arom\u0103 de tutti frutti nu con\u021bine cofein\u0103 \u0219i este \u00eembog\u0103\u021bit\u0103 cu vitaminele B2, B3, B5, B6, B12 \u0219i C. Toate acestea \u00een ambalajul obi\u0219nuit ecologic, acum doar \u00een doze de aluminiu.&nbsp;<\/p>\n","protected":false},"author":1,"featured_media":0,"parent":4643,"menu_order":0,"comment_status":"closed","ping_status":"closed","template":"elementor_header_footer","meta":{"footnotes":""},"class_list":["post-4994","page","type-page","status-publish","hentry"],"_links":{"self":[{"href":"https:\/\/xixodrinks.com\/ro\/wp-json\/wp\/v2\/pages\/4994","targetHints":{"allow":["GET"]}}],"collection":[{"href":"https:\/\/xixodrinks.com\/ro\/wp-json\/wp\/v2\/pages"}],"about":[{"href":"https:\/\/xixodrinks.com\/ro\/wp-json\/wp\/v2\/types\/page"}],"author":[{"embeddable":true,"href":"https:\/\/xixodrinks.com\/ro\/wp-json\/wp\/v2\/users\/1"}],"replies":[{"embeddable":true,"href":"https:\/\/xixodrinks.com\/ro\/wp-json\/wp\/v2\/comments?post=4994"}],"version-history":[{"count":6,"href":"https:\/\/xixodrinks.com\/ro\/wp-json\/wp\/v2\/pages\/4994\/revisions"}],"predecessor-version":[{"id":6616,"href":"https:\/\/xixodrinks.com\/ro\/wp-json\/wp\/v2\/pages\/4994\/revisions\/6616"}],"up":[{"embeddable":true,"href":"https:\/\/xixodrinks.com\/ro\/wp-json\/wp\/v2\/pages\/4643"}],"wp:attachment":[{"href":"https:\/\/xixodrinks.com\/ro\/wp-json\/wp\/v2\/media?parent=4994"}],"curies":[{"name":"wp","href":"https:\/\/api.w.org\/{rel}","templated":true}]}}