{"id":4998,"date":"2024-03-31T10:59:17","date_gmt":"2024-03-31T08:59:17","guid":{"rendered":"https:\/\/xixodrinks.com\/produse\/csd\/xixo-tutti-fruity-apple\/"},"modified":"2024-05-28T12:49:36","modified_gmt":"2024-05-28T10:49:36","slug":"xixo-tutti-fruity-apple","status":"publish","type":"page","link":"https:\/\/xixodrinks.com\/ro\/produse\/csd\/xixo-tutti-fruity-apple\/","title":{"rendered":"XIXO TUTTI FRUITY APPLE"},"content":{"rendered":"\t\t<div data-elementor-type=\"wp-page\" data-elementor-id=\"4998\" class=\"elementor elementor-4998 elementor-4291\" data-elementor-post-type=\"page\">\n\t\t\t\t\t\t<section class=\"elementor-section elementor-top-section elementor-element elementor-element-11f4f267 elementor-section-boxed elementor-section-height-default elementor-section-height-default\" data-id=\"11f4f267\" data-element_type=\"section\" data-e-type=\"section\">\n\t\t\t\t\t\t<div class=\"elementor-container elementor-column-gap-default\">\n\t\t\t\t\t<div class=\"elementor-column elementor-col-100 elementor-top-column elementor-element elementor-element-3d6b49f3\" data-id=\"3d6b49f3\" data-element_type=\"column\" data-e-type=\"column\">\n\t\t\t<div class=\"elementor-widget-wrap elementor-element-populated\">\n\t\t\t\t\t\t<div class=\"elementor-element elementor-element-81b5702 elementor-widget elementor-widget-spacer\" data-id=\"81b5702\" data-element_type=\"widget\" data-e-type=\"widget\" data-widget_type=\"spacer.default\">\n\t\t\t\t<div class=\"elementor-widget-container\">\n\t\t\t\t\t\t\t<div class=\"elementor-spacer\">\n\t\t\t<div class=\"elementor-spacer-inner\"><\/div>\n\t\t<\/div>\n\t\t\t\t\t\t<\/div>\n\t\t\t\t<\/div>\n\t\t\t\t\t<\/div>\n\t\t<\/div>\n\t\t\t\t\t<\/div>\n\t\t<\/section>\n\t\t\t\t<section class=\"elementor-section elementor-top-section elementor-element elementor-element-714d8cb0 elementor-section-boxed elementor-section-height-default elementor-section-height-default\" data-id=\"714d8cb0\" data-element_type=\"section\" data-e-type=\"section\">\n\t\t\t\t\t\t<div class=\"elementor-container elementor-column-gap-default\">\n\t\t\t\t\t<div class=\"elementor-column elementor-col-50 elementor-top-column elementor-element elementor-element-6623c0d8\" data-id=\"6623c0d8\" data-element_type=\"column\" data-e-type=\"column\">\n\t\t\t<div class=\"elementor-widget-wrap elementor-element-populated\">\n\t\t\t\t\t\t<div class=\"elementor-element elementor-element-6466a5a0 elementor-widget elementor-widget-text-editor\" data-id=\"6466a5a0\" data-element_type=\"widget\" data-e-type=\"widget\" data-widget_type=\"text-editor.default\">\n\t\t\t\t<div class=\"elementor-widget-container\">\n\t\t\t\t\t\t\t\t\t<ul>\n<li><strong>F\u0103r\u0103 cofein\u0103<\/strong><\/li>\n<li><strong>Cu vitamine B2, B3, B5, B6, B12 \u0219i C<\/strong><\/li>\n<li><strong>F\u0103r\u0103 conservan\u021bi<\/strong><\/li>\n<li><strong>F\u0103r\u0103 aspartam<\/strong><\/li>\n<\/ul>\n\t\t\t\t\t\t\t\t<\/div>\n\t\t\t\t<\/div>\n\t\t\t\t<div class=\"elementor-element elementor-element-57cfae0a elementor-widget elementor-widget-text-editor\" data-id=\"57cfae0a\" data-element_type=\"widget\" data-e-type=\"widget\" data-widget_type=\"text-editor.default\">\n\t\t\t\t<div class=\"elementor-widget-container\">\n\t\t\t\t\t\t\t\t\t<p class=\"MsoNormal\"><span lang=\"EN-GB\">XIXO Tutti\nFruity Apple este cel mai nou \u0219i mai inovator produs XIXO, acum cu o arom\u0103\nspecial\u0103 de mere \u0219i tutti frutti. Aceast\u0103 b\u0103utur\u0103 r\u0103coritoare nu con\u021bine\ncofein\u0103, este \u00eembog\u0103\u021bit\u0103 cu vitaminele B2, B3, B5, B6, B12 \u0219i C. Toate acestea \u00een\nambalajul ecologic obi\u0219nuit, exclusiv \u00een doze de aluminiu.<o:p><\/o:p><\/span><\/p>\t\t\t\t\t\t\t\t<\/div>\n\t\t\t\t<\/div>\n\t\t\t\t\t<\/div>\n\t\t<\/div>\n\t\t\t\t<div class=\"elementor-column elementor-col-50 elementor-top-column elementor-element elementor-element-37b8b46a\" data-id=\"37b8b46a\" data-element_type=\"column\" data-e-type=\"column\">\n\t\t\t<div class=\"elementor-widget-wrap elementor-element-populated\">\n\t\t\t\t\t\t<div class=\"elementor-element elementor-element-2178974d animated-slow elementor-invisible elementor-widget elementor-widget-image\" data-id=\"2178974d\" data-element_type=\"widget\" data-e-type=\"widget\" data-settings=\"{&quot;_animation&quot;:&quot;fadeIn&quot;}\" data-widget_type=\"image.default\">\n\t\t\t\t<div class=\"elementor-widget-container\">\n\t\t\t\t\t\t\t\t\t\t\t\t\t\t\t<img decoding=\"async\" src=\"https:\/\/xixodrinks.com\/wp-content\/uploads\/elementor\/thumbs\/XIXO_TuttiFruity_Alma_HU_packshot_02-1-rezim8rm2v232c4tmjl8xxlk06z8ljuas2mtkq0qgw.png\" title=\"XIXO_TuttiFruity_Alma_HU_packshot_02 (1)\" alt=\"XIXO_TuttiFruity_Alma_HU_packshot_02 (1)\" loading=\"lazy\" \/>\t\t\t\t\t\t\t\t\t\t\t\t\t\t\t<\/div>\n\t\t\t\t<\/div>\n\t\t\t\t\t<\/div>\n\t\t<\/div>\n\t\t\t\t\t<\/div>\n\t\t<\/section>\n\t\t\t\t<section class=\"elementor-section elementor-top-section elementor-element elementor-element-91d14ba elementor-section-boxed elementor-section-height-default elementor-section-height-default\" data-id=\"91d14ba\" data-element_type=\"section\" data-e-type=\"section\">\n\t\t\t\t\t\t<div class=\"elementor-container elementor-column-gap-default\">\n\t\t\t\t\t<div class=\"elementor-column elementor-col-100 elementor-top-column elementor-element elementor-element-13b851a3\" data-id=\"13b851a3\" data-element_type=\"column\" data-e-type=\"column\">\n\t\t\t<div class=\"elementor-widget-wrap elementor-element-populated\">\n\t\t\t\t\t\t<div class=\"elementor-element elementor-element-2a9cf0a2 elementor-widget elementor-widget-spacer\" data-id=\"2a9cf0a2\" data-element_type=\"widget\" data-e-type=\"widget\" data-widget_type=\"spacer.default\">\n\t\t\t\t<div class=\"elementor-widget-container\">\n\t\t\t\t\t\t\t<div class=\"elementor-spacer\">\n\t\t\t<div class=\"elementor-spacer-inner\"><\/div>\n\t\t<\/div>\n\t\t\t\t\t\t<\/div>\n\t\t\t\t<\/div>\n\t\t\t\t\t<\/div>\n\t\t<\/div>\n\t\t\t\t\t<\/div>\n\t\t<\/section>\n\t\t\t\t<\/div>\n\t\t","protected":false},"excerpt":{"rendered":"<p>F\u0103r\u0103 cofein\u0103 Cu vitamine B2, B3, B5, B6, B12 \u0219i C F\u0103r\u0103 conservan\u021bi F\u0103r\u0103 aspartam XIXO Tutti Fruity Apple este cel mai nou \u0219i mai inovator produs XIXO, acum cu o arom\u0103 special\u0103 de mere \u0219i tutti frutti. Aceast\u0103 b\u0103utur\u0103 r\u0103coritoare nu con\u021bine cofein\u0103, este \u00eembog\u0103\u021bit\u0103 cu vitaminele B2, B3, B5, B6, B12 \u0219i C. [&hellip;]<\/p>\n","protected":false},"author":1,"featured_media":0,"parent":4643,"menu_order":0,"comment_status":"closed","ping_status":"closed","template":"elementor_header_footer","meta":{"footnotes":""},"class_list":["post-4998","page","type-page","status-publish","hentry"],"_links":{"self":[{"href":"https:\/\/xixodrinks.com\/ro\/wp-json\/wp\/v2\/pages\/4998","targetHints":{"allow":["GET"]}}],"collection":[{"href":"https:\/\/xixodrinks.com\/ro\/wp-json\/wp\/v2\/pages"}],"about":[{"href":"https:\/\/xixodrinks.com\/ro\/wp-json\/wp\/v2\/types\/page"}],"author":[{"embeddable":true,"href":"https:\/\/xixodrinks.com\/ro\/wp-json\/wp\/v2\/users\/1"}],"replies":[{"embeddable":true,"href":"https:\/\/xixodrinks.com\/ro\/wp-json\/wp\/v2\/comments?post=4998"}],"version-history":[{"count":6,"href":"https:\/\/xixodrinks.com\/ro\/wp-json\/wp\/v2\/pages\/4998\/revisions"}],"predecessor-version":[{"id":6619,"href":"https:\/\/xixodrinks.com\/ro\/wp-json\/wp\/v2\/pages\/4998\/revisions\/6619"}],"up":[{"embeddable":true,"href":"https:\/\/xixodrinks.com\/ro\/wp-json\/wp\/v2\/pages\/4643"}],"wp:attachment":[{"href":"https:\/\/xixodrinks.com\/ro\/wp-json\/wp\/v2\/media?parent=4998"}],"curies":[{"name":"wp","href":"https:\/\/api.w.org\/{rel}","templated":true}]}}