{"id":5122,"date":"2024-03-31T09:49:51","date_gmt":"2024-03-31T07:49:51","guid":{"rendered":"https:\/\/xixodrinks.com\/xixo\/"},"modified":"2024-04-05T09:34:11","modified_gmt":"2024-04-05T07:34:11","slug":"despre-noi","status":"publish","type":"page","link":"https:\/\/xixodrinks.com\/ro\/despre-noi\/","title":{"rendered":"Despre noi"},"content":{"rendered":"\t\t<div data-elementor-type=\"wp-page\" data-elementor-id=\"5122\" class=\"elementor elementor-5122 elementor-4024\" data-elementor-post-type=\"page\">\n\t\t\t\t\t\t<section class=\"elementor-section elementor-top-section elementor-element elementor-element-6040fca0 elementor-section-full_width elementor-section-stretched elementor-section-height-default elementor-section-height-default\" data-id=\"6040fca0\" data-element_type=\"section\" data-e-type=\"section\" data-settings=\"{&quot;stretch_section&quot;:&quot;section-stretched&quot;}\">\n\t\t\t\t\t\t<div class=\"elementor-container elementor-column-gap-no\">\n\t\t\t\t\t<div class=\"elementor-column elementor-col-100 elementor-top-column elementor-element elementor-element-fb6b441\" data-id=\"fb6b441\" data-element_type=\"column\" data-e-type=\"column\">\n\t\t\t<div class=\"elementor-widget-wrap elementor-element-populated\">\n\t\t\t\t\t\t<div class=\"elementor-element elementor-element-32bf4a29 elementor-widget elementor-widget-image\" data-id=\"32bf4a29\" data-element_type=\"widget\" data-e-type=\"widget\" data-widget_type=\"image.default\">\n\t\t\t\t<div class=\"elementor-widget-container\">\n\t\t\t\t\t\t\t\t\t\t\t\t\t\t\t<img fetchpriority=\"high\" decoding=\"async\" width=\"2560\" height=\"500\" src=\"https:\/\/xixodrinks.com\/wp-content\/uploads\/2022\/05\/Xixo_Web_2560x500_gyartosor.jpg\" class=\"attachment-full size-full wp-image-2749\" alt=\"\" srcset=\"https:\/\/xixodrinks.com\/wp-content\/uploads\/2022\/05\/Xixo_Web_2560x500_gyartosor.jpg 2560w, https:\/\/xixodrinks.com\/wp-content\/uploads\/2022\/05\/Xixo_Web_2560x500_gyartosor-300x59.jpg 300w, https:\/\/xixodrinks.com\/wp-content\/uploads\/2022\/05\/Xixo_Web_2560x500_gyartosor-1024x200.jpg 1024w, https:\/\/xixodrinks.com\/wp-content\/uploads\/2022\/05\/Xixo_Web_2560x500_gyartosor-768x150.jpg 768w, https:\/\/xixodrinks.com\/wp-content\/uploads\/2022\/05\/Xixo_Web_2560x500_gyartosor-1536x300.jpg 1536w, https:\/\/xixodrinks.com\/wp-content\/uploads\/2022\/05\/Xixo_Web_2560x500_gyartosor-2048x400.jpg 2048w\" sizes=\"(max-width: 2560px) 100vw, 2560px\" \/>\t\t\t\t\t\t\t\t\t\t\t\t\t\t\t<\/div>\n\t\t\t\t<\/div>\n\t\t\t\t\t<\/div>\n\t\t<\/div>\n\t\t\t\t\t<\/div>\n\t\t<\/section>\n\t\t\t\t<section class=\"elementor-section elementor-top-section elementor-element elementor-element-4695e514 elementor-section-boxed elementor-section-height-default elementor-section-height-default\" data-id=\"4695e514\" data-element_type=\"section\" data-e-type=\"section\">\n\t\t\t\t\t\t<div class=\"elementor-container elementor-column-gap-default\">\n\t\t\t\t\t<div class=\"elementor-column elementor-col-100 elementor-top-column elementor-element elementor-element-43e2d586\" data-id=\"43e2d586\" data-element_type=\"column\" data-e-type=\"column\">\n\t\t\t<div class=\"elementor-widget-wrap elementor-element-populated\">\n\t\t\t\t\t\t<div class=\"elementor-element elementor-element-4a047263 elementor-widget elementor-widget-heading\" data-id=\"4a047263\" data-element_type=\"widget\" data-e-type=\"widget\" data-widget_type=\"heading.default\">\n\t\t\t\t<div class=\"elementor-widget-container\">\n\t\t\t\t\t<h2 class=\"elementor-heading-title elementor-size-default\">Despre noi\n<\/h2>\t\t\t\t<\/div>\n\t\t\t\t<\/div>\n\t\t\t\t\t<\/div>\n\t\t<\/div>\n\t\t\t\t\t<\/div>\n\t\t<\/section>\n\t\t\t\t<section class=\"elementor-section elementor-top-section elementor-element elementor-element-36589613 elementor-section-boxed elementor-section-height-default elementor-section-height-default\" data-id=\"36589613\" data-element_type=\"section\" data-e-type=\"section\">\n\t\t\t\t\t\t<div class=\"elementor-container elementor-column-gap-default\">\n\t\t\t\t\t<div class=\"elementor-column elementor-col-100 elementor-top-column elementor-element elementor-element-9413256\" data-id=\"9413256\" data-element_type=\"column\" data-e-type=\"column\">\n\t\t\t<div class=\"elementor-widget-wrap elementor-element-populated\">\n\t\t\t\t\t\t<div class=\"elementor-element elementor-element-2bbab1c1 elementor-widget elementor-widget-text-editor\" data-id=\"2bbab1c1\" data-element_type=\"widget\" data-e-type=\"widget\" data-widget_type=\"text-editor.default\">\n\t\t\t\t<div class=\"elementor-widget-container\">\n\t\t\t\t\t\t\t\t\t<p>Din 2013, marca XIXO a \u00eembinat tot ceea ce este necesar pentru a crea o experien\u021b\u0103 cu adev\u0103rat unic\u0103 pentru consumatori. Produsele noastre sunt realizate cu ingrediente selectate, de calitate \u0219i cu un accent deosebit pe con\u0219tientizarea s\u0103n\u0103t\u0103\u021bii. Brandul nostru este renumit pentru inova\u021bie, \u00eendr\u0103zneal\u0103, tinere\u021be \u0219i f\u0103r\u0103 a sc\u0103pa din vedere tendin\u021bele curente, iar dezvoltatorii no\u0219tri de produse lucreaz\u0103 constant la crearea unor re\u021bete armonioase cu ingrediente de calitate.<\/p><p>B\u0103uturile noastre carbogazoase sunt fabricate cu stevia \u0219i fructoz\u0103, f\u0103r\u0103 aspartam sau conservan\u021bi. Secretul succesului ceaiurilor noastre cu ghea\u021b\u0103 este varietatea larg\u0103 de arome, pre\u021bul accesibil, extractul natural de ceai \u0219i sucul autentic. Gama noastr\u0103 Tutti-Fruity a explodat \u00een con\u0219tiin\u021ba publicului \u00een 2022 ca o adev\u0103rat\u0103 inova\u021bie \u0219i a devenit rapid una dintre preferatele consumatorilor din Ungaria. B\u0103uturile Tutti-Fruity sunt disponibile \u00eentr-o varietate de arome, decofeinizate natural, cu adaos de vitamine \u0219i f\u0103r\u0103 conservan\u021bi.<\/p><p>Marca XIXO se caracterizeaz\u0103, de asemenea, prin ambalaje ecologice, deoarece produsele noastre sunt fabricate dintr-un procent ridicat de materiale din aluminiu reciclat, care sunt, de asemenea, 100% reciclabile. B\u0103uturile carbogazoase XIXO sunt ambalate exclusiv \u00een cutii de aluminiu, ceea ce \u00eenseamn\u0103, de asemenea, c\u0103 compania noastr\u0103 a eliminat complet ambalajele din flacoane PET \u00een aceast\u0103 gam\u0103 de produse.<\/p>\t\t\t\t\t\t\t\t<\/div>\n\t\t\t\t<\/div>\n\t\t\t\t<div class=\"elementor-element elementor-element-34b8b259 elementor-widget elementor-widget-spacer\" data-id=\"34b8b259\" data-element_type=\"widget\" data-e-type=\"widget\" data-widget_type=\"spacer.default\">\n\t\t\t\t<div class=\"elementor-widget-container\">\n\t\t\t\t\t\t\t<div class=\"elementor-spacer\">\n\t\t\t<div class=\"elementor-spacer-inner\"><\/div>\n\t\t<\/div>\n\t\t\t\t\t\t<\/div>\n\t\t\t\t<\/div>\n\t\t\t\t\t<\/div>\n\t\t<\/div>\n\t\t\t\t\t<\/div>\n\t\t<\/section>\n\t\t\t\t<\/div>\n\t\t","protected":false},"excerpt":{"rendered":"<p>Despre noi Din 2013, marca XIXO a \u00eembinat tot ceea ce este necesar pentru a crea o experien\u021b\u0103 cu adev\u0103rat unic\u0103 pentru consumatori. Produsele noastre sunt realizate cu ingrediente selectate, de calitate \u0219i cu un accent deosebit pe con\u0219tientizarea s\u0103n\u0103t\u0103\u021bii. Brandul nostru este renumit pentru inova\u021bie, \u00eendr\u0103zneal\u0103, tinere\u021be \u0219i f\u0103r\u0103 a sc\u0103pa din vedere tendin\u021bele [&hellip;]<\/p>\n","protected":false},"author":1,"featured_media":0,"parent":0,"menu_order":0,"comment_status":"closed","ping_status":"closed","template":"elementor_header_footer","meta":{"footnotes":""},"class_list":["post-5122","page","type-page","status-publish","hentry"],"_links":{"self":[{"href":"https:\/\/xixodrinks.com\/ro\/wp-json\/wp\/v2\/pages\/5122","targetHints":{"allow":["GET"]}}],"collection":[{"href":"https:\/\/xixodrinks.com\/ro\/wp-json\/wp\/v2\/pages"}],"about":[{"href":"https:\/\/xixodrinks.com\/ro\/wp-json\/wp\/v2\/types\/page"}],"author":[{"embeddable":true,"href":"https:\/\/xixodrinks.com\/ro\/wp-json\/wp\/v2\/users\/1"}],"replies":[{"embeddable":true,"href":"https:\/\/xixodrinks.com\/ro\/wp-json\/wp\/v2\/comments?post=5122"}],"version-history":[{"count":5,"href":"https:\/\/xixodrinks.com\/ro\/wp-json\/wp\/v2\/pages\/5122\/revisions"}],"predecessor-version":[{"id":5926,"href":"https:\/\/xixodrinks.com\/ro\/wp-json\/wp\/v2\/pages\/5122\/revisions\/5926"}],"wp:attachment":[{"href":"https:\/\/xixodrinks.com\/ro\/wp-json\/wp\/v2\/media?parent=5122"}],"curies":[{"name":"wp","href":"https:\/\/api.w.org\/{rel}","templated":true}]}}