{"id":5223,"date":"2024-04-03T19:41:49","date_gmt":"2024-04-03T17:41:49","guid":{"rendered":"https:\/\/xixodrinks.com\/sustenabilitate\/"},"modified":"2024-05-08T11:28:57","modified_gmt":"2024-05-08T09:28:57","slug":"sustenabilitate","status":"publish","type":"page","link":"https:\/\/xixodrinks.com\/ro\/sustenabilitate\/","title":{"rendered":"Sustenabilitate"},"content":{"rendered":"\t\t<div data-elementor-type=\"wp-page\" data-elementor-id=\"5223\" class=\"elementor elementor-5223 elementor-5177\" data-elementor-post-type=\"page\">\n\t\t\t\t\t\t<section class=\"elementor-section elementor-top-section elementor-element elementor-element-2747cc6 elementor-section-boxed elementor-section-height-default elementor-section-height-default\" data-id=\"2747cc6\" data-element_type=\"section\" data-e-type=\"section\">\n\t\t\t\t\t\t<div class=\"elementor-container elementor-column-gap-default\">\n\t\t\t\t\t<div class=\"elementor-column elementor-col-100 elementor-top-column elementor-element elementor-element-8dbadee\" data-id=\"8dbadee\" data-element_type=\"column\" data-e-type=\"column\">\n\t\t\t<div class=\"elementor-widget-wrap elementor-element-populated\">\n\t\t\t\t\t\t<div class=\"elementor-element elementor-element-dc7e024 elementor-widget elementor-widget-spacer\" data-id=\"dc7e024\" data-element_type=\"widget\" data-e-type=\"widget\" data-widget_type=\"spacer.default\">\n\t\t\t\t<div class=\"elementor-widget-container\">\n\t\t\t\t\t\t\t<div class=\"elementor-spacer\">\n\t\t\t<div class=\"elementor-spacer-inner\"><\/div>\n\t\t<\/div>\n\t\t\t\t\t\t<\/div>\n\t\t\t\t<\/div>\n\t\t\t\t\t<\/div>\n\t\t<\/div>\n\t\t\t\t\t<\/div>\n\t\t<\/section>\n\t\t\t\t<section class=\"elementor-section elementor-top-section elementor-element elementor-element-ecf8a90 elementor-section-boxed elementor-section-height-default elementor-section-height-default\" data-id=\"ecf8a90\" data-element_type=\"section\" data-e-type=\"section\">\n\t\t\t\t\t\t<div class=\"elementor-container elementor-column-gap-default\">\n\t\t\t\t\t<div class=\"elementor-column elementor-col-50 elementor-top-column elementor-element elementor-element-4ca56aa\" data-id=\"4ca56aa\" data-element_type=\"column\" data-e-type=\"column\">\n\t\t\t<div class=\"elementor-widget-wrap elementor-element-populated\">\n\t\t\t\t\t\t<div class=\"elementor-element elementor-element-c19f0fd elementor-widget elementor-widget-image\" data-id=\"c19f0fd\" data-element_type=\"widget\" data-e-type=\"widget\" data-widget_type=\"image.default\">\n\t\t\t\t<div class=\"elementor-widget-container\">\n\t\t\t\t\t\t\t\t\t\t\t\t\t\t\t<img fetchpriority=\"high\" decoding=\"async\" width=\"400\" height=\"500\" src=\"https:\/\/xixodrinks.com\/wp-content\/uploads\/2024\/04\/can_mit_tehetsz.png\" class=\"attachment-full size-full wp-image-5188\" alt=\"\" srcset=\"https:\/\/xixodrinks.com\/wp-content\/uploads\/2024\/04\/can_mit_tehetsz.png 400w, https:\/\/xixodrinks.com\/wp-content\/uploads\/2024\/04\/can_mit_tehetsz-240x300.png 240w\" sizes=\"(max-width: 400px) 100vw, 400px\" \/>\t\t\t\t\t\t\t\t\t\t\t\t\t\t\t<\/div>\n\t\t\t\t<\/div>\n\t\t\t\t\t<\/div>\n\t\t<\/div>\n\t\t\t\t<div class=\"elementor-column elementor-col-50 elementor-top-column elementor-element elementor-element-c9a05fe\" data-id=\"c9a05fe\" data-element_type=\"column\" data-e-type=\"column\">\n\t\t\t<div class=\"elementor-widget-wrap elementor-element-populated\">\n\t\t\t\t\t\t<div class=\"elementor-element elementor-element-a85fcc9 elementor-widget elementor-widget-text-editor\" data-id=\"a85fcc9\" data-element_type=\"widget\" data-e-type=\"widget\" data-widget_type=\"text-editor.default\">\n\t\t\t\t<div class=\"elementor-widget-container\">\n\t\t\t\t\t\t\t\t\t<p><strong>Cutiile noastre de aluminiu XIXO sunt proiectate s\u0103 dureze pentru totdeauna<\/strong><\/p><p>Ambalajul din aluminiu al produselor noastre este realizat din materiale reciclabile la infinit.<\/p><p>Aluminiul este o component\u0103 cheie a unei economii circulare cu emisii reduse de carbon. Nu numai c\u0103 este u\u0219or, durabil \u0219i flexibil, protej\u00e2nd lichidul de lumin\u0103, oxigen, contaminan\u021bi \u0219i agen\u021bi patogeni, dar este, de asemenea, 100% reciclabil la infinit, iar procesul s\u0103u de topire economise\u0219te p\u00e2n\u0103 la 95% din energie.<\/p><p>75% din aluminiul produs vreodat\u0103 este \u00eenc\u0103 \u00een circula\u021bie ast\u0103zi.<\/p><p>Datorit\u0103 aprovizion\u0103rii responsabile, pentru fabricarea cutiilor noastre de aluminiu folosim, de cele mai multe ori, SPEIRA ORBIS, care are un con\u021binut extrem de ridicat de aluminiu reciclat. Acest lucru \u00eenseamn\u0103 c\u0103 aluminiul recuperat \u0219i utilizat a fost cu siguran\u021b\u0103 cel pu\u021bin o dat\u0103 un produs de consum. Cu c\u00e2t con\u021binutul reciclat este mai mare, cu at\u00e2t mai bine pentru mediu. Ca urmare, aluminiul pe care \u00eel folosim are o amprent\u0103 de carbon deosebit de sc\u0103zut\u0103 la nivel mondial, servind drept exemplu pentru \u00eentreaga industrie.<\/p><p>Grupul nostru a redus propor\u021bia de ambalaje din sticle PET la mai pu\u021bin de 5% \u00een ultimii 5 ani \u0219i ne propunem s\u0103 o reducem la mai pu\u021bin de 1% p\u00e2n\u0103 \u00een 2025.\u00a0<\/p><p>A\u0219a c\u0103 nu uita\u021bi s\u0103 arunca\u021bi dozele de b\u0103utur\u0103 la reciclare &#8211; acestea ar putea avea o nou\u0103 via\u021b\u0103 \u00een 60 de zile!<\/p>\t\t\t\t\t\t\t\t<\/div>\n\t\t\t\t<\/div>\n\t\t\t\t\t<\/div>\n\t\t<\/div>\n\t\t\t\t\t<\/div>\n\t\t<\/section>\n\t\t\t\t<\/div>\n\t\t","protected":false},"excerpt":{"rendered":"<p>Cutiile noastre de aluminiu XIXO sunt proiectate s\u0103 dureze pentru totdeauna Ambalajul din aluminiu al produselor noastre este realizat din materiale reciclabile la infinit. Aluminiul este o component\u0103 cheie a unei economii circulare cu emisii reduse de carbon. Nu numai c\u0103 este u\u0219or, durabil \u0219i flexibil, protej\u00e2nd lichidul de lumin\u0103, oxigen, contaminan\u021bi \u0219i agen\u021bi patogeni, [&hellip;]<\/p>\n","protected":false},"author":1,"featured_media":0,"parent":0,"menu_order":0,"comment_status":"closed","ping_status":"closed","template":"elementor_header_footer","meta":{"footnotes":""},"class_list":["post-5223","page","type-page","status-publish","hentry"],"_links":{"self":[{"href":"https:\/\/xixodrinks.com\/ro\/wp-json\/wp\/v2\/pages\/5223","targetHints":{"allow":["GET"]}}],"collection":[{"href":"https:\/\/xixodrinks.com\/ro\/wp-json\/wp\/v2\/pages"}],"about":[{"href":"https:\/\/xixodrinks.com\/ro\/wp-json\/wp\/v2\/types\/page"}],"author":[{"embeddable":true,"href":"https:\/\/xixodrinks.com\/ro\/wp-json\/wp\/v2\/users\/1"}],"replies":[{"embeddable":true,"href":"https:\/\/xixodrinks.com\/ro\/wp-json\/wp\/v2\/comments?post=5223"}],"version-history":[{"count":7,"href":"https:\/\/xixodrinks.com\/ro\/wp-json\/wp\/v2\/pages\/5223\/revisions"}],"predecessor-version":[{"id":6418,"href":"https:\/\/xixodrinks.com\/ro\/wp-json\/wp\/v2\/pages\/5223\/revisions\/6418"}],"wp:attachment":[{"href":"https:\/\/xixodrinks.com\/ro\/wp-json\/wp\/v2\/media?parent=5223"}],"curies":[{"name":"wp","href":"https:\/\/api.w.org\/{rel}","templated":true}]}}