{"id":6880,"date":"2024-12-02T15:06:03","date_gmt":"2024-12-02T13:06:03","guid":{"rendered":"https:\/\/xixodrinks.com\/?page_id=6880"},"modified":"2024-12-02T15:07:15","modified_gmt":"2024-12-02T13:07:15","slug":"xixo-classic-lemonade","status":"publish","type":"page","link":"https:\/\/xixodrinks.com\/ro\/produse\/xixo-lemonade\/xixo-classic-lemonade\/","title":{"rendered":"XIXO Classic Lemonade"},"content":{"rendered":"\t\t<div data-elementor-type=\"wp-page\" data-elementor-id=\"6880\" class=\"elementor elementor-6880\" data-elementor-post-type=\"page\">\n\t\t\t\t\t\t<section class=\"elementor-section elementor-top-section elementor-element elementor-element-77890dc9 elementor-section-boxed elementor-section-height-default elementor-section-height-default\" data-id=\"77890dc9\" data-element_type=\"section\" data-e-type=\"section\">\n\t\t\t\t\t\t<div class=\"elementor-container elementor-column-gap-default\">\n\t\t\t\t\t<div class=\"elementor-column elementor-col-100 elementor-top-column elementor-element elementor-element-1445df09\" data-id=\"1445df09\" data-element_type=\"column\" data-e-type=\"column\">\n\t\t\t<div class=\"elementor-widget-wrap elementor-element-populated\">\n\t\t\t\t\t\t<div class=\"elementor-element elementor-element-677e69 elementor-widget elementor-widget-spacer\" data-id=\"677e69\" data-element_type=\"widget\" data-e-type=\"widget\" data-widget_type=\"spacer.default\">\n\t\t\t\t<div class=\"elementor-widget-container\">\n\t\t\t\t\t\t\t<div class=\"elementor-spacer\">\n\t\t\t<div class=\"elementor-spacer-inner\"><\/div>\n\t\t<\/div>\n\t\t\t\t\t\t<\/div>\n\t\t\t\t<\/div>\n\t\t\t\t\t<\/div>\n\t\t<\/div>\n\t\t\t\t\t<\/div>\n\t\t<\/section>\n\t\t\t\t<section class=\"elementor-section elementor-top-section elementor-element elementor-element-75940da5 elementor-section-boxed elementor-section-height-default elementor-section-height-default\" data-id=\"75940da5\" data-element_type=\"section\" data-e-type=\"section\">\n\t\t\t\t\t\t<div class=\"elementor-container elementor-column-gap-default\">\n\t\t\t\t\t<div class=\"elementor-column elementor-col-50 elementor-top-column elementor-element elementor-element-22c0bfc2\" data-id=\"22c0bfc2\" data-element_type=\"column\" data-e-type=\"column\">\n\t\t\t<div class=\"elementor-widget-wrap elementor-element-populated\">\n\t\t\t\t\t\t<div class=\"elementor-element elementor-element-2e15b3a0 elementor-widget elementor-widget-text-editor\" data-id=\"2e15b3a0\" data-element_type=\"widget\" data-e-type=\"widget\" data-widget_type=\"text-editor.default\">\n\t\t\t\t<div class=\"elementor-widget-container\">\n\t\t\t\t\t\t\t\t\t<ul><li><strong>AROM\u0102 DE L\u0102M\u00c2IE \u0218I FLORI DE SOC<\/strong><\/li><li><strong>F\u0102R\u0102 CONSERVAN\u021aI<\/strong><\/li><li><strong> \u00ceN DOZE DE ALUMINIU 100% RECICLABILE<\/strong><\/li><\/ul>\t\t\t\t\t\t\t\t<\/div>\n\t\t\t\t<\/div>\n\t\t\t\t<div class=\"elementor-element elementor-element-503bbb1e elementor-widget elementor-widget-text-editor\" data-id=\"503bbb1e\" data-element_type=\"widget\" data-e-type=\"widget\" data-widget_type=\"text-editor.default\">\n\t\t\t\t<div class=\"elementor-widget-container\">\n\t\t\t\t\t\t\t\t\t<p class=\"x_MsoNormal\" data-olk-copy-source=\"MessageBody\">Un adev\u0103rat clasic cu un twist! XIXO Lemonade a sosit, aduc\u00e2nd experien\u021ba limonadei cu un plus de arom\u0103 de flori de soc!<\/p><p class=\"x_MsoNormal\">Noua b\u0103utur\u0103 r\u0103coritoare carbogazoas\u0103 este acum disponibil\u0103\u00a0 \u00een doze de aluminiu 100% reciclabile, f\u0103r\u0103 \u00eenveli\u0219 BPA.<\/p><p class=\"x_MsoNormal\">\u00cencearc\u0103 combina\u021bia de arome inovatoare \u0219i r\u0103coritoare!<\/p>\t\t\t\t\t\t\t\t<\/div>\n\t\t\t\t<\/div>\n\t\t\t\t\t<\/div>\n\t\t<\/div>\n\t\t\t\t<div class=\"elementor-column elementor-col-50 elementor-top-column elementor-element elementor-element-1af46fce\" data-id=\"1af46fce\" data-element_type=\"column\" data-e-type=\"column\">\n\t\t\t<div class=\"elementor-widget-wrap elementor-element-populated\">\n\t\t\t\t\t\t<div class=\"elementor-element elementor-element-3be65682 animated-slow elementor-invisible elementor-widget elementor-widget-image\" data-id=\"3be65682\" data-element_type=\"widget\" data-e-type=\"widget\" data-settings=\"{&quot;_animation&quot;:&quot;fadeIn&quot;}\" data-widget_type=\"image.default\">\n\t\t\t\t<div class=\"elementor-widget-container\">\n\t\t\t\t\t\t\t\t\t\t\t\t\t\t\t<img decoding=\"async\" src=\"https:\/\/xixodrinks.com\/wp-content\/uploads\/elementor\/thumbs\/XIXO_LEMONADE_250_RO_2-1-rezim7trw10sqq66s16mdfu3et3vduqkfxzc3g24n4.png\" title=\"XIXO_LEMONADE_250_RO_2 (1)\" alt=\"XIXO_LEMONADE_250_RO_2 (1)\" loading=\"lazy\" \/>\t\t\t\t\t\t\t\t\t\t\t\t\t\t\t<\/div>\n\t\t\t\t<\/div>\n\t\t\t\t\t<\/div>\n\t\t<\/div>\n\t\t\t\t\t<\/div>\n\t\t<\/section>\n\t\t\t\t<section class=\"elementor-section elementor-top-section elementor-element elementor-element-683640a7 elementor-section-boxed elementor-section-height-default elementor-section-height-default\" data-id=\"683640a7\" data-element_type=\"section\" data-e-type=\"section\">\n\t\t\t\t\t\t<div class=\"elementor-container elementor-column-gap-default\">\n\t\t\t\t\t<div class=\"elementor-column elementor-col-100 elementor-top-column elementor-element elementor-element-1a3704b\" data-id=\"1a3704b\" data-element_type=\"column\" data-e-type=\"column\">\n\t\t\t<div class=\"elementor-widget-wrap elementor-element-populated\">\n\t\t\t\t\t\t<div class=\"elementor-element elementor-element-aa04cb6 elementor-widget elementor-widget-spacer\" data-id=\"aa04cb6\" data-element_type=\"widget\" data-e-type=\"widget\" data-widget_type=\"spacer.default\">\n\t\t\t\t<div class=\"elementor-widget-container\">\n\t\t\t\t\t\t\t<div class=\"elementor-spacer\">\n\t\t\t<div class=\"elementor-spacer-inner\"><\/div>\n\t\t<\/div>\n\t\t\t\t\t\t<\/div>\n\t\t\t\t<\/div>\n\t\t\t\t\t<\/div>\n\t\t<\/div>\n\t\t\t\t\t<\/div>\n\t\t<\/section>\n\t\t\t\t<\/div>\n\t\t","protected":false},"excerpt":{"rendered":"<p>AROM\u0102 DE L\u0102M\u00c2IE \u0218I FLORI DE SOC F\u0102R\u0102 CONSERVAN\u021aI \u00ceN DOZE DE ALUMINIU 100% RECICLABILE Un adev\u0103rat clasic cu un twist! XIXO Lemonade a sosit, aduc\u00e2nd experien\u021ba limonadei cu un plus de arom\u0103 de flori de soc! Noua b\u0103utur\u0103 r\u0103coritoare carbogazoas\u0103 este acum disponibil\u0103\u00a0 \u00een doze de aluminiu 100% reciclabile, f\u0103r\u0103 \u00eenveli\u0219 BPA. \u00cencearc\u0103 combina\u021bia [&hellip;]<\/p>\n","protected":false},"author":1,"featured_media":0,"parent":6842,"menu_order":0,"comment_status":"closed","ping_status":"closed","template":"elementor_header_footer","meta":{"footnotes":""},"class_list":["post-6880","page","type-page","status-publish","hentry"],"_links":{"self":[{"href":"https:\/\/xixodrinks.com\/ro\/wp-json\/wp\/v2\/pages\/6880","targetHints":{"allow":["GET"]}}],"collection":[{"href":"https:\/\/xixodrinks.com\/ro\/wp-json\/wp\/v2\/pages"}],"about":[{"href":"https:\/\/xixodrinks.com\/ro\/wp-json\/wp\/v2\/types\/page"}],"author":[{"embeddable":true,"href":"https:\/\/xixodrinks.com\/ro\/wp-json\/wp\/v2\/users\/1"}],"replies":[{"embeddable":true,"href":"https:\/\/xixodrinks.com\/ro\/wp-json\/wp\/v2\/comments?post=6880"}],"version-history":[{"count":4,"href":"https:\/\/xixodrinks.com\/ro\/wp-json\/wp\/v2\/pages\/6880\/revisions"}],"predecessor-version":[{"id":6885,"href":"https:\/\/xixodrinks.com\/ro\/wp-json\/wp\/v2\/pages\/6880\/revisions\/6885"}],"up":[{"embeddable":true,"href":"https:\/\/xixodrinks.com\/ro\/wp-json\/wp\/v2\/pages\/6842"}],"wp:attachment":[{"href":"https:\/\/xixodrinks.com\/ro\/wp-json\/wp\/v2\/media?parent=6880"}],"curies":[{"name":"wp","href":"https:\/\/api.w.org\/{rel}","templated":true}]}}