{"id":6886,"date":"2024-12-02T15:07:39","date_gmt":"2024-12-02T13:07:39","guid":{"rendered":"https:\/\/xixodrinks.com\/?page_id=6886"},"modified":"2024-12-02T15:08:55","modified_gmt":"2024-12-02T13:08:55","slug":"xixo-pink-lemonade","status":"publish","type":"page","link":"https:\/\/xixodrinks.com\/ro\/produse\/xixo-lemonade\/xixo-pink-lemonade\/","title":{"rendered":"XIXO Pink Lemonade"},"content":{"rendered":"\t\t<div data-elementor-type=\"wp-page\" data-elementor-id=\"6886\" class=\"elementor elementor-6886\" data-elementor-post-type=\"page\">\n\t\t\t\t\t\t<section class=\"elementor-section elementor-top-section elementor-element elementor-element-311601da elementor-section-boxed elementor-section-height-default elementor-section-height-default\" data-id=\"311601da\" data-element_type=\"section\" data-e-type=\"section\">\n\t\t\t\t\t\t<div class=\"elementor-container elementor-column-gap-default\">\n\t\t\t\t\t<div class=\"elementor-column elementor-col-100 elementor-top-column elementor-element elementor-element-6a90b0a4\" data-id=\"6a90b0a4\" data-element_type=\"column\" data-e-type=\"column\">\n\t\t\t<div class=\"elementor-widget-wrap elementor-element-populated\">\n\t\t\t\t\t\t<div class=\"elementor-element elementor-element-27610e66 elementor-widget elementor-widget-spacer\" data-id=\"27610e66\" data-element_type=\"widget\" data-e-type=\"widget\" data-widget_type=\"spacer.default\">\n\t\t\t\t<div class=\"elementor-widget-container\">\n\t\t\t\t\t\t\t<div class=\"elementor-spacer\">\n\t\t\t<div class=\"elementor-spacer-inner\"><\/div>\n\t\t<\/div>\n\t\t\t\t\t\t<\/div>\n\t\t\t\t<\/div>\n\t\t\t\t\t<\/div>\n\t\t<\/div>\n\t\t\t\t\t<\/div>\n\t\t<\/section>\n\t\t\t\t<section class=\"elementor-section elementor-top-section elementor-element elementor-element-3559b08a elementor-section-boxed elementor-section-height-default elementor-section-height-default\" data-id=\"3559b08a\" data-element_type=\"section\" data-e-type=\"section\">\n\t\t\t\t\t\t<div class=\"elementor-container elementor-column-gap-default\">\n\t\t\t\t\t<div class=\"elementor-column elementor-col-50 elementor-top-column elementor-element elementor-element-57cb496d\" data-id=\"57cb496d\" data-element_type=\"column\" data-e-type=\"column\">\n\t\t\t<div class=\"elementor-widget-wrap elementor-element-populated\">\n\t\t\t\t\t\t<div class=\"elementor-element elementor-element-5cd879f7 elementor-widget elementor-widget-text-editor\" data-id=\"5cd879f7\" data-element_type=\"widget\" data-e-type=\"widget\" data-widget_type=\"text-editor.default\">\n\t\t\t\t<div class=\"elementor-widget-container\">\n\t\t\t\t\t\t\t\t\t<ul><li><strong> AROM\u0102 DE C\u0102P\u0218UNI \u0218I LIME<\/strong><\/li><li><strong>F\u0102R\u0102 CONSERVAN\u021aI<\/strong><\/li><li><strong> \u00ceN DOZE DE ALUMINIU 100% RECICLABILE<\/strong><\/li><\/ul>\t\t\t\t\t\t\t\t<\/div>\n\t\t\t\t<\/div>\n\t\t\t\t<div class=\"elementor-element elementor-element-37d5f1d2 elementor-widget elementor-widget-text-editor\" data-id=\"37d5f1d2\" data-element_type=\"widget\" data-e-type=\"widget\" data-widget_type=\"text-editor.default\">\n\t\t\t\t<div class=\"elementor-widget-container\">\n\t\t\t\t\t\t\t\t\t<p class=\"x_MsoNormal\" data-olk-copy-source=\"MessageBody\">A sosit minunata limonad\u0103 XIXO Pink Lemonade, arom\u0103 r\u0103coritoare de c\u0103p\u0219uni \u0219i lime.<\/p><p class=\"x_MsoNormal\">Noua b\u0103utur\u0103 r\u0103coritoare carbogazoas\u0103 este acum disponibil\u0103\u00a0 \u00een doze de aluminiu 100% reciclabile, f\u0103r\u0103 \u00eenveli\u0219 BPA.<\/p><p class=\"x_MsoNormal\">\u00cencearc\u0103 combina\u021bia de arome inovatoare \u0219i r\u0103coritoare!<\/p>\t\t\t\t\t\t\t\t<\/div>\n\t\t\t\t<\/div>\n\t\t\t\t\t<\/div>\n\t\t<\/div>\n\t\t\t\t<div class=\"elementor-column elementor-col-50 elementor-top-column elementor-element elementor-element-607c92ae\" data-id=\"607c92ae\" data-element_type=\"column\" data-e-type=\"column\">\n\t\t\t<div class=\"elementor-widget-wrap elementor-element-populated\">\n\t\t\t\t\t\t<div class=\"elementor-element elementor-element-11d879ec animated-slow elementor-invisible elementor-widget elementor-widget-image\" data-id=\"11d879ec\" data-element_type=\"widget\" data-e-type=\"widget\" data-settings=\"{&quot;_animation&quot;:&quot;fadeIn&quot;}\" data-widget_type=\"image.default\">\n\t\t\t\t<div class=\"elementor-widget-container\">\n\t\t\t\t\t\t\t\t\t\t\t\t\t\t\t<img decoding=\"async\" src=\"https:\/\/xixodrinks.com\/wp-content\/uploads\/elementor\/thumbs\/XIXO_PINK_LEMONADE_250_RO_2-1-rezim7trw10sqq66s16mdfu3et3vduqkfxzc3g24n4.png\" title=\"XIXO_PINK_LEMONADE_250_RO_2 (1)\" alt=\"XIXO_PINK_LEMONADE_250_RO_2 (1)\" loading=\"lazy\" \/>\t\t\t\t\t\t\t\t\t\t\t\t\t\t\t<\/div>\n\t\t\t\t<\/div>\n\t\t\t\t\t<\/div>\n\t\t<\/div>\n\t\t\t\t\t<\/div>\n\t\t<\/section>\n\t\t\t\t<section class=\"elementor-section elementor-top-section elementor-element elementor-element-34cf1513 elementor-section-boxed elementor-section-height-default elementor-section-height-default\" data-id=\"34cf1513\" data-element_type=\"section\" data-e-type=\"section\">\n\t\t\t\t\t\t<div class=\"elementor-container elementor-column-gap-default\">\n\t\t\t\t\t<div class=\"elementor-column elementor-col-100 elementor-top-column elementor-element elementor-element-64594077\" data-id=\"64594077\" data-element_type=\"column\" data-e-type=\"column\">\n\t\t\t<div class=\"elementor-widget-wrap elementor-element-populated\">\n\t\t\t\t\t\t<div class=\"elementor-element elementor-element-252ace5 elementor-widget elementor-widget-spacer\" data-id=\"252ace5\" data-element_type=\"widget\" data-e-type=\"widget\" data-widget_type=\"spacer.default\">\n\t\t\t\t<div class=\"elementor-widget-container\">\n\t\t\t\t\t\t\t<div class=\"elementor-spacer\">\n\t\t\t<div class=\"elementor-spacer-inner\"><\/div>\n\t\t<\/div>\n\t\t\t\t\t\t<\/div>\n\t\t\t\t<\/div>\n\t\t\t\t\t<\/div>\n\t\t<\/div>\n\t\t\t\t\t<\/div>\n\t\t<\/section>\n\t\t\t\t<\/div>\n\t\t","protected":false},"excerpt":{"rendered":"<p>AROM\u0102 DE C\u0102P\u0218UNI \u0218I LIME F\u0102R\u0102 CONSERVAN\u021aI \u00ceN DOZE DE ALUMINIU 100% RECICLABILE A sosit minunata limonad\u0103 XIXO Pink Lemonade, arom\u0103 r\u0103coritoare de c\u0103p\u0219uni \u0219i lime. Noua b\u0103utur\u0103 r\u0103coritoare carbogazoas\u0103 este acum disponibil\u0103\u00a0 \u00een doze de aluminiu 100% reciclabile, f\u0103r\u0103 \u00eenveli\u0219 BPA. \u00cencearc\u0103 combina\u021bia de arome inovatoare \u0219i r\u0103coritoare!<\/p>\n","protected":false},"author":1,"featured_media":0,"parent":6842,"menu_order":0,"comment_status":"closed","ping_status":"closed","template":"elementor_header_footer","meta":{"footnotes":""},"class_list":["post-6886","page","type-page","status-publish","hentry"],"_links":{"self":[{"href":"https:\/\/xixodrinks.com\/ro\/wp-json\/wp\/v2\/pages\/6886","targetHints":{"allow":["GET"]}}],"collection":[{"href":"https:\/\/xixodrinks.com\/ro\/wp-json\/wp\/v2\/pages"}],"about":[{"href":"https:\/\/xixodrinks.com\/ro\/wp-json\/wp\/v2\/types\/page"}],"author":[{"embeddable":true,"href":"https:\/\/xixodrinks.com\/ro\/wp-json\/wp\/v2\/users\/1"}],"replies":[{"embeddable":true,"href":"https:\/\/xixodrinks.com\/ro\/wp-json\/wp\/v2\/comments?post=6886"}],"version-history":[{"count":4,"href":"https:\/\/xixodrinks.com\/ro\/wp-json\/wp\/v2\/pages\/6886\/revisions"}],"predecessor-version":[{"id":6891,"href":"https:\/\/xixodrinks.com\/ro\/wp-json\/wp\/v2\/pages\/6886\/revisions\/6891"}],"up":[{"embeddable":true,"href":"https:\/\/xixodrinks.com\/ro\/wp-json\/wp\/v2\/pages\/6842"}],"wp:attachment":[{"href":"https:\/\/xixodrinks.com\/ro\/wp-json\/wp\/v2\/media?parent=6886"}],"curies":[{"name":"wp","href":"https:\/\/api.w.org\/{rel}","templated":true}]}}