{"id":7431,"date":"2025-04-30T13:56:56","date_gmt":"2025-04-30T11:56:56","guid":{"rendered":"https:\/\/xixodrinks.com\/?page_id=7431"},"modified":"2025-04-30T13:58:45","modified_gmt":"2025-04-30T11:58:45","slug":"tutti-fruity-watermelon","status":"publish","type":"page","link":"https:\/\/xixodrinks.com\/ro\/produse\/csd\/tutti-fruity-watermelon\/","title":{"rendered":"Tutti Fruity Watermelon"},"content":{"rendered":"\t\t<div data-elementor-type=\"wp-page\" data-elementor-id=\"7431\" class=\"elementor elementor-7431\" data-elementor-post-type=\"page\">\n\t\t\t\t\t\t<section class=\"elementor-section elementor-top-section elementor-element elementor-element-2310ef7 elementor-section-boxed elementor-section-height-default elementor-section-height-default\" data-id=\"2310ef7\" data-element_type=\"section\" data-e-type=\"section\">\n\t\t\t\t\t\t<div class=\"elementor-container elementor-column-gap-default\">\n\t\t\t\t\t<div class=\"elementor-column elementor-col-100 elementor-top-column elementor-element elementor-element-cd78f6c\" data-id=\"cd78f6c\" data-element_type=\"column\" data-e-type=\"column\">\n\t\t\t<div class=\"elementor-widget-wrap elementor-element-populated\">\n\t\t\t\t\t\t<div class=\"elementor-element elementor-element-3dd31ebb elementor-widget elementor-widget-spacer\" data-id=\"3dd31ebb\" data-element_type=\"widget\" data-e-type=\"widget\" data-widget_type=\"spacer.default\">\n\t\t\t\t<div class=\"elementor-widget-container\">\n\t\t\t\t\t\t\t<div class=\"elementor-spacer\">\n\t\t\t<div class=\"elementor-spacer-inner\"><\/div>\n\t\t<\/div>\n\t\t\t\t\t\t<\/div>\n\t\t\t\t<\/div>\n\t\t\t\t\t<\/div>\n\t\t<\/div>\n\t\t\t\t\t<\/div>\n\t\t<\/section>\n\t\t\t\t<section class=\"elementor-section elementor-top-section elementor-element elementor-element-5482948 elementor-section-boxed elementor-section-height-default elementor-section-height-default\" data-id=\"5482948\" data-element_type=\"section\" data-e-type=\"section\">\n\t\t\t\t\t\t<div class=\"elementor-container elementor-column-gap-default\">\n\t\t\t\t\t<div class=\"elementor-column elementor-col-50 elementor-top-column elementor-element elementor-element-6e9cd70f\" data-id=\"6e9cd70f\" data-element_type=\"column\" data-e-type=\"column\">\n\t\t\t<div class=\"elementor-widget-wrap elementor-element-populated\">\n\t\t\t\t\t\t<div class=\"elementor-element elementor-element-1c6f961a elementor-widget elementor-widget-text-editor\" data-id=\"1c6f961a\" data-element_type=\"widget\" data-e-type=\"widget\" data-widget_type=\"text-editor.default\">\n\t\t\t\t<div class=\"elementor-widget-container\">\n\t\t\t\t\t\t\t\t\t<ul><li><strong>AROM\u0102 DE PEPENE<\/strong><strong>RO\u0218U \u0218I TUTTI FRUTTI<\/strong><\/li><li><strong>F\u0102R\u0102 CAFEIN\u0102<\/strong><\/li><li><strong>CU VITAMINE<\/strong><\/li><li><strong>F\u0102R\u0102 CONSERVAN\u021aI<\/strong><\/li><li><strong>CUTIE DE ALUMINIU 100% RECICLABIL\u0102<\/strong><\/li><li><strong>F\u0102R\u0102 PIERDEREA CALIT\u0102\u021aII<\/strong><\/li><\/ul>\t\t\t\t\t\t\t\t<\/div>\n\t\t\t\t<\/div>\n\t\t\t\t<div class=\"elementor-element elementor-element-5c4f5b8b elementor-widget elementor-widget-text-editor\" data-id=\"5c4f5b8b\" data-element_type=\"widget\" data-e-type=\"widget\" data-widget_type=\"text-editor.default\">\n\t\t\t\t<div class=\"elementor-widget-container\">\n\t\t\t\t\t\t\t\t\t<p><span data-olk-copy-source=\"MessageBody\">Familia de produse Tutti Fruity s-a extins cu surprinz\u0103toarea b\u0103utur\u0103 r\u0103coritoare XIXO tutti frutti cu arom\u0103 de pepene ro\u0219u. Design uimitor, gust r\u0103coritor de pepene, 5 tipuri de vitamina B, o b\u0103utur\u0103 r\u0103coritoare carbogazoas\u0103 preparat\u0103 f\u0103r\u0103 cofein\u0103 sau conservan\u021bi. De asemenea, vine \u00eentr-o doz\u0103 de aluminiu.<\/span><\/p>\t\t\t\t\t\t\t\t<\/div>\n\t\t\t\t<\/div>\n\t\t\t\t\t<\/div>\n\t\t<\/div>\n\t\t\t\t<div class=\"elementor-column elementor-col-50 elementor-top-column elementor-element elementor-element-20f0bd3d\" data-id=\"20f0bd3d\" data-element_type=\"column\" data-e-type=\"column\">\n\t\t\t<div class=\"elementor-widget-wrap elementor-element-populated\">\n\t\t\t\t\t\t<div class=\"elementor-element elementor-element-5e3e269c animated-slow elementor-invisible elementor-widget elementor-widget-image\" data-id=\"5e3e269c\" data-element_type=\"widget\" data-e-type=\"widget\" data-settings=\"{&quot;_animation&quot;:&quot;fadeIn&quot;}\" data-widget_type=\"image.default\">\n\t\t\t\t<div class=\"elementor-widget-container\">\n\t\t\t\t\t\t\t\t\t\t\t\t\t\t\t<img decoding=\"async\" src=\"https:\/\/xixodrinks.com\/wp-content\/uploads\/elementor\/thumbs\/XIXO_TUTTI_FRUITY_WATERMELON_2025_RO_02-1-rezim6vxp6zif47jxirzsy2mtf8i65mu3tbum63itc.png\" title=\"XIXO_TUTTI_FRUITY_WATERMELON_2025_RO_02 (1)\" alt=\"XIXO_TUTTI_FRUITY_WATERMELON_2025_RO_02 (1)\" loading=\"lazy\" \/>\t\t\t\t\t\t\t\t\t\t\t\t\t\t\t<\/div>\n\t\t\t\t<\/div>\n\t\t\t\t\t<\/div>\n\t\t<\/div>\n\t\t\t\t\t<\/div>\n\t\t<\/section>\n\t\t\t\t<section class=\"elementor-section elementor-top-section elementor-element elementor-element-228f4858 elementor-section-boxed elementor-section-height-default elementor-section-height-default\" data-id=\"228f4858\" data-element_type=\"section\" data-e-type=\"section\">\n\t\t\t\t\t\t<div class=\"elementor-container elementor-column-gap-default\">\n\t\t\t\t\t<div class=\"elementor-column elementor-col-100 elementor-top-column elementor-element elementor-element-7d745f09\" data-id=\"7d745f09\" data-element_type=\"column\" data-e-type=\"column\">\n\t\t\t<div class=\"elementor-widget-wrap elementor-element-populated\">\n\t\t\t\t\t\t<div class=\"elementor-element elementor-element-7102221b elementor-widget elementor-widget-spacer\" data-id=\"7102221b\" data-element_type=\"widget\" data-e-type=\"widget\" data-widget_type=\"spacer.default\">\n\t\t\t\t<div class=\"elementor-widget-container\">\n\t\t\t\t\t\t\t<div class=\"elementor-spacer\">\n\t\t\t<div class=\"elementor-spacer-inner\"><\/div>\n\t\t<\/div>\n\t\t\t\t\t\t<\/div>\n\t\t\t\t<\/div>\n\t\t\t\t\t<\/div>\n\t\t<\/div>\n\t\t\t\t\t<\/div>\n\t\t<\/section>\n\t\t\t\t<\/div>\n\t\t","protected":false},"excerpt":{"rendered":"<p>AROM\u0102 DE PEPENERO\u0218U \u0218I TUTTI FRUTTI F\u0102R\u0102 CAFEIN\u0102 CU VITAMINE F\u0102R\u0102 CONSERVAN\u021aI CUTIE DE ALUMINIU 100% RECICLABIL\u0102 F\u0102R\u0102 PIERDEREA CALIT\u0102\u021aII Familia de produse Tutti Fruity s-a extins cu surprinz\u0103toarea b\u0103utur\u0103 r\u0103coritoare XIXO tutti frutti cu arom\u0103 de pepene ro\u0219u. Design uimitor, gust r\u0103coritor de pepene, 5 tipuri de vitamina B, o b\u0103utur\u0103 r\u0103coritoare carbogazoas\u0103 preparat\u0103 [&hellip;]<\/p>\n","protected":false},"author":1,"featured_media":7432,"parent":4643,"menu_order":0,"comment_status":"closed","ping_status":"closed","template":"elementor_header_footer","meta":{"footnotes":""},"class_list":["post-7431","page","type-page","status-publish","has-post-thumbnail","hentry"],"_links":{"self":[{"href":"https:\/\/xixodrinks.com\/ro\/wp-json\/wp\/v2\/pages\/7431","targetHints":{"allow":["GET"]}}],"collection":[{"href":"https:\/\/xixodrinks.com\/ro\/wp-json\/wp\/v2\/pages"}],"about":[{"href":"https:\/\/xixodrinks.com\/ro\/wp-json\/wp\/v2\/types\/page"}],"author":[{"embeddable":true,"href":"https:\/\/xixodrinks.com\/ro\/wp-json\/wp\/v2\/users\/1"}],"replies":[{"embeddable":true,"href":"https:\/\/xixodrinks.com\/ro\/wp-json\/wp\/v2\/comments?post=7431"}],"version-history":[{"count":4,"href":"https:\/\/xixodrinks.com\/ro\/wp-json\/wp\/v2\/pages\/7431\/revisions"}],"predecessor-version":[{"id":7452,"href":"https:\/\/xixodrinks.com\/ro\/wp-json\/wp\/v2\/pages\/7431\/revisions\/7452"}],"up":[{"embeddable":true,"href":"https:\/\/xixodrinks.com\/ro\/wp-json\/wp\/v2\/pages\/4643"}],"wp:featuredmedia":[{"embeddable":true,"href":"https:\/\/xixodrinks.com\/ro\/wp-json\/wp\/v2\/media\/7432"}],"wp:attachment":[{"href":"https:\/\/xixodrinks.com\/ro\/wp-json\/wp\/v2\/media?parent=7431"}],"curies":[{"name":"wp","href":"https:\/\/api.w.org\/{rel}","templated":true}]}}