{"id":7649,"date":"2025-07-07T09:33:23","date_gmt":"2025-07-07T07:33:23","guid":{"rendered":"https:\/\/xixodrinks.com\/?page_id=7649"},"modified":"2025-07-07T09:35:06","modified_gmt":"2025-07-07T07:35:06","slug":"mango-pineapple","status":"publish","type":"page","link":"https:\/\/xixodrinks.com\/ro\/produse\/ice-tea\/mango-pineapple\/","title":{"rendered":"Mango &#8211; pineapple"},"content":{"rendered":"\t\t<div data-elementor-type=\"wp-page\" data-elementor-id=\"7649\" class=\"elementor elementor-7649\" data-elementor-post-type=\"page\">\n\t\t\t\t\t\t<section class=\"elementor-section elementor-top-section elementor-element elementor-element-58f07871 elementor-section-boxed elementor-section-height-default elementor-section-height-default\" data-id=\"58f07871\" data-element_type=\"section\" data-e-type=\"section\">\n\t\t\t\t\t\t<div class=\"elementor-container elementor-column-gap-default\">\n\t\t\t\t\t<div class=\"elementor-column elementor-col-100 elementor-top-column elementor-element elementor-element-223d047b\" data-id=\"223d047b\" data-element_type=\"column\" data-e-type=\"column\">\n\t\t\t<div class=\"elementor-widget-wrap elementor-element-populated\">\n\t\t\t\t\t\t<div class=\"elementor-element elementor-element-4201f0d7 elementor-widget elementor-widget-spacer\" data-id=\"4201f0d7\" data-element_type=\"widget\" data-e-type=\"widget\" data-widget_type=\"spacer.default\">\n\t\t\t\t<div class=\"elementor-widget-container\">\n\t\t\t\t\t\t\t<div class=\"elementor-spacer\">\n\t\t\t<div class=\"elementor-spacer-inner\"><\/div>\n\t\t<\/div>\n\t\t\t\t\t\t<\/div>\n\t\t\t\t<\/div>\n\t\t\t\t\t<\/div>\n\t\t<\/div>\n\t\t\t\t\t<\/div>\n\t\t<\/section>\n\t\t\t\t<section class=\"elementor-section elementor-top-section elementor-element elementor-element-4c52c4a7 elementor-section-boxed elementor-section-height-default elementor-section-height-default\" data-id=\"4c52c4a7\" data-element_type=\"section\" data-e-type=\"section\">\n\t\t\t\t\t\t<div class=\"elementor-container elementor-column-gap-default\">\n\t\t\t\t\t<div class=\"elementor-column elementor-col-50 elementor-top-column elementor-element elementor-element-ecb7860\" data-id=\"ecb7860\" data-element_type=\"column\" data-e-type=\"column\">\n\t\t\t<div class=\"elementor-widget-wrap elementor-element-populated\">\n\t\t\t\t\t\t<div class=\"elementor-element elementor-element-25d99472 elementor-widget elementor-widget-text-editor\" data-id=\"25d99472\" data-element_type=\"widget\" data-e-type=\"widget\" data-widget_type=\"text-editor.default\">\n\t\t\t\t<div class=\"elementor-widget-container\">\n\t\t\t\t\t\t\t\t\t<div class=\"x_elementToProof\" data-ogsc=\"rgb(0, 0, 0)\" data-olk-copy-source=\"MessageBody\"><strong>XIXO ICE TEA CU AROM\u0102 DE MANGO \u0218I ANANAS:<\/strong><\/div><div class=\"x_elementToProof\" data-ogsc=\"rgb(0, 0, 0)\">\u00a0<\/div><div class=\"x_elementToProof\" data-ogsc=\"rgb(0, 0, 0)\"><strong>\u25cf AROM\u0102 DE MANGO \u0218I ANANAS\u00a0<\/strong><\/div><div class=\"x_elementToProof\" data-ogsc=\"rgb(0, 0, 0)\"><strong>\u25cf CU SUC DE FRUCTE \u0218I EXTRACT DE CEAI NEGRU\u00a0<\/strong><\/div>\t\t\t\t\t\t\t\t<\/div>\n\t\t\t\t<\/div>\n\t\t\t\t<div class=\"elementor-element elementor-element-75eb9bf5 elementor-widget elementor-widget-text-editor\" data-id=\"75eb9bf5\" data-element_type=\"widget\" data-e-type=\"widget\" data-widget_type=\"text-editor.default\">\n\t\t\t\t<div class=\"elementor-widget-container\">\n\t\t\t\t\t\t\t\t\t<p><span data-olk-copy-source=\"MessageBody\">Aroma de mango se \u00eembin\u0103 acum perfect cu cea de ananas, oferindu-ne o senza\u021bie tropical\u0103 de var\u0103. Descoper\u0103 combina\u021bia echilibrat\u0103 de mango r\u0103coritor \u0219i u\u0219or dulce cu ananasul revigorant. Ca \u0219i celelalte produse din gam\u0103, XIXO Ice Tea cu arom\u0103 de mango \u0219i ananas este preparat cu extract de ceai negru \u0219i suc de fructe, f\u0103r\u0103 coloran\u021bi artificiali.<\/span><\/p>\t\t\t\t\t\t\t\t<\/div>\n\t\t\t\t<\/div>\n\t\t\t\t\t<\/div>\n\t\t<\/div>\n\t\t\t\t<div class=\"elementor-column elementor-col-50 elementor-top-column elementor-element elementor-element-26fd6573\" data-id=\"26fd6573\" data-element_type=\"column\" data-e-type=\"column\">\n\t\t\t<div class=\"elementor-widget-wrap elementor-element-populated\">\n\t\t\t\t\t\t<div class=\"elementor-element elementor-element-3cb23bf8 animated-slow elementor-invisible elementor-widget elementor-widget-image\" data-id=\"3cb23bf8\" data-element_type=\"widget\" data-e-type=\"widget\" data-settings=\"{&quot;_animation&quot;:&quot;fadeIn&quot;}\" data-widget_type=\"image.default\">\n\t\t\t\t<div class=\"elementor-widget-container\">\n\t\t\t\t\t\t\t\t\t\t\t\t\t\t\t<img decoding=\"async\" src=\"https:\/\/xixodrinks.com\/wp-content\/uploads\/elementor\/thumbs\/XIXO_Ice_Tea_Mango_Pineapple_RO_2-scaled-rezim7trw10sqq66s16mdfu3et3vduqkfxzc3g24n4.png\" title=\"XIXO_Ice_Tea_Mango_Pineapple_RO_2\" alt=\"XIXO_Ice_Tea_Mango_Pineapple_RO_2\" loading=\"lazy\" \/>\t\t\t\t\t\t\t\t\t\t\t\t\t\t\t<\/div>\n\t\t\t\t<\/div>\n\t\t\t\t\t<\/div>\n\t\t<\/div>\n\t\t\t\t\t<\/div>\n\t\t<\/section>\n\t\t\t\t<section class=\"elementor-section elementor-top-section elementor-element elementor-element-633c30ce elementor-section-boxed elementor-section-height-default elementor-section-height-default\" data-id=\"633c30ce\" data-element_type=\"section\" data-e-type=\"section\">\n\t\t\t\t\t\t<div class=\"elementor-container elementor-column-gap-default\">\n\t\t\t\t\t<div class=\"elementor-column elementor-col-100 elementor-top-column elementor-element elementor-element-1da00a2c\" data-id=\"1da00a2c\" data-element_type=\"column\" data-e-type=\"column\">\n\t\t\t<div class=\"elementor-widget-wrap elementor-element-populated\">\n\t\t\t\t\t\t<div class=\"elementor-element elementor-element-50130f4c elementor-widget elementor-widget-spacer\" data-id=\"50130f4c\" data-element_type=\"widget\" data-e-type=\"widget\" data-widget_type=\"spacer.default\">\n\t\t\t\t<div class=\"elementor-widget-container\">\n\t\t\t\t\t\t\t<div class=\"elementor-spacer\">\n\t\t\t<div class=\"elementor-spacer-inner\"><\/div>\n\t\t<\/div>\n\t\t\t\t\t\t<\/div>\n\t\t\t\t<\/div>\n\t\t\t\t\t<\/div>\n\t\t<\/div>\n\t\t\t\t\t<\/div>\n\t\t<\/section>\n\t\t\t\t<\/div>\n\t\t","protected":false},"excerpt":{"rendered":"<p>XIXO ICE TEA CU AROM\u0102 DE MANGO \u0218I ANANAS:\u00a0\u25cf AROM\u0102 DE MANGO \u0218I ANANAS\u00a0\u25cf CU SUC DE FRUCTE \u0218I EXTRACT DE CEAI NEGRU\u00a0 Aroma de mango se \u00eembin\u0103 acum perfect cu cea de ananas, oferindu-ne o senza\u021bie tropical\u0103 de var\u0103. Descoper\u0103 combina\u021bia echilibrat\u0103 de mango r\u0103coritor \u0219i u\u0219or dulce cu ananasul revigorant. Ca \u0219i celelalte [&hellip;]<\/p>\n","protected":false},"author":1,"featured_media":0,"parent":4681,"menu_order":0,"comment_status":"closed","ping_status":"closed","template":"elementor_header_footer","meta":{"footnotes":""},"class_list":["post-7649","page","type-page","status-publish","hentry"],"_links":{"self":[{"href":"https:\/\/xixodrinks.com\/ro\/wp-json\/wp\/v2\/pages\/7649","targetHints":{"allow":["GET"]}}],"collection":[{"href":"https:\/\/xixodrinks.com\/ro\/wp-json\/wp\/v2\/pages"}],"about":[{"href":"https:\/\/xixodrinks.com\/ro\/wp-json\/wp\/v2\/types\/page"}],"author":[{"embeddable":true,"href":"https:\/\/xixodrinks.com\/ro\/wp-json\/wp\/v2\/users\/1"}],"replies":[{"embeddable":true,"href":"https:\/\/xixodrinks.com\/ro\/wp-json\/wp\/v2\/comments?post=7649"}],"version-history":[{"count":4,"href":"https:\/\/xixodrinks.com\/ro\/wp-json\/wp\/v2\/pages\/7649\/revisions"}],"predecessor-version":[{"id":7670,"href":"https:\/\/xixodrinks.com\/ro\/wp-json\/wp\/v2\/pages\/7649\/revisions\/7670"}],"up":[{"embeddable":true,"href":"https:\/\/xixodrinks.com\/ro\/wp-json\/wp\/v2\/pages\/4681"}],"wp:attachment":[{"href":"https:\/\/xixodrinks.com\/ro\/wp-json\/wp\/v2\/media?parent=7649"}],"curies":[{"name":"wp","href":"https:\/\/api.w.org\/{rel}","templated":true}]}}