{"id":7671,"date":"2025-07-07T09:35:29","date_gmt":"2025-07-07T07:35:29","guid":{"rendered":"https:\/\/xixodrinks.com\/?page_id=7671"},"modified":"2025-07-07T09:36:32","modified_gmt":"2025-07-07T07:36:32","slug":"orange-lemonade","status":"publish","type":"page","link":"https:\/\/xixodrinks.com\/ro\/produse\/xixo-lemonade\/orange-lemonade\/","title":{"rendered":"Orange Lemonade"},"content":{"rendered":"\t\t<div data-elementor-type=\"wp-page\" data-elementor-id=\"7671\" class=\"elementor elementor-7671\" data-elementor-post-type=\"page\">\n\t\t\t\t\t\t<section class=\"elementor-section elementor-top-section elementor-element elementor-element-65e1faf3 elementor-section-boxed elementor-section-height-default elementor-section-height-default\" data-id=\"65e1faf3\" data-element_type=\"section\" data-e-type=\"section\">\n\t\t\t\t\t\t<div class=\"elementor-container elementor-column-gap-default\">\n\t\t\t\t\t<div class=\"elementor-column elementor-col-100 elementor-top-column elementor-element elementor-element-3d14bccb\" data-id=\"3d14bccb\" data-element_type=\"column\" data-e-type=\"column\">\n\t\t\t<div class=\"elementor-widget-wrap elementor-element-populated\">\n\t\t\t\t\t\t<div class=\"elementor-element elementor-element-341dfb54 elementor-widget elementor-widget-spacer\" data-id=\"341dfb54\" data-element_type=\"widget\" data-e-type=\"widget\" data-widget_type=\"spacer.default\">\n\t\t\t\t<div class=\"elementor-widget-container\">\n\t\t\t\t\t\t\t<div class=\"elementor-spacer\">\n\t\t\t<div class=\"elementor-spacer-inner\"><\/div>\n\t\t<\/div>\n\t\t\t\t\t\t<\/div>\n\t\t\t\t<\/div>\n\t\t\t\t\t<\/div>\n\t\t<\/div>\n\t\t\t\t\t<\/div>\n\t\t<\/section>\n\t\t\t\t<section class=\"elementor-section elementor-top-section elementor-element elementor-element-4258a02 elementor-section-boxed elementor-section-height-default elementor-section-height-default\" data-id=\"4258a02\" data-element_type=\"section\" data-e-type=\"section\">\n\t\t\t\t\t\t<div class=\"elementor-container elementor-column-gap-default\">\n\t\t\t\t\t<div class=\"elementor-column elementor-col-50 elementor-top-column elementor-element elementor-element-718b8ada\" data-id=\"718b8ada\" data-element_type=\"column\" data-e-type=\"column\">\n\t\t\t<div class=\"elementor-widget-wrap elementor-element-populated\">\n\t\t\t\t\t\t<div class=\"elementor-element elementor-element-e628143 elementor-widget elementor-widget-text-editor\" data-id=\"e628143\" data-element_type=\"widget\" data-e-type=\"widget\" data-widget_type=\"text-editor.default\">\n\t\t\t\t<div class=\"elementor-widget-container\">\n\t\t\t\t\t\t\t\t\t<div class=\"x_elementToProof\" data-ogsc=\"rgb(0, 0, 0)\" data-olk-copy-source=\"MessageBody\"><strong>XIXO ORANGE LEMONADE:<\/strong><\/div><ul data-editing-info=\"{&quot;applyListStyleFromLevel&quot;:true}\"><li data-ogsc=\"rgb(0, 0, 0)\"><div class=\"x_elementToProof\" role=\"presentation\" data-ogsc=\"\"><strong>AROM\u0102 DE PORTOCAL\u0102<\/strong><\/div><\/li><li data-ogsc=\"rgb(0, 0, 0)\"><div class=\"x_elementToProof\" role=\"presentation\" data-ogsc=\"\"><strong>F\u0102R\u0102 CONSERVAN\u021aI<\/strong><\/div><\/li><li data-ogsc=\"rgb(0, 0, 0)\"><div class=\"x_elementToProof\" role=\"presentation\" data-ogsc=\"\"><strong>DOZ\u0102 DIN ALUMINIU 100% RECICLABIL\u0102, F\u0102R\u0102 NICIO PIERDERE A CALIT\u0102\u021aII<\/strong><\/div><\/li><\/ul>\t\t\t\t\t\t\t\t<\/div>\n\t\t\t\t<\/div>\n\t\t\t\t<div class=\"elementor-element elementor-element-49a3cdef elementor-widget elementor-widget-text-editor\" data-id=\"49a3cdef\" data-element_type=\"widget\" data-e-type=\"widget\" data-widget_type=\"text-editor.default\">\n\t\t\t\t<div class=\"elementor-widget-container\">\n\t\t\t\t\t\t\t\t\t<div class=\"x_elementToProof\" data-ogsc=\"rgb(0, 0, 0)\" data-olk-copy-source=\"MessageBody\">\u00ce\u021bi prezent\u0103m cel mai nou membru al familiei XIXO Lemonade: este XIXO Orange Lemonade!<\/div><div class=\"x_elementToProof\" data-ogsc=\"rgb(0, 0, 0)\">Aceast\u0103 minunat\u0103 limonad\u0103 cu arom\u0103 de portocale aduce esen\u021ba \u00eensorit\u0103 a citricelor mediteraneene. Combina\u021bia perfect\u0103 dintre aroma de portocale \u0219i limonada clasic\u0103, ofer\u0103 senza\u021bia unei plaje \u00eensorite cu fiecare \u00eenghi\u021bitur\u0103. Echilibrul armonios dintre citricele proaspete \u0219i aromele u\u0219or dulci fac ca aceast\u0103 b\u0103utur\u0103 r\u0103coritoare s\u0103 fie cu adev\u0103rat special\u0103.<\/div><div class=\"x_elementToProof\" data-ogsc=\"rgb(0, 0, 0)\">B\u0103utura noastr\u0103 carbogazoas\u0103 nu con\u021bine conservan\u021bi \u0219i vine \u00eentr-o doz\u0103 de aluminiu 100% reciclabil\u0103, f\u0103r\u0103 nicio pierdere a calit\u0103\u021bii.\u00a0<\/div><div class=\"x_elementToProof\" data-ogsc=\"rgb(0, 0, 0)\">\u00cencearc\u0103 aceast\u0103 nou\u0103 limonad\u0103 cu arom\u0103 de citrice \u0219i bucur\u0103-te de fiecare moment din dolce vita!<\/div>\t\t\t\t\t\t\t\t<\/div>\n\t\t\t\t<\/div>\n\t\t\t\t\t<\/div>\n\t\t<\/div>\n\t\t\t\t<div class=\"elementor-column elementor-col-50 elementor-top-column elementor-element elementor-element-2cb97a68\" data-id=\"2cb97a68\" data-element_type=\"column\" data-e-type=\"column\">\n\t\t\t<div class=\"elementor-widget-wrap elementor-element-populated\">\n\t\t\t\t\t\t<div class=\"elementor-element elementor-element-3b7ce0f1 animated-slow elementor-invisible elementor-widget elementor-widget-image\" data-id=\"3b7ce0f1\" data-element_type=\"widget\" data-e-type=\"widget\" data-settings=\"{&quot;_animation&quot;:&quot;fadeIn&quot;}\" data-widget_type=\"image.default\">\n\t\t\t\t<div class=\"elementor-widget-container\">\n\t\t\t\t\t\t\t\t\t\t\t\t\t\t\t<img decoding=\"async\" src=\"https:\/\/xixodrinks.com\/wp-content\/uploads\/elementor\/thumbs\/XIXO_ORANGE_LEMONADE_250_RO_2-scaled-rezim7trw10sqq66s16mdfu3et3vduqkfxzc3g24n4.jpg\" title=\"XIXO_ORANGE_LEMONADE_250_RO_2\" alt=\"XIXO_ORANGE_LEMONADE_250_RO_2\" loading=\"lazy\" \/>\t\t\t\t\t\t\t\t\t\t\t\t\t\t\t<\/div>\n\t\t\t\t<\/div>\n\t\t\t\t\t<\/div>\n\t\t<\/div>\n\t\t\t\t\t<\/div>\n\t\t<\/section>\n\t\t\t\t<section class=\"elementor-section elementor-top-section elementor-element elementor-element-482352be elementor-section-boxed elementor-section-height-default elementor-section-height-default\" data-id=\"482352be\" data-element_type=\"section\" data-e-type=\"section\">\n\t\t\t\t\t\t<div class=\"elementor-container elementor-column-gap-default\">\n\t\t\t\t\t<div class=\"elementor-column elementor-col-100 elementor-top-column elementor-element elementor-element-3be1f67a\" data-id=\"3be1f67a\" data-element_type=\"column\" data-e-type=\"column\">\n\t\t\t<div class=\"elementor-widget-wrap elementor-element-populated\">\n\t\t\t\t\t\t<div class=\"elementor-element elementor-element-4ffafb0a elementor-widget elementor-widget-spacer\" data-id=\"4ffafb0a\" data-element_type=\"widget\" data-e-type=\"widget\" data-widget_type=\"spacer.default\">\n\t\t\t\t<div class=\"elementor-widget-container\">\n\t\t\t\t\t\t\t<div class=\"elementor-spacer\">\n\t\t\t<div class=\"elementor-spacer-inner\"><\/div>\n\t\t<\/div>\n\t\t\t\t\t\t<\/div>\n\t\t\t\t<\/div>\n\t\t\t\t\t<\/div>\n\t\t<\/div>\n\t\t\t\t\t<\/div>\n\t\t<\/section>\n\t\t\t\t<\/div>\n\t\t","protected":false},"excerpt":{"rendered":"<p>XIXO ORANGE LEMONADE: AROM\u0102 DE PORTOCAL\u0102 F\u0102R\u0102 CONSERVAN\u021aI DOZ\u0102 DIN ALUMINIU 100% RECICLABIL\u0102, F\u0102R\u0102 NICIO PIERDERE A CALIT\u0102\u021aII \u00ce\u021bi prezent\u0103m cel mai nou membru al familiei XIXO Lemonade: este XIXO Orange Lemonade!Aceast\u0103 minunat\u0103 limonad\u0103 cu arom\u0103 de portocale aduce esen\u021ba \u00eensorit\u0103 a citricelor mediteraneene. Combina\u021bia perfect\u0103 dintre aroma de portocale \u0219i limonada clasic\u0103, ofer\u0103 senza\u021bia [&hellip;]<\/p>\n","protected":false},"author":1,"featured_media":0,"parent":6842,"menu_order":0,"comment_status":"closed","ping_status":"closed","template":"elementor_header_footer","meta":{"footnotes":""},"class_list":["post-7671","page","type-page","status-publish","hentry"],"_links":{"self":[{"href":"https:\/\/xixodrinks.com\/ro\/wp-json\/wp\/v2\/pages\/7671","targetHints":{"allow":["GET"]}}],"collection":[{"href":"https:\/\/xixodrinks.com\/ro\/wp-json\/wp\/v2\/pages"}],"about":[{"href":"https:\/\/xixodrinks.com\/ro\/wp-json\/wp\/v2\/types\/page"}],"author":[{"embeddable":true,"href":"https:\/\/xixodrinks.com\/ro\/wp-json\/wp\/v2\/users\/1"}],"replies":[{"embeddable":true,"href":"https:\/\/xixodrinks.com\/ro\/wp-json\/wp\/v2\/comments?post=7671"}],"version-history":[{"count":4,"href":"https:\/\/xixodrinks.com\/ro\/wp-json\/wp\/v2\/pages\/7671\/revisions"}],"predecessor-version":[{"id":7692,"href":"https:\/\/xixodrinks.com\/ro\/wp-json\/wp\/v2\/pages\/7671\/revisions\/7692"}],"up":[{"embeddable":true,"href":"https:\/\/xixodrinks.com\/ro\/wp-json\/wp\/v2\/pages\/6842"}],"wp:attachment":[{"href":"https:\/\/xixodrinks.com\/ro\/wp-json\/wp\/v2\/media?parent=7671"}],"curies":[{"name":"wp","href":"https:\/\/api.w.org\/{rel}","templated":true}]}}