{"id":4810,"date":"2024-03-26T08:59:33","date_gmt":"2024-03-26T06:59:33","guid":{"rendered":"https:\/\/xixodrinks.com\/xixo2\/"},"modified":"2025-09-01T09:42:45","modified_gmt":"2025-09-01T07:42:45","slug":"xixo2","status":"publish","type":"page","link":"https:\/\/xixodrinks.com\/sk\/","title":{"rendered":"XIXO2"},"content":{"rendered":"\t\t<div data-elementor-type=\"wp-page\" data-elementor-id=\"4810\" class=\"elementor elementor-4810 elementor-1387\" data-elementor-post-type=\"page\">\n\t\t\t\t\t\t<section class=\"elementor-section elementor-top-section elementor-element elementor-element-119a132 elementor-section-full_width elementor-section-stretched elementor-section-height-default elementor-section-height-default\" data-id=\"119a132\" data-element_type=\"section\" data-e-type=\"section\" data-settings=\"{&quot;stretch_section&quot;:&quot;section-stretched&quot;}\">\n\t\t\t\t\t\t<div class=\"elementor-container elementor-column-gap-no\">\n\t\t\t\t\t<div class=\"elementor-column elementor-col-100 elementor-top-column elementor-element elementor-element-e84ddde\" data-id=\"e84ddde\" data-element_type=\"column\" data-e-type=\"column\">\n\t\t\t<div class=\"elementor-widget-wrap elementor-element-populated\">\n\t\t\t\t\t\t<div class=\"elementor-element elementor-element-bc57efb elementor-widget elementor-widget-image\" data-id=\"bc57efb\" data-element_type=\"widget\" data-e-type=\"widget\" data-widget_type=\"image.default\">\n\t\t\t\t<div class=\"elementor-widget-container\">\n\t\t\t\t\t\t\t\t\t\t\t\t\t\t\t<img fetchpriority=\"high\" decoding=\"async\" width=\"1920\" height=\"700\" src=\"https:\/\/xixodrinks.com\/wp-content\/uploads\/2025\/09\/SK_XIXO_TuttiFruity_WEB_Fem1_1920x700px.jpg\" class=\"attachment-full size-full wp-image-8223\" alt=\"\" srcset=\"https:\/\/xixodrinks.com\/wp-content\/uploads\/2025\/09\/SK_XIXO_TuttiFruity_WEB_Fem1_1920x700px.jpg 1920w, https:\/\/xixodrinks.com\/wp-content\/uploads\/2025\/09\/SK_XIXO_TuttiFruity_WEB_Fem1_1920x700px-300x109.jpg 300w, https:\/\/xixodrinks.com\/wp-content\/uploads\/2025\/09\/SK_XIXO_TuttiFruity_WEB_Fem1_1920x700px-1024x373.jpg 1024w, https:\/\/xixodrinks.com\/wp-content\/uploads\/2025\/09\/SK_XIXO_TuttiFruity_WEB_Fem1_1920x700px-768x280.jpg 768w, https:\/\/xixodrinks.com\/wp-content\/uploads\/2025\/09\/SK_XIXO_TuttiFruity_WEB_Fem1_1920x700px-1536x560.jpg 1536w\" sizes=\"(max-width: 1920px) 100vw, 1920px\" \/>\t\t\t\t\t\t\t\t\t\t\t\t\t\t\t<\/div>\n\t\t\t\t<\/div>\n\t\t\t\t\t<\/div>\n\t\t<\/div>\n\t\t\t\t\t<\/div>\n\t\t<\/section>\n\t\t\t\t<section class=\"elementor-section elementor-top-section elementor-element elementor-element-3dac038 elementor-section-content-middle elementor-section-stretched elementor-section-boxed elementor-section-height-default elementor-section-height-default\" data-id=\"3dac038\" data-element_type=\"section\" data-e-type=\"section\" data-settings=\"{&quot;stretch_section&quot;:&quot;section-stretched&quot;,&quot;background_background&quot;:&quot;classic&quot;}\">\n\t\t\t\t\t\t<div class=\"elementor-container elementor-column-gap-no\">\n\t\t\t\t\t<div class=\"elementor-column elementor-col-50 elementor-top-column elementor-element elementor-element-8736072\" data-id=\"8736072\" data-element_type=\"column\" data-e-type=\"column\">\n\t\t\t<div class=\"elementor-widget-wrap elementor-element-populated\">\n\t\t\t\t\t\t<div class=\"elementor-element elementor-element-eea59a4 elementor-widget elementor-widget-spacer\" data-id=\"eea59a4\" data-element_type=\"widget\" data-e-type=\"widget\" data-widget_type=\"spacer.default\">\n\t\t\t\t<div class=\"elementor-widget-container\">\n\t\t\t\t\t\t\t<div class=\"elementor-spacer\">\n\t\t\t<div class=\"elementor-spacer-inner\"><\/div>\n\t\t<\/div>\n\t\t\t\t\t\t<\/div>\n\t\t\t\t<\/div>\n\t\t\t\t<div class=\"elementor-element elementor-element-61f62ce elementor-widget elementor-widget-heading\" data-id=\"61f62ce\" data-element_type=\"widget\" data-e-type=\"widget\" data-widget_type=\"heading.default\">\n\t\t\t\t<div class=\"elementor-widget-container\">\n\t\t\t\t\t<h2 class=\"elementor-heading-title elementor-size-default\">XIXO s\u00fdten\u00fd nealkoholick\u00fd n\u00e1poj<\/h2>\t\t\t\t<\/div>\n\t\t\t\t<\/div>\n\t\t\t\t<div class=\"elementor-element elementor-element-e60c071 elementor-widget elementor-widget-text-editor\" data-id=\"e60c071\" data-element_type=\"widget\" data-e-type=\"widget\" data-widget_type=\"text-editor.default\">\n\t\t\t\t<div class=\"elementor-widget-container\">\n\t\t\t\t\t\t\t\t\t<p>S\u00fdten\u00e9 nealkoholick\u00e9 n\u00e1poje XIXO s\u00fa dostupn\u00e9 v r\u00f4znych pr\u00edchutiach, neobsahuj\u00fa \u017eiadne konzerva\u010dn\u00e9 l\u00e1tky a s\u00fa vyroben\u00e9 bez aspart\u00e1mu.<\/p>\n\t\t\t\t\t\t\t\t<\/div>\n\t\t\t\t<\/div>\n\t\t\t\t<div class=\"elementor-element elementor-element-a03a7eb elementor-align-right elementor-widget elementor-widget-button\" data-id=\"a03a7eb\" data-element_type=\"widget\" data-e-type=\"widget\" data-widget_type=\"button.default\">\n\t\t\t\t<div class=\"elementor-widget-container\">\n\t\t\t\t\t\t\t\t\t<div class=\"elementor-button-wrapper\">\n\t\t\t\t\t<a class=\"elementor-button elementor-button-link elementor-size-sm\" href=\"https:\/\/xixodrinks.com\/sk\/produkty\/csd\/\">\n\t\t\t\t\t\t<span class=\"elementor-button-content-wrapper\">\n\t\t\t\t\t\t\t\t\t<span class=\"elementor-button-text\">Produkty<\/span>\n\t\t\t\t\t<\/span>\n\t\t\t\t\t<\/a>\n\t\t\t\t<\/div>\n\t\t\t\t\t\t\t\t<\/div>\n\t\t\t\t<\/div>\n\t\t\t\t<div class=\"elementor-element elementor-element-8a06e3d elementor-widget elementor-widget-spacer\" data-id=\"8a06e3d\" data-element_type=\"widget\" data-e-type=\"widget\" data-widget_type=\"spacer.default\">\n\t\t\t\t<div class=\"elementor-widget-container\">\n\t\t\t\t\t\t\t<div class=\"elementor-spacer\">\n\t\t\t<div class=\"elementor-spacer-inner\"><\/div>\n\t\t<\/div>\n\t\t\t\t\t\t<\/div>\n\t\t\t\t<\/div>\n\t\t\t\t\t<\/div>\n\t\t<\/div>\n\t\t\t\t<div class=\"elementor-column elementor-col-50 elementor-top-column elementor-element elementor-element-af94805\" data-id=\"af94805\" data-element_type=\"column\" data-e-type=\"column\">\n\t\t\t<div class=\"elementor-widget-wrap elementor-element-populated\">\n\t\t\t\t\t\t<div class=\"elementor-element elementor-element-281ad75 elementor-widget elementor-widget-image\" data-id=\"281ad75\" data-element_type=\"widget\" data-e-type=\"widget\" data-widget_type=\"image.default\">\n\t\t\t\t<div class=\"elementor-widget-container\">\n\t\t\t\t\t\t\t\t\t\t\t\t\t\t\t<img decoding=\"async\" width=\"700\" height=\"400\" src=\"https:\/\/xixodrinks.com\/wp-content\/uploads\/2024\/04\/X2400000052-EXP-XIXO_WEB_700x400px_Tutti_AppleTuttiTutti_Cactus.png\" class=\"attachment-large size-large wp-image-5481\" alt=\"\" srcset=\"https:\/\/xixodrinks.com\/wp-content\/uploads\/2024\/04\/X2400000052-EXP-XIXO_WEB_700x400px_Tutti_AppleTuttiTutti_Cactus.png 700w, https:\/\/xixodrinks.com\/wp-content\/uploads\/2024\/04\/X2400000052-EXP-XIXO_WEB_700x400px_Tutti_AppleTuttiTutti_Cactus-300x171.png 300w\" sizes=\"(max-width: 700px) 100vw, 700px\" \/>\t\t\t\t\t\t\t\t\t\t\t\t\t\t\t<\/div>\n\t\t\t\t<\/div>\n\t\t\t\t\t<\/div>\n\t\t<\/div>\n\t\t\t\t\t<\/div>\n\t\t<\/section>\n\t\t\t\t<section class=\"elementor-section elementor-top-section elementor-element elementor-element-986118f elementor-section-content-middle elementor-section-stretched elementor-section-boxed elementor-section-height-default elementor-section-height-default\" data-id=\"986118f\" data-element_type=\"section\" data-e-type=\"section\" data-settings=\"{&quot;stretch_section&quot;:&quot;section-stretched&quot;,&quot;background_background&quot;:&quot;classic&quot;}\">\n\t\t\t\t\t\t<div class=\"elementor-container elementor-column-gap-no\">\n\t\t\t\t\t<div class=\"elementor-column elementor-col-50 elementor-top-column elementor-element elementor-element-5fc8f90\" data-id=\"5fc8f90\" data-element_type=\"column\" data-e-type=\"column\">\n\t\t\t<div class=\"elementor-widget-wrap elementor-element-populated\">\n\t\t\t\t\t\t<div class=\"elementor-element elementor-element-f930cc7 elementor-widget elementor-widget-spacer\" data-id=\"f930cc7\" data-element_type=\"widget\" data-e-type=\"widget\" data-widget_type=\"spacer.default\">\n\t\t\t\t<div class=\"elementor-widget-container\">\n\t\t\t\t\t\t\t<div class=\"elementor-spacer\">\n\t\t\t<div class=\"elementor-spacer-inner\"><\/div>\n\t\t<\/div>\n\t\t\t\t\t\t<\/div>\n\t\t\t\t<\/div>\n\t\t\t\t<div class=\"elementor-element elementor-element-c40f6ac elementor-widget elementor-widget-heading\" data-id=\"c40f6ac\" data-element_type=\"widget\" data-e-type=\"widget\" data-widget_type=\"heading.default\">\n\t\t\t\t<div class=\"elementor-widget-container\">\n\t\t\t\t\t<h2 class=\"elementor-heading-title elementor-size-default\">XIXO \u013dadov\u00fd \u010daj<\/h2>\t\t\t\t<\/div>\n\t\t\t\t<\/div>\n\t\t\t\t<div class=\"elementor-element elementor-element-c669abd elementor-widget elementor-widget-text-editor\" data-id=\"c669abd\" data-element_type=\"widget\" data-e-type=\"widget\" data-widget_type=\"text-editor.default\">\n\t\t\t\t<div class=\"elementor-widget-container\">\n\t\t\t\t\t\t\t\t\t<p>\u013dadov\u00e9 \u010daje XIXO sa vyr\u00e1baj\u00fa z pr\u00edrodn\u00e9ho \u010dajov\u00e9ho extraktu a skuto\u010dn\u00fdch ovocn\u00fdch \u0161tiav. Neobsahuj\u00fa umel\u00e9 farbiv\u00e1 ani aspart\u00e1m.<\/p>\n\t\t\t\t\t\t\t\t<\/div>\n\t\t\t\t<\/div>\n\t\t\t\t<div class=\"elementor-element elementor-element-af36482 elementor-align-right elementor-widget elementor-widget-button\" data-id=\"af36482\" data-element_type=\"widget\" data-e-type=\"widget\" data-widget_type=\"button.default\">\n\t\t\t\t<div class=\"elementor-widget-container\">\n\t\t\t\t\t\t\t\t\t<div class=\"elementor-button-wrapper\">\n\t\t\t\t\t<a class=\"elementor-button elementor-button-link elementor-size-sm\" href=\"https:\/\/xixodrinks.com\/sk\/produkty\/ice-tea\/\">\n\t\t\t\t\t\t<span class=\"elementor-button-content-wrapper\">\n\t\t\t\t\t\t\t\t\t<span class=\"elementor-button-text\">Produkty<\/span>\n\t\t\t\t\t<\/span>\n\t\t\t\t\t<\/a>\n\t\t\t\t<\/div>\n\t\t\t\t\t\t\t\t<\/div>\n\t\t\t\t<\/div>\n\t\t\t\t<div class=\"elementor-element elementor-element-0110ced elementor-widget elementor-widget-spacer\" data-id=\"0110ced\" data-element_type=\"widget\" data-e-type=\"widget\" data-widget_type=\"spacer.default\">\n\t\t\t\t<div class=\"elementor-widget-container\">\n\t\t\t\t\t\t\t<div class=\"elementor-spacer\">\n\t\t\t<div class=\"elementor-spacer-inner\"><\/div>\n\t\t<\/div>\n\t\t\t\t\t\t<\/div>\n\t\t\t\t<\/div>\n\t\t\t\t\t<\/div>\n\t\t<\/div>\n\t\t\t\t<div class=\"elementor-column elementor-col-50 elementor-top-column elementor-element elementor-element-528ab5f\" data-id=\"528ab5f\" data-element_type=\"column\" data-e-type=\"column\">\n\t\t\t<div class=\"elementor-widget-wrap elementor-element-populated\">\n\t\t\t\t\t\t<div class=\"elementor-element elementor-element-a6cc05e elementor-widget elementor-widget-image\" data-id=\"a6cc05e\" data-element_type=\"widget\" data-e-type=\"widget\" data-widget_type=\"image.default\">\n\t\t\t\t<div class=\"elementor-widget-container\">\n\t\t\t\t\t\t\t\t\t\t\t\t\t\t\t<img decoding=\"async\" width=\"700\" height=\"400\" src=\"https:\/\/xixodrinks.com\/wp-content\/uploads\/2024\/04\/X2400000052-EXP-XIXO_WEB_700x400px_PeachLemonStrawberryRaspberry-Blueberry-1.png\" class=\"attachment-large size-large wp-image-5393\" alt=\"\" srcset=\"https:\/\/xixodrinks.com\/wp-content\/uploads\/2024\/04\/X2400000052-EXP-XIXO_WEB_700x400px_PeachLemonStrawberryRaspberry-Blueberry-1.png 700w, https:\/\/xixodrinks.com\/wp-content\/uploads\/2024\/04\/X2400000052-EXP-XIXO_WEB_700x400px_PeachLemonStrawberryRaspberry-Blueberry-1-300x171.png 300w\" sizes=\"(max-width: 700px) 100vw, 700px\" \/>\t\t\t\t\t\t\t\t\t\t\t\t\t\t\t<\/div>\n\t\t\t\t<\/div>\n\t\t\t\t\t<\/div>\n\t\t<\/div>\n\t\t\t\t\t<\/div>\n\t\t<\/section>\n\t\t\t\t<\/div>\n\t\t","protected":false},"excerpt":{"rendered":"<p>XIXO s\u00fdten\u00fd nealkoholick\u00fd n\u00e1poj S\u00fdten\u00e9 nealkoholick\u00e9 n\u00e1poje XIXO s\u00fa dostupn\u00e9 v r\u00f4znych pr\u00edchutiach, neobsahuj\u00fa \u017eiadne konzerva\u010dn\u00e9 l\u00e1tky a s\u00fa vyroben\u00e9 bez aspart\u00e1mu. Produkty XIXO \u013dadov\u00fd \u010daj \u013dadov\u00e9 \u010daje XIXO sa vyr\u00e1baj\u00fa z pr\u00edrodn\u00e9ho \u010dajov\u00e9ho extraktu a skuto\u010dn\u00fdch ovocn\u00fdch \u0161tiav. Neobsahuj\u00fa umel\u00e9 farbiv\u00e1 ani aspart\u00e1m. Produkty<\/p>\n","protected":false},"author":1,"featured_media":0,"parent":0,"menu_order":0,"comment_status":"closed","ping_status":"closed","template":"elementor_header_footer","meta":{"footnotes":""},"class_list":["post-4810","page","type-page","status-publish","hentry"],"_links":{"self":[{"href":"https:\/\/xixodrinks.com\/sk\/wp-json\/wp\/v2\/pages\/4810","targetHints":{"allow":["GET"]}}],"collection":[{"href":"https:\/\/xixodrinks.com\/sk\/wp-json\/wp\/v2\/pages"}],"about":[{"href":"https:\/\/xixodrinks.com\/sk\/wp-json\/wp\/v2\/types\/page"}],"author":[{"embeddable":true,"href":"https:\/\/xixodrinks.com\/sk\/wp-json\/wp\/v2\/users\/1"}],"replies":[{"embeddable":true,"href":"https:\/\/xixodrinks.com\/sk\/wp-json\/wp\/v2\/comments?post=4810"}],"version-history":[{"count":10,"href":"https:\/\/xixodrinks.com\/sk\/wp-json\/wp\/v2\/pages\/4810\/revisions"}],"predecessor-version":[{"id":8241,"href":"https:\/\/xixodrinks.com\/sk\/wp-json\/wp\/v2\/pages\/4810\/revisions\/8241"}],"wp:attachment":[{"href":"https:\/\/xixodrinks.com\/sk\/wp-json\/wp\/v2\/media?parent=4810"}],"curies":[{"name":"wp","href":"https:\/\/api.w.org\/{rel}","templated":true}]}}