{"id":5012,"date":"2024-03-31T10:49:07","date_gmt":"2024-03-31T08:49:07","guid":{"rendered":"https:\/\/xixodrinks.com\/produkty\/ice-tea\/citronovy-cierny-caj\/"},"modified":"2024-04-03T13:59:22","modified_gmt":"2024-04-03T11:59:22","slug":"citronovy-cierny-caj","status":"publish","type":"page","link":"https:\/\/xixodrinks.com\/sk\/produkty\/ice-tea\/citronovy-cierny-caj\/","title":{"rendered":"CITR\u00d3NOV\u00dd \u010cIERNY \u010cAJ"},"content":{"rendered":"\t\t<div data-elementor-type=\"wp-page\" data-elementor-id=\"5012\" class=\"elementor elementor-5012 elementor-4240\" data-elementor-post-type=\"page\">\n\t\t\t\t\t\t<section class=\"elementor-section elementor-top-section elementor-element elementor-element-211511ff elementor-section-boxed elementor-section-height-default elementor-section-height-default\" data-id=\"211511ff\" data-element_type=\"section\" data-e-type=\"section\">\n\t\t\t\t\t\t<div class=\"elementor-container elementor-column-gap-default\">\n\t\t\t\t\t<div class=\"elementor-column elementor-col-100 elementor-top-column elementor-element elementor-element-2b24fd8f\" data-id=\"2b24fd8f\" data-element_type=\"column\" data-e-type=\"column\">\n\t\t\t<div class=\"elementor-widget-wrap elementor-element-populated\">\n\t\t\t\t\t\t<div class=\"elementor-element elementor-element-352a212e elementor-widget elementor-widget-spacer\" data-id=\"352a212e\" data-element_type=\"widget\" data-e-type=\"widget\" data-widget_type=\"spacer.default\">\n\t\t\t\t<div class=\"elementor-widget-container\">\n\t\t\t\t\t\t\t<div class=\"elementor-spacer\">\n\t\t\t<div class=\"elementor-spacer-inner\"><\/div>\n\t\t<\/div>\n\t\t\t\t\t\t<\/div>\n\t\t\t\t<\/div>\n\t\t\t\t\t<\/div>\n\t\t<\/div>\n\t\t\t\t\t<\/div>\n\t\t<\/section>\n\t\t\t\t<section class=\"elementor-section elementor-top-section elementor-element elementor-element-5c9c0099 elementor-section-boxed elementor-section-height-default elementor-section-height-default\" data-id=\"5c9c0099\" data-element_type=\"section\" data-e-type=\"section\">\n\t\t\t\t\t\t<div class=\"elementor-container elementor-column-gap-default\">\n\t\t\t\t\t<div class=\"elementor-column elementor-col-50 elementor-top-column elementor-element elementor-element-2c8dde1d\" data-id=\"2c8dde1d\" data-element_type=\"column\" data-e-type=\"column\">\n\t\t\t<div class=\"elementor-widget-wrap elementor-element-populated\">\n\t\t\t\t\t\t<div class=\"elementor-element elementor-element-730cf2ed elementor-widget elementor-widget-text-editor\" data-id=\"730cf2ed\" data-element_type=\"widget\" data-e-type=\"widget\" data-widget_type=\"text-editor.default\">\n\t\t\t\t<div class=\"elementor-widget-container\">\n\t\t\t\t\t\t\t\t\t<ul>\n<li><strong>S ovocnou \u0161\u0165avou a pr\u00edrodn\u00fdm \u010dajov\u00fdm extraktom<\/strong><\/li>\n<li><strong>Neobsahuje \u017eiadne konzerva\u010dn\u00e9 l\u00e1tky<\/strong><\/li>\n<li><strong>Nekone\u010dne, 100 % recyklovate\u013en\u00e9 obaly; ekologick\u00e9 hlin\u00edkov\u00e9 obaly<\/strong><\/li>\n<\/ul>\n\t\t\t\t\t\t\t\t<\/div>\n\t\t\t\t<\/div>\n\t\t\t\t<div class=\"elementor-element elementor-element-1c6676ac elementor-widget elementor-widget-text-editor\" data-id=\"1c6676ac\" data-element_type=\"widget\" data-e-type=\"widget\" data-widget_type=\"text-editor.default\">\n\t\t\t\t<div class=\"elementor-widget-container\">\n\t\t\t\t\t\t\t\t\t<p>Zmes klasickej citr\u00f3novej chuti a kvalitn\u00e9ho \u010dierneho \u010daju je to, \u010do rob\u00ed z ka\u017ed\u00e9ho d\u00fa\u0161ku XIXO Lemon Black Tea skuto\u010dne osvie\u017euj\u00faci z\u00e1\u017eitok. XIXO Lemon Black Tea, ktor\u00fd patr\u00ed k naj\u00faspe\u0161nej\u0161\u00edm produktom n\u00e1\u0161ho portf\u00f3lia, neobsahuje umel\u00e9 farbiv\u00e1 ani konzerva\u010dn\u00e9 l\u00e1tky a v\u010faka jeho ekologick\u00e9mu 250-mililitrov\u00e9mu hlin\u00edkov\u00e9mu baleniu si ho m\u00f4\u017eete \u013eahko vzia\u0165 so sebou kamko\u013evek p\u00f4jdete. XIXO Lemon Ice Tea je osvie\u017euj\u00faci \u013eadov\u00fd \u010daj s jemn\u00fdm n\u00e1dychom sladkosti a s jemnou citr\u00f3novou chu\u0165ou. Je ide\u00e1lnou vo\u013ebou po\u010das hor\u00facich letn\u00fdch dn\u00ed a m\u00f4\u017ee by\u0165 dokonal\u00fdm osvie\u017een\u00edm v zime. Vysk\u00fa\u0161ajte ho aj vy a vychutnajte si osvie\u017euj\u00facu chu\u0165 XIXO Lemon ice tea!<\/p>\n\t\t\t\t\t\t\t\t<\/div>\n\t\t\t\t<\/div>\n\t\t\t\t\t<\/div>\n\t\t<\/div>\n\t\t\t\t<div class=\"elementor-column elementor-col-50 elementor-top-column elementor-element elementor-element-17f13f91\" data-id=\"17f13f91\" data-element_type=\"column\" data-e-type=\"column\">\n\t\t\t<div class=\"elementor-widget-wrap elementor-element-populated\">\n\t\t\t\t\t\t<div class=\"elementor-element elementor-element-52160657 animated-slow elementor-invisible elementor-widget elementor-widget-image\" data-id=\"52160657\" data-element_type=\"widget\" data-e-type=\"widget\" data-settings=\"{&quot;_animation&quot;:&quot;fadeIn&quot;}\" data-widget_type=\"image.default\">\n\t\t\t\t<div class=\"elementor-widget-container\">\n\t\t\t\t\t\t\t\t\t\t\t\t\t\t\t<img decoding=\"async\" src=\"https:\/\/xixodrinks.com\/wp-content\/uploads\/elementor\/thumbs\/XIXO_Tea_2021_EN_lemon_2-rezimfchepb3blv9k4fmxdxs5w2t3fkf4z77xnqz9c.png\" title=\"XIXO_Tea_2021_EN_lemon_2\" alt=\"XIXO_Tea_2021_EN_lemon_2\" loading=\"lazy\" \/>\t\t\t\t\t\t\t\t\t\t\t\t\t\t\t<\/div>\n\t\t\t\t<\/div>\n\t\t\t\t\t<\/div>\n\t\t<\/div>\n\t\t\t\t\t<\/div>\n\t\t<\/section>\n\t\t\t\t<section class=\"elementor-section elementor-top-section elementor-element elementor-element-74c8813a elementor-section-boxed elementor-section-height-default elementor-section-height-default\" data-id=\"74c8813a\" data-element_type=\"section\" data-e-type=\"section\">\n\t\t\t\t\t\t<div class=\"elementor-container elementor-column-gap-default\">\n\t\t\t\t\t<div class=\"elementor-column elementor-col-100 elementor-top-column elementor-element elementor-element-646d7226\" data-id=\"646d7226\" data-element_type=\"column\" data-e-type=\"column\">\n\t\t\t<div class=\"elementor-widget-wrap elementor-element-populated\">\n\t\t\t\t\t\t<div class=\"elementor-element elementor-element-6ba1e8f2 elementor-widget elementor-widget-spacer\" data-id=\"6ba1e8f2\" data-element_type=\"widget\" data-e-type=\"widget\" data-widget_type=\"spacer.default\">\n\t\t\t\t<div class=\"elementor-widget-container\">\n\t\t\t\t\t\t\t<div class=\"elementor-spacer\">\n\t\t\t<div class=\"elementor-spacer-inner\"><\/div>\n\t\t<\/div>\n\t\t\t\t\t\t<\/div>\n\t\t\t\t<\/div>\n\t\t\t\t\t<\/div>\n\t\t<\/div>\n\t\t\t\t\t<\/div>\n\t\t<\/section>\n\t\t\t\t<\/div>\n\t\t","protected":false},"excerpt":{"rendered":"<p>S ovocnou \u0161\u0165avou a pr\u00edrodn\u00fdm \u010dajov\u00fdm extraktom Neobsahuje \u017eiadne konzerva\u010dn\u00e9 l\u00e1tky Nekone\u010dne, 100 % recyklovate\u013en\u00e9 obaly; ekologick\u00e9 hlin\u00edkov\u00e9 obaly Zmes klasickej citr\u00f3novej chuti a kvalitn\u00e9ho \u010dierneho \u010daju je to, \u010do rob\u00ed z ka\u017ed\u00e9ho d\u00fa\u0161ku XIXO Lemon Black Tea skuto\u010dne osvie\u017euj\u00faci z\u00e1\u017eitok. XIXO Lemon Black Tea, ktor\u00fd patr\u00ed k naj\u00faspe\u0161nej\u0161\u00edm produktom n\u00e1\u0161ho portf\u00f3lia, neobsahuje umel\u00e9 farbiv\u00e1 [&hellip;]<\/p>\n","protected":false},"author":1,"featured_media":0,"parent":4776,"menu_order":0,"comment_status":"closed","ping_status":"closed","template":"elementor_header_footer","meta":{"footnotes":""},"class_list":["post-5012","page","type-page","status-publish","hentry"],"_links":{"self":[{"href":"https:\/\/xixodrinks.com\/sk\/wp-json\/wp\/v2\/pages\/5012","targetHints":{"allow":["GET"]}}],"collection":[{"href":"https:\/\/xixodrinks.com\/sk\/wp-json\/wp\/v2\/pages"}],"about":[{"href":"https:\/\/xixodrinks.com\/sk\/wp-json\/wp\/v2\/types\/page"}],"author":[{"embeddable":true,"href":"https:\/\/xixodrinks.com\/sk\/wp-json\/wp\/v2\/users\/1"}],"replies":[{"embeddable":true,"href":"https:\/\/xixodrinks.com\/sk\/wp-json\/wp\/v2\/comments?post=5012"}],"version-history":[{"count":1,"href":"https:\/\/xixodrinks.com\/sk\/wp-json\/wp\/v2\/pages\/5012\/revisions"}],"predecessor-version":[{"id":5013,"href":"https:\/\/xixodrinks.com\/sk\/wp-json\/wp\/v2\/pages\/5012\/revisions\/5013"}],"up":[{"embeddable":true,"href":"https:\/\/xixodrinks.com\/sk\/wp-json\/wp\/v2\/pages\/4776"}],"wp:attachment":[{"href":"https:\/\/xixodrinks.com\/sk\/wp-json\/wp\/v2\/media?parent=5012"}],"curies":[{"name":"wp","href":"https:\/\/api.w.org\/{rel}","templated":true}]}}