{"id":5014,"date":"2024-03-31T10:46:03","date_gmt":"2024-03-31T08:46:03","guid":{"rendered":"https:\/\/xixodrinks.com\/produkty\/ice-tea\/jahodovy-cierny-caj\/"},"modified":"2024-04-03T14:00:22","modified_gmt":"2024-04-03T12:00:22","slug":"jahodovy-cierny-caj","status":"publish","type":"page","link":"https:\/\/xixodrinks.com\/sk\/produkty\/ice-tea\/jahodovy-cierny-caj\/","title":{"rendered":"JAHODOV\u00dd \u010cIERNY \u010cAJ"},"content":{"rendered":"\t\t<div data-elementor-type=\"wp-page\" data-elementor-id=\"5014\" class=\"elementor elementor-5014 elementor-4210\" data-elementor-post-type=\"page\">\n\t\t\t\t\t\t<section class=\"elementor-section elementor-top-section elementor-element elementor-element-1f6cb36a elementor-section-boxed elementor-section-height-default elementor-section-height-default\" data-id=\"1f6cb36a\" data-element_type=\"section\" data-e-type=\"section\">\n\t\t\t\t\t\t<div class=\"elementor-container elementor-column-gap-default\">\n\t\t\t\t\t<div class=\"elementor-column elementor-col-100 elementor-top-column elementor-element elementor-element-3d922e55\" data-id=\"3d922e55\" data-element_type=\"column\" data-e-type=\"column\">\n\t\t\t<div class=\"elementor-widget-wrap elementor-element-populated\">\n\t\t\t\t\t\t<div class=\"elementor-element elementor-element-52eed3e9 elementor-widget elementor-widget-spacer\" data-id=\"52eed3e9\" data-element_type=\"widget\" data-e-type=\"widget\" data-widget_type=\"spacer.default\">\n\t\t\t\t<div class=\"elementor-widget-container\">\n\t\t\t\t\t\t\t<div class=\"elementor-spacer\">\n\t\t\t<div class=\"elementor-spacer-inner\"><\/div>\n\t\t<\/div>\n\t\t\t\t\t\t<\/div>\n\t\t\t\t<\/div>\n\t\t\t\t\t<\/div>\n\t\t<\/div>\n\t\t\t\t\t<\/div>\n\t\t<\/section>\n\t\t\t\t<section class=\"elementor-section elementor-top-section elementor-element elementor-element-b22bd55 elementor-section-boxed elementor-section-height-default elementor-section-height-default\" data-id=\"b22bd55\" data-element_type=\"section\" data-e-type=\"section\">\n\t\t\t\t\t\t<div class=\"elementor-container elementor-column-gap-default\">\n\t\t\t\t\t<div class=\"elementor-column elementor-col-50 elementor-top-column elementor-element elementor-element-2dc6482e\" data-id=\"2dc6482e\" data-element_type=\"column\" data-e-type=\"column\">\n\t\t\t<div class=\"elementor-widget-wrap elementor-element-populated\">\n\t\t\t\t\t\t<div class=\"elementor-element elementor-element-75dbae9 elementor-widget elementor-widget-text-editor\" data-id=\"75dbae9\" data-element_type=\"widget\" data-e-type=\"widget\" data-widget_type=\"text-editor.default\">\n\t\t\t\t<div class=\"elementor-widget-container\">\n\t\t\t\t\t\t\t\t\t<ul>\n<li><strong>S ovocnou \u0161\u0165avou a pr\u00edrodn\u00fdm \u010dajov\u00fdm extraktom<\/strong><\/li>\n<li><strong>Neobsahuje \u017eiadne konzerva\u010dn\u00e9 l\u00e1tky<\/strong><\/li>\n<li><strong>Nekone\u010dne, 100 % recyklovate\u013en\u00e9 obaly; ekologick\u00e9 hlin\u00edkov\u00e9 obaly<\/strong><\/li>\n<\/ul>\n\t\t\t\t\t\t\t\t<\/div>\n\t\t\t\t<\/div>\n\t\t\t\t<div class=\"elementor-element elementor-element-1779205f elementor-widget elementor-widget-text-editor\" data-id=\"1779205f\" data-element_type=\"widget\" data-e-type=\"widget\" data-widget_type=\"text-editor.default\">\n\t\t\t\t<div class=\"elementor-widget-container\">\n\t\t\t\t\t\t\t\t\t<p>S oh\u013eadom na milovn\u00edkov jah\u00f4d sme v spolo\u010dnosti XIXO vytvorili n\u00e1\u0161 osvie\u017euj\u00faci \u013eadov\u00fd \u010daj s pr\u00edchu\u0165ou tohto jasne \u010derven\u00e9ho ovocia. Pri v\u00fdrobe tohto nealkoholick\u00e9ho n\u00e1poja s pr\u00edrodn\u00fdm extraktom z \u010dierneho \u010daju neboli pou\u017eit\u00e9 \u017eiadne konzerva\u010dn\u00e9 l\u00e1tky ani umel\u00e9 farbiv\u00e1. Vezmite si svoj ob\u013e\u00faben\u00fd \u013eadov\u00fd \u010daj so sebou, ke\u010f ste na cest\u00e1ch, v\u010faka jeho ekologick\u00e9mu 250-mililitrov\u00e9mu hlin\u00edkov\u00e9mu baleniu. XIXO Strawberry Ice Tea je osvie\u017euj\u00faci \u013eadov\u00fd \u010daj s jemn\u00fdm n\u00e1dychom sladkosti a s jemnou jahodovou chu\u0165ou. Je ide\u00e1lnou vo\u013ebou po\u010das hor\u00facich letn\u00fdch dn\u00ed a m\u00f4\u017ee by\u0165 dokonal\u00fdm osvie\u017een\u00edm v zime. Vysk\u00fa\u0161ajte ho aj vy a vychutnajte si osvie\u017euj\u00facu chu\u0165 \u013eadov\u00e9ho \u010daju XIXO s jahodovou pr\u00edchu\u0165ou!<\/p>\n\t\t\t\t\t\t\t\t<\/div>\n\t\t\t\t<\/div>\n\t\t\t\t\t<\/div>\n\t\t<\/div>\n\t\t\t\t<div class=\"elementor-column elementor-col-50 elementor-top-column elementor-element elementor-element-107b093f\" data-id=\"107b093f\" data-element_type=\"column\" data-e-type=\"column\">\n\t\t\t<div class=\"elementor-widget-wrap elementor-element-populated\">\n\t\t\t\t\t\t<div class=\"elementor-element elementor-element-3fdfa850 animated-slow elementor-invisible elementor-widget elementor-widget-image\" data-id=\"3fdfa850\" data-element_type=\"widget\" data-e-type=\"widget\" data-settings=\"{&quot;_animation&quot;:&quot;fadeIn&quot;}\" data-widget_type=\"image.default\">\n\t\t\t\t<div class=\"elementor-widget-container\">\n\t\t\t\t\t\t\t\t\t\t\t\t\t\t\t<img decoding=\"async\" src=\"https:\/\/xixodrinks.com\/wp-content\/uploads\/elementor\/thumbs\/XIXO_Tea_2021_EN_strawberry_2-rezimeen7v9szzwmpm10cw6bki7fvqgosujqgdsdfk.png\" title=\"XIXO_Tea_2021_EN_strawberry_2\" alt=\"XIXO_Tea_2021_EN_strawberry_2\" loading=\"lazy\" \/>\t\t\t\t\t\t\t\t\t\t\t\t\t\t\t<\/div>\n\t\t\t\t<\/div>\n\t\t\t\t\t<\/div>\n\t\t<\/div>\n\t\t\t\t\t<\/div>\n\t\t<\/section>\n\t\t\t\t<section class=\"elementor-section elementor-top-section elementor-element elementor-element-49fc8bde elementor-section-boxed elementor-section-height-default elementor-section-height-default\" data-id=\"49fc8bde\" data-element_type=\"section\" data-e-type=\"section\">\n\t\t\t\t\t\t<div class=\"elementor-container elementor-column-gap-default\">\n\t\t\t\t\t<div class=\"elementor-column elementor-col-100 elementor-top-column elementor-element elementor-element-36df367d\" data-id=\"36df367d\" data-element_type=\"column\" data-e-type=\"column\">\n\t\t\t<div class=\"elementor-widget-wrap elementor-element-populated\">\n\t\t\t\t\t\t<div class=\"elementor-element elementor-element-5baac37f elementor-widget elementor-widget-spacer\" data-id=\"5baac37f\" data-element_type=\"widget\" data-e-type=\"widget\" data-widget_type=\"spacer.default\">\n\t\t\t\t<div class=\"elementor-widget-container\">\n\t\t\t\t\t\t\t<div class=\"elementor-spacer\">\n\t\t\t<div class=\"elementor-spacer-inner\"><\/div>\n\t\t<\/div>\n\t\t\t\t\t\t<\/div>\n\t\t\t\t<\/div>\n\t\t\t\t\t<\/div>\n\t\t<\/div>\n\t\t\t\t\t<\/div>\n\t\t<\/section>\n\t\t\t\t<\/div>\n\t\t","protected":false},"excerpt":{"rendered":"<p>S ovocnou \u0161\u0165avou a pr\u00edrodn\u00fdm \u010dajov\u00fdm extraktom Neobsahuje \u017eiadne konzerva\u010dn\u00e9 l\u00e1tky Nekone\u010dne, 100 % recyklovate\u013en\u00e9 obaly; ekologick\u00e9 hlin\u00edkov\u00e9 obaly S oh\u013eadom na milovn\u00edkov jah\u00f4d sme v spolo\u010dnosti XIXO vytvorili n\u00e1\u0161 osvie\u017euj\u00faci \u013eadov\u00fd \u010daj s pr\u00edchu\u0165ou tohto jasne \u010derven\u00e9ho ovocia. Pri v\u00fdrobe tohto nealkoholick\u00e9ho n\u00e1poja s pr\u00edrodn\u00fdm extraktom z \u010dierneho \u010daju neboli pou\u017eit\u00e9 \u017eiadne konzerva\u010dn\u00e9 l\u00e1tky [&hellip;]<\/p>\n","protected":false},"author":1,"featured_media":0,"parent":4776,"menu_order":0,"comment_status":"closed","ping_status":"closed","template":"elementor_header_footer","meta":{"footnotes":""},"class_list":["post-5014","page","type-page","status-publish","hentry"],"_links":{"self":[{"href":"https:\/\/xixodrinks.com\/sk\/wp-json\/wp\/v2\/pages\/5014","targetHints":{"allow":["GET"]}}],"collection":[{"href":"https:\/\/xixodrinks.com\/sk\/wp-json\/wp\/v2\/pages"}],"about":[{"href":"https:\/\/xixodrinks.com\/sk\/wp-json\/wp\/v2\/types\/page"}],"author":[{"embeddable":true,"href":"https:\/\/xixodrinks.com\/sk\/wp-json\/wp\/v2\/users\/1"}],"replies":[{"embeddable":true,"href":"https:\/\/xixodrinks.com\/sk\/wp-json\/wp\/v2\/comments?post=5014"}],"version-history":[{"count":3,"href":"https:\/\/xixodrinks.com\/sk\/wp-json\/wp\/v2\/pages\/5014\/revisions"}],"predecessor-version":[{"id":5017,"href":"https:\/\/xixodrinks.com\/sk\/wp-json\/wp\/v2\/pages\/5014\/revisions\/5017"}],"up":[{"embeddable":true,"href":"https:\/\/xixodrinks.com\/sk\/wp-json\/wp\/v2\/pages\/4776"}],"wp:attachment":[{"href":"https:\/\/xixodrinks.com\/sk\/wp-json\/wp\/v2\/media?parent=5014"}],"curies":[{"name":"wp","href":"https:\/\/api.w.org\/{rel}","templated":true}]}}