{"id":5018,"date":"2024-03-31T10:43:28","date_gmt":"2024-03-31T08:43:28","guid":{"rendered":"https:\/\/xixodrinks.com\/produkty\/ice-tea\/cierny-caj-s-prichutou-malin-a-cucoriedok\/"},"modified":"2024-04-03T14:01:09","modified_gmt":"2024-04-03T12:01:09","slug":"cierny-caj-s-prichutou-malin-a-cucoriedok","status":"publish","type":"page","link":"https:\/\/xixodrinks.com\/sk\/produkty\/ice-tea\/cierny-caj-s-prichutou-malin-a-cucoriedok\/","title":{"rendered":"\u010cIERNY \u010cAJ S PR\u00cdCHU\u0164OU MAL\u00cdN A \u010cU\u010cORIEDOK"},"content":{"rendered":"\t\t<div data-elementor-type=\"wp-page\" data-elementor-id=\"5018\" class=\"elementor elementor-5018 elementor-4198\" data-elementor-post-type=\"page\">\n\t\t\t\t\t\t<section class=\"elementor-section elementor-top-section elementor-element elementor-element-9476ebb elementor-section-boxed elementor-section-height-default elementor-section-height-default\" data-id=\"9476ebb\" data-element_type=\"section\" data-e-type=\"section\">\n\t\t\t\t\t\t<div class=\"elementor-container elementor-column-gap-default\">\n\t\t\t\t\t<div class=\"elementor-column elementor-col-100 elementor-top-column elementor-element elementor-element-618f4094\" data-id=\"618f4094\" data-element_type=\"column\" data-e-type=\"column\">\n\t\t\t<div class=\"elementor-widget-wrap elementor-element-populated\">\n\t\t\t\t\t\t<div class=\"elementor-element elementor-element-68936dc8 elementor-widget elementor-widget-spacer\" data-id=\"68936dc8\" data-element_type=\"widget\" data-e-type=\"widget\" data-widget_type=\"spacer.default\">\n\t\t\t\t<div class=\"elementor-widget-container\">\n\t\t\t\t\t\t\t<div class=\"elementor-spacer\">\n\t\t\t<div class=\"elementor-spacer-inner\"><\/div>\n\t\t<\/div>\n\t\t\t\t\t\t<\/div>\n\t\t\t\t<\/div>\n\t\t\t\t\t<\/div>\n\t\t<\/div>\n\t\t\t\t\t<\/div>\n\t\t<\/section>\n\t\t\t\t<section class=\"elementor-section elementor-top-section elementor-element elementor-element-6c7a9a22 elementor-section-boxed elementor-section-height-default elementor-section-height-default\" data-id=\"6c7a9a22\" data-element_type=\"section\" data-e-type=\"section\">\n\t\t\t\t\t\t<div class=\"elementor-container elementor-column-gap-default\">\n\t\t\t\t\t<div class=\"elementor-column elementor-col-50 elementor-top-column elementor-element elementor-element-63cd6092\" data-id=\"63cd6092\" data-element_type=\"column\" data-e-type=\"column\">\n\t\t\t<div class=\"elementor-widget-wrap elementor-element-populated\">\n\t\t\t\t\t\t<div class=\"elementor-element elementor-element-2bb03d9e elementor-widget elementor-widget-text-editor\" data-id=\"2bb03d9e\" data-element_type=\"widget\" data-e-type=\"widget\" data-widget_type=\"text-editor.default\">\n\t\t\t\t<div class=\"elementor-widget-container\">\n\t\t\t\t\t\t\t\t\t<ul>\n<li><strong>S ovocnou \u0161\u0165avou a pr\u00edrodn\u00fdm \u010dajov\u00fdm extraktom<\/strong><\/li>\n<li><strong>Neobsahuje \u017eiadne konzerva\u010dn\u00e9 l\u00e1tky<\/strong><\/li>\n<li><strong>Nekone\u010dne, 100 % recyklovate\u013en\u00e9 obaly; ekologick\u00e9 hlin\u00edkov\u00e9 obaly<\/strong><\/li>\n<\/ul>\n\t\t\t\t\t\t\t\t<\/div>\n\t\t\t\t<\/div>\n\t\t\t\t<div class=\"elementor-element elementor-element-14818905 elementor-widget elementor-widget-text-editor\" data-id=\"14818905\" data-element_type=\"widget\" data-e-type=\"widget\" data-widget_type=\"text-editor.default\">\n\t\t\t\t<div class=\"elementor-widget-container\">\n\t\t\t\t\t\t\t\t\t<p>\u010cierny \u010daj XIXO s pr\u00edchu\u0165ou mal\u00edn a \u010du\u010doriedok o\u010dar\u00ed svojich konzumentov dokonal\u00fdm spojen\u00edm \u010derven\u00e9ho ovocia. Jedine\u010dn\u00e1 chu\u0165 v\u0161ak nie je v\u0161etko, \u010do tento n\u00e1poj pon\u00faka: harmonick\u00e1 zmes mal\u00edn a \u010du\u010doriedok sa v\u010faka svojmu obnoven\u00e9mu, modern\u00e9mu vzh\u013eadu stala jedn\u00fdm z najv\u00fdnimo\u010dnej\u0161\u00edch \u010dlenov radu XIXO. Vysk\u00fa\u0161ajte ho aj vy a vychutnajte si osvie\u017euj\u00facu chu\u0165 \u013eadov\u00e9ho \u010daju XIXO s pr\u00edchu\u0165ou mal\u00edn a \u010du\u010doriedok!<\/p>\n\t\t\t\t\t\t\t\t<\/div>\n\t\t\t\t<\/div>\n\t\t\t\t\t<\/div>\n\t\t<\/div>\n\t\t\t\t<div class=\"elementor-column elementor-col-50 elementor-top-column elementor-element elementor-element-f125f9d\" data-id=\"f125f9d\" data-element_type=\"column\" data-e-type=\"column\">\n\t\t\t<div class=\"elementor-widget-wrap elementor-element-populated\">\n\t\t\t\t\t\t<div class=\"elementor-element elementor-element-73053f4b animated-slow elementor-invisible elementor-widget elementor-widget-image\" data-id=\"73053f4b\" data-element_type=\"widget\" data-e-type=\"widget\" data-settings=\"{&quot;_animation&quot;:&quot;fadeIn&quot;}\" data-widget_type=\"image.default\">\n\t\t\t\t<div class=\"elementor-widget-container\">\n\t\t\t\t\t\t\t\t\t\t\t\t\t\t\t<img decoding=\"async\" src=\"https:\/\/xixodrinks.com\/wp-content\/uploads\/elementor\/thumbs\/XIXO-IT-Rapsberry-rezim8rm2v232c4tmjl8xxlk06z8ljuas2mtkq0qgw.png\" title=\"XIXO IT Rapsberry\" alt=\"XIXO IT Rapsberry\" loading=\"lazy\" \/>\t\t\t\t\t\t\t\t\t\t\t\t\t\t\t<\/div>\n\t\t\t\t<\/div>\n\t\t\t\t\t<\/div>\n\t\t<\/div>\n\t\t\t\t\t<\/div>\n\t\t<\/section>\n\t\t\t\t<section class=\"elementor-section elementor-top-section elementor-element elementor-element-514985cc elementor-section-boxed elementor-section-height-default elementor-section-height-default\" data-id=\"514985cc\" data-element_type=\"section\" data-e-type=\"section\">\n\t\t\t\t\t\t<div class=\"elementor-container elementor-column-gap-default\">\n\t\t\t\t\t<div class=\"elementor-column elementor-col-100 elementor-top-column elementor-element elementor-element-286bd74\" data-id=\"286bd74\" data-element_type=\"column\" data-e-type=\"column\">\n\t\t\t<div class=\"elementor-widget-wrap elementor-element-populated\">\n\t\t\t\t\t\t<div class=\"elementor-element elementor-element-2b01f402 elementor-widget elementor-widget-spacer\" data-id=\"2b01f402\" data-element_type=\"widget\" data-e-type=\"widget\" data-widget_type=\"spacer.default\">\n\t\t\t\t<div class=\"elementor-widget-container\">\n\t\t\t\t\t\t\t<div class=\"elementor-spacer\">\n\t\t\t<div class=\"elementor-spacer-inner\"><\/div>\n\t\t<\/div>\n\t\t\t\t\t\t<\/div>\n\t\t\t\t<\/div>\n\t\t\t\t\t<\/div>\n\t\t<\/div>\n\t\t\t\t\t<\/div>\n\t\t<\/section>\n\t\t\t\t<\/div>\n\t\t","protected":false},"excerpt":{"rendered":"<p>S ovocnou \u0161\u0165avou a pr\u00edrodn\u00fdm \u010dajov\u00fdm extraktom Neobsahuje \u017eiadne konzerva\u010dn\u00e9 l\u00e1tky Nekone\u010dne, 100 % recyklovate\u013en\u00e9 obaly; ekologick\u00e9 hlin\u00edkov\u00e9 obaly \u010cierny \u010daj XIXO s pr\u00edchu\u0165ou mal\u00edn a \u010du\u010doriedok o\u010dar\u00ed svojich konzumentov dokonal\u00fdm spojen\u00edm \u010derven\u00e9ho ovocia. Jedine\u010dn\u00e1 chu\u0165 v\u0161ak nie je v\u0161etko, \u010do tento n\u00e1poj pon\u00faka: harmonick\u00e1 zmes mal\u00edn a \u010du\u010doriedok sa v\u010faka svojmu obnoven\u00e9mu, modern\u00e9mu vzh\u013eadu [&hellip;]<\/p>\n","protected":false},"author":1,"featured_media":0,"parent":4776,"menu_order":0,"comment_status":"closed","ping_status":"closed","template":"elementor_header_footer","meta":{"footnotes":""},"class_list":["post-5018","page","type-page","status-publish","hentry"],"_links":{"self":[{"href":"https:\/\/xixodrinks.com\/sk\/wp-json\/wp\/v2\/pages\/5018","targetHints":{"allow":["GET"]}}],"collection":[{"href":"https:\/\/xixodrinks.com\/sk\/wp-json\/wp\/v2\/pages"}],"about":[{"href":"https:\/\/xixodrinks.com\/sk\/wp-json\/wp\/v2\/types\/page"}],"author":[{"embeddable":true,"href":"https:\/\/xixodrinks.com\/sk\/wp-json\/wp\/v2\/users\/1"}],"replies":[{"embeddable":true,"href":"https:\/\/xixodrinks.com\/sk\/wp-json\/wp\/v2\/comments?post=5018"}],"version-history":[{"count":3,"href":"https:\/\/xixodrinks.com\/sk\/wp-json\/wp\/v2\/pages\/5018\/revisions"}],"predecessor-version":[{"id":5021,"href":"https:\/\/xixodrinks.com\/sk\/wp-json\/wp\/v2\/pages\/5018\/revisions\/5021"}],"up":[{"embeddable":true,"href":"https:\/\/xixodrinks.com\/sk\/wp-json\/wp\/v2\/pages\/4776"}],"wp:attachment":[{"href":"https:\/\/xixodrinks.com\/sk\/wp-json\/wp\/v2\/media?parent=5018"}],"curies":[{"name":"wp","href":"https:\/\/api.w.org\/{rel}","templated":true}]}}