{"id":5030,"date":"2024-03-31T10:59:17","date_gmt":"2024-03-31T08:59:17","guid":{"rendered":"https:\/\/xixodrinks.com\/produkty\/csd\/xixo-tutti-fruity-apple\/"},"modified":"2024-10-09T15:43:17","modified_gmt":"2024-10-09T13:43:17","slug":"xixo-tutti-fruity-apple","status":"publish","type":"page","link":"https:\/\/xixodrinks.com\/sk\/produkty\/csd\/xixo-tutti-fruity-apple\/","title":{"rendered":"XIXO TUTTI FRUITY APPLE"},"content":{"rendered":"\t\t<div data-elementor-type=\"wp-page\" data-elementor-id=\"5030\" class=\"elementor elementor-5030 elementor-4291\" data-elementor-post-type=\"page\">\n\t\t\t\t\t\t<section class=\"elementor-section elementor-top-section elementor-element elementor-element-11f4f267 elementor-section-boxed elementor-section-height-default elementor-section-height-default\" data-id=\"11f4f267\" data-element_type=\"section\" data-e-type=\"section\">\n\t\t\t\t\t\t<div class=\"elementor-container elementor-column-gap-default\">\n\t\t\t\t\t<div class=\"elementor-column elementor-col-100 elementor-top-column elementor-element elementor-element-3d6b49f3\" data-id=\"3d6b49f3\" data-element_type=\"column\" data-e-type=\"column\">\n\t\t\t<div class=\"elementor-widget-wrap elementor-element-populated\">\n\t\t\t\t\t\t<div class=\"elementor-element elementor-element-81b5702 elementor-widget elementor-widget-spacer\" data-id=\"81b5702\" data-element_type=\"widget\" data-e-type=\"widget\" data-widget_type=\"spacer.default\">\n\t\t\t\t<div class=\"elementor-widget-container\">\n\t\t\t\t\t\t\t<div class=\"elementor-spacer\">\n\t\t\t<div class=\"elementor-spacer-inner\"><\/div>\n\t\t<\/div>\n\t\t\t\t\t\t<\/div>\n\t\t\t\t<\/div>\n\t\t\t\t\t<\/div>\n\t\t<\/div>\n\t\t\t\t\t<\/div>\n\t\t<\/section>\n\t\t\t\t<section class=\"elementor-section elementor-top-section elementor-element elementor-element-714d8cb0 elementor-section-boxed elementor-section-height-default elementor-section-height-default\" data-id=\"714d8cb0\" data-element_type=\"section\" data-e-type=\"section\">\n\t\t\t\t\t\t<div class=\"elementor-container elementor-column-gap-default\">\n\t\t\t\t\t<div class=\"elementor-column elementor-col-50 elementor-top-column elementor-element elementor-element-6623c0d8\" data-id=\"6623c0d8\" data-element_type=\"column\" data-e-type=\"column\">\n\t\t\t<div class=\"elementor-widget-wrap elementor-element-populated\">\n\t\t\t\t\t\t<div class=\"elementor-element elementor-element-6466a5a0 elementor-widget elementor-widget-text-editor\" data-id=\"6466a5a0\" data-element_type=\"widget\" data-e-type=\"widget\" data-widget_type=\"text-editor.default\">\n\t\t\t\t<div class=\"elementor-widget-container\">\n\t\t\t\t\t\t\t\t\t<ul>\n<li><strong>Bez kofe\u00ednu \/ bez kofe\u00ednu<\/strong><\/li>\n<li><strong>Obsahuje vitam\u00edny B2, B3, B5, B6, B12 a C<\/strong><\/li>\n<li><strong>Neobsahuje \u017eiadne konzerva\u010dn\u00e9 l\u00e1tky<\/strong><\/li>\n<li><strong>Neobsahuje aspart\u00e1m<\/strong><\/li>\n<\/ul>\n\t\t\t\t\t\t\t\t<\/div>\n\t\t\t\t<\/div>\n\t\t\t\t<div class=\"elementor-element elementor-element-57cfae0a elementor-widget elementor-widget-text-editor\" data-id=\"57cfae0a\" data-element_type=\"widget\" data-e-type=\"widget\" data-widget_type=\"text-editor.default\">\n\t\t\t\t<div class=\"elementor-widget-container\">\n\t\t\t\t\t\t\t\t\t<p>XIXO Tutti Fruity Apple prich\u00e1dza so \u0161peci\u00e1lnou pr\u00edchu\u0165ou jablko a tuttifrutti. Je ide\u00e1lnou vo\u013ebou pre milovn\u00edkov chuti energetick\u00fdch n\u00e1pojov, ktor\u00ed si chc\u00fa vychutna\u0165 pocit tutti frutti bez kofe\u00ednu. Osvie\u017euj\u00faci n\u00e1poj je vyroben\u00fd bez kofe\u00ednu, obohaten\u00fd o pridan\u00e9 vitam\u00edny B2, B3, B5, B6, B12 a C. V\u00fdrobok je dostupn\u00fd na pultoch predajn\u00ed za rovnak\u00fa odpor\u00fa\u010dan\u00fa maloobchodn\u00fa cenu ako s\u00fdten\u00e9 nealkoholick\u00e9 n\u00e1poje XIXO. Balenie Tutti Fruity Apple je v\u010faka hlin\u00edkovej plechovke nekone\u010dne recyklovate\u013en\u00e9.<\/p>\n\t\t\t\t\t\t\t\t<\/div>\n\t\t\t\t<\/div>\n\t\t\t\t\t<\/div>\n\t\t<\/div>\n\t\t\t\t<div class=\"elementor-column elementor-col-50 elementor-top-column elementor-element elementor-element-37b8b46a\" data-id=\"37b8b46a\" data-element_type=\"column\" data-e-type=\"column\">\n\t\t\t<div class=\"elementor-widget-wrap elementor-element-populated\">\n\t\t\t\t\t\t<div class=\"elementor-element elementor-element-2178974d animated-slow elementor-invisible elementor-widget elementor-widget-image\" data-id=\"2178974d\" data-element_type=\"widget\" data-e-type=\"widget\" data-settings=\"{&quot;_animation&quot;:&quot;fadeIn&quot;}\" data-widget_type=\"image.default\">\n\t\t\t\t<div class=\"elementor-widget-container\">\n\t\t\t\t\t\t\t\t\t\t\t\t\t\t\t<img decoding=\"async\" src=\"https:\/\/xixodrinks.com\/wp-content\/uploads\/elementor\/thumbs\/XIXO_TuttiFruity_Alma_HU_packshot_02-1-rezim8rm2v232c4tmjl8xxlk06z8ljuas2mtkq0qgw.png\" title=\"XIXO_TuttiFruity_Alma_HU_packshot_02 (1)\" alt=\"XIXO_TuttiFruity_Alma_HU_packshot_02 (1)\" loading=\"lazy\" \/>\t\t\t\t\t\t\t\t\t\t\t\t\t\t\t<\/div>\n\t\t\t\t<\/div>\n\t\t\t\t\t<\/div>\n\t\t<\/div>\n\t\t\t\t\t<\/div>\n\t\t<\/section>\n\t\t\t\t<section class=\"elementor-section elementor-top-section elementor-element elementor-element-91d14ba elementor-section-boxed elementor-section-height-default elementor-section-height-default\" data-id=\"91d14ba\" data-element_type=\"section\" data-e-type=\"section\">\n\t\t\t\t\t\t<div class=\"elementor-container elementor-column-gap-default\">\n\t\t\t\t\t<div class=\"elementor-column elementor-col-100 elementor-top-column elementor-element elementor-element-13b851a3\" data-id=\"13b851a3\" data-element_type=\"column\" data-e-type=\"column\">\n\t\t\t<div class=\"elementor-widget-wrap elementor-element-populated\">\n\t\t\t\t\t\t<div class=\"elementor-element elementor-element-2a9cf0a2 elementor-widget elementor-widget-spacer\" data-id=\"2a9cf0a2\" data-element_type=\"widget\" data-e-type=\"widget\" data-widget_type=\"spacer.default\">\n\t\t\t\t<div class=\"elementor-widget-container\">\n\t\t\t\t\t\t\t<div class=\"elementor-spacer\">\n\t\t\t<div class=\"elementor-spacer-inner\"><\/div>\n\t\t<\/div>\n\t\t\t\t\t\t<\/div>\n\t\t\t\t<\/div>\n\t\t\t\t\t<\/div>\n\t\t<\/div>\n\t\t\t\t\t<\/div>\n\t\t<\/section>\n\t\t\t\t<\/div>\n\t\t","protected":false},"excerpt":{"rendered":"<p>Bez kofe\u00ednu \/ bez kofe\u00ednu Obsahuje vitam\u00edny B2, B3, B5, B6, B12 a C Neobsahuje \u017eiadne konzerva\u010dn\u00e9 l\u00e1tky Neobsahuje aspart\u00e1m XIXO Tutti Fruity Apple prich\u00e1dza so \u0161peci\u00e1lnou pr\u00edchu\u0165ou jablko a tuttifrutti. Je ide\u00e1lnou vo\u013ebou pre milovn\u00edkov chuti energetick\u00fdch n\u00e1pojov, ktor\u00ed si chc\u00fa vychutna\u0165 pocit tutti frutti bez kofe\u00ednu. Osvie\u017euj\u00faci n\u00e1poj je vyroben\u00fd bez kofe\u00ednu, obohaten\u00fd [&hellip;]<\/p>\n","protected":false},"author":1,"featured_media":0,"parent":4760,"menu_order":0,"comment_status":"closed","ping_status":"closed","template":"elementor_header_footer","meta":{"footnotes":""},"class_list":["post-5030","page","type-page","status-publish","hentry"],"_links":{"self":[{"href":"https:\/\/xixodrinks.com\/sk\/wp-json\/wp\/v2\/pages\/5030","targetHints":{"allow":["GET"]}}],"collection":[{"href":"https:\/\/xixodrinks.com\/sk\/wp-json\/wp\/v2\/pages"}],"about":[{"href":"https:\/\/xixodrinks.com\/sk\/wp-json\/wp\/v2\/types\/page"}],"author":[{"embeddable":true,"href":"https:\/\/xixodrinks.com\/sk\/wp-json\/wp\/v2\/users\/1"}],"replies":[{"embeddable":true,"href":"https:\/\/xixodrinks.com\/sk\/wp-json\/wp\/v2\/comments?post=5030"}],"version-history":[{"count":4,"href":"https:\/\/xixodrinks.com\/sk\/wp-json\/wp\/v2\/pages\/5030\/revisions"}],"predecessor-version":[{"id":6788,"href":"https:\/\/xixodrinks.com\/sk\/wp-json\/wp\/v2\/pages\/5030\/revisions\/6788"}],"up":[{"embeddable":true,"href":"https:\/\/xixodrinks.com\/sk\/wp-json\/wp\/v2\/pages\/4760"}],"wp:attachment":[{"href":"https:\/\/xixodrinks.com\/sk\/wp-json\/wp\/v2\/media?parent=5030"}],"curies":[{"name":"wp","href":"https:\/\/api.w.org\/{rel}","templated":true}]}}