{"id":5034,"date":"2024-03-31T10:58:03","date_gmt":"2024-03-31T08:58:03","guid":{"rendered":"https:\/\/xixodrinks.com\/produkty\/csd\/tutti-fruity-cactus\/"},"modified":"2024-04-03T14:04:54","modified_gmt":"2024-04-03T12:04:54","slug":"tutti-fruity-cactus","status":"publish","type":"page","link":"https:\/\/xixodrinks.com\/sk\/produkty\/csd\/tutti-fruity-cactus\/","title":{"rendered":"TUTTI FRUITY CACTUS"},"content":{"rendered":"\t\t<div data-elementor-type=\"wp-page\" data-elementor-id=\"5034\" class=\"elementor elementor-5034 elementor-4285\" data-elementor-post-type=\"page\">\n\t\t\t\t\t\t<section class=\"elementor-section elementor-top-section elementor-element elementor-element-605cd4c0 elementor-section-boxed elementor-section-height-default elementor-section-height-default\" data-id=\"605cd4c0\" data-element_type=\"section\" data-e-type=\"section\">\n\t\t\t\t\t\t<div class=\"elementor-container elementor-column-gap-default\">\n\t\t\t\t\t<div class=\"elementor-column elementor-col-100 elementor-top-column elementor-element elementor-element-379b1be\" data-id=\"379b1be\" data-element_type=\"column\" data-e-type=\"column\">\n\t\t\t<div class=\"elementor-widget-wrap elementor-element-populated\">\n\t\t\t\t\t\t<div class=\"elementor-element elementor-element-4648c44a elementor-widget elementor-widget-spacer\" data-id=\"4648c44a\" data-element_type=\"widget\" data-e-type=\"widget\" data-widget_type=\"spacer.default\">\n\t\t\t\t<div class=\"elementor-widget-container\">\n\t\t\t\t\t\t\t<div class=\"elementor-spacer\">\n\t\t\t<div class=\"elementor-spacer-inner\"><\/div>\n\t\t<\/div>\n\t\t\t\t\t\t<\/div>\n\t\t\t\t<\/div>\n\t\t\t\t\t<\/div>\n\t\t<\/div>\n\t\t\t\t\t<\/div>\n\t\t<\/section>\n\t\t\t\t<section class=\"elementor-section elementor-top-section elementor-element elementor-element-47fa459 elementor-section-boxed elementor-section-height-default elementor-section-height-default\" data-id=\"47fa459\" data-element_type=\"section\" data-e-type=\"section\">\n\t\t\t\t\t\t<div class=\"elementor-container elementor-column-gap-default\">\n\t\t\t\t\t<div class=\"elementor-column elementor-col-50 elementor-top-column elementor-element elementor-element-5bc3c18e\" data-id=\"5bc3c18e\" data-element_type=\"column\" data-e-type=\"column\">\n\t\t\t<div class=\"elementor-widget-wrap elementor-element-populated\">\n\t\t\t\t\t\t<div class=\"elementor-element elementor-element-4c92d8b elementor-widget elementor-widget-text-editor\" data-id=\"4c92d8b\" data-element_type=\"widget\" data-e-type=\"widget\" data-widget_type=\"text-editor.default\">\n\t\t\t\t<div class=\"elementor-widget-container\">\n\t\t\t\t\t\t\t\t\t<ul>\n<li><strong>Bez kofe\u00ednu \/ bez kofe\u00ednu<\/strong><\/li>\n<li><strong>Obsahuje vitam\u00edny B2, B3, B5, B6, B12 a C<\/strong><\/li>\n<li><strong>Neobsahuje \u017eiadne konzerva\u010dn\u00e9 l\u00e1tky<\/strong><\/li>\n<li><strong>Neobsahuje aspart\u00e1m<\/strong><\/li>\n<\/ul>\n\t\t\t\t\t\t\t\t<\/div>\n\t\t\t\t<\/div>\n\t\t\t\t<div class=\"elementor-element elementor-element-24fc2fe4 elementor-widget elementor-widget-text-editor\" data-id=\"24fc2fe4\" data-element_type=\"widget\" data-e-type=\"widget\" data-widget_type=\"text-editor.default\">\n\t\t\t\t<div class=\"elementor-widget-container\">\n\t\t\t\t\t\t\t\t\t<p>XIXO Tutti Fruity Cactus pri\u0161iel, aby v\u00e1s preniesol priamo do tr\u00f3pov. Vezmite si n\u00e1\u0161 \u0161umiv\u00fd n\u00e1poj s pr\u00edchu\u0165ou kaktusovej opuncie, kivi a ovocnej zmesi a vyrazte do mesta!<\/p>\n<p>Vychutnajte si najnov\u0161ieho \u010dlena n\u00e1\u0161ho tria Tutti Fruity s nenapodobite\u013en\u00fdm \u0161t\u00fdlom, 5 vitam\u00ednmi skupiny B, bez kofe\u00ednu, bez konzerva\u010dn\u00fdch l\u00e1tok a v nekone\u010dne recyklovate\u013enom obale.<\/p>\n\t\t\t\t\t\t\t\t<\/div>\n\t\t\t\t<\/div>\n\t\t\t\t\t<\/div>\n\t\t<\/div>\n\t\t\t\t<div class=\"elementor-column elementor-col-50 elementor-top-column elementor-element elementor-element-3da3d280\" data-id=\"3da3d280\" data-element_type=\"column\" data-e-type=\"column\">\n\t\t\t<div class=\"elementor-widget-wrap elementor-element-populated\">\n\t\t\t\t\t\t<div class=\"elementor-element elementor-element-6d5477c1 animated-slow elementor-invisible elementor-widget elementor-widget-image\" data-id=\"6d5477c1\" data-element_type=\"widget\" data-e-type=\"widget\" data-settings=\"{&quot;_animation&quot;:&quot;fadeIn&quot;}\" data-widget_type=\"image.default\">\n\t\t\t\t<div class=\"elementor-widget-container\">\n\t\t\t\t\t\t\t\t\t\t\t\t\t\t\t<img decoding=\"async\" src=\"https:\/\/xixodrinks.com\/wp-content\/uploads\/elementor\/thumbs\/XIXO_Tutti_Fruity_Cactus_250_ED_02-rezim8rm2v232c4tmjl8xxlk06z8ljuas2mtkq0qgw.png\" title=\"XIXO_Tutti_Fruity_Cactus_250_ED_02\" alt=\"XIXO_Tutti_Fruity_Cactus_250_ED_02\" loading=\"lazy\" \/>\t\t\t\t\t\t\t\t\t\t\t\t\t\t\t<\/div>\n\t\t\t\t<\/div>\n\t\t\t\t\t<\/div>\n\t\t<\/div>\n\t\t\t\t\t<\/div>\n\t\t<\/section>\n\t\t\t\t<section class=\"elementor-section elementor-top-section elementor-element elementor-element-2e71ad7d elementor-section-boxed elementor-section-height-default elementor-section-height-default\" data-id=\"2e71ad7d\" data-element_type=\"section\" data-e-type=\"section\">\n\t\t\t\t\t\t<div class=\"elementor-container elementor-column-gap-default\">\n\t\t\t\t\t<div class=\"elementor-column elementor-col-100 elementor-top-column elementor-element elementor-element-3f716fd5\" data-id=\"3f716fd5\" data-element_type=\"column\" data-e-type=\"column\">\n\t\t\t<div class=\"elementor-widget-wrap elementor-element-populated\">\n\t\t\t\t\t\t<div class=\"elementor-element elementor-element-759e82c7 elementor-widget elementor-widget-spacer\" data-id=\"759e82c7\" data-element_type=\"widget\" data-e-type=\"widget\" data-widget_type=\"spacer.default\">\n\t\t\t\t<div class=\"elementor-widget-container\">\n\t\t\t\t\t\t\t<div class=\"elementor-spacer\">\n\t\t\t<div class=\"elementor-spacer-inner\"><\/div>\n\t\t<\/div>\n\t\t\t\t\t\t<\/div>\n\t\t\t\t<\/div>\n\t\t\t\t\t<\/div>\n\t\t<\/div>\n\t\t\t\t\t<\/div>\n\t\t<\/section>\n\t\t\t\t<\/div>\n\t\t","protected":false},"excerpt":{"rendered":"<p>Bez kofe\u00ednu \/ bez kofe\u00ednu Obsahuje vitam\u00edny B2, B3, B5, B6, B12 a C Neobsahuje \u017eiadne konzerva\u010dn\u00e9 l\u00e1tky Neobsahuje aspart\u00e1m XIXO Tutti Fruity Cactus pri\u0161iel, aby v\u00e1s preniesol priamo do tr\u00f3pov. Vezmite si n\u00e1\u0161 \u0161umiv\u00fd n\u00e1poj s pr\u00edchu\u0165ou kaktusovej opuncie, kivi a ovocnej zmesi a vyrazte do mesta! Vychutnajte si najnov\u0161ieho \u010dlena n\u00e1\u0161ho tria Tutti [&hellip;]<\/p>\n","protected":false},"author":1,"featured_media":0,"parent":4760,"menu_order":0,"comment_status":"closed","ping_status":"closed","template":"elementor_header_footer","meta":{"footnotes":""},"class_list":["post-5034","page","type-page","status-publish","hentry"],"_links":{"self":[{"href":"https:\/\/xixodrinks.com\/sk\/wp-json\/wp\/v2\/pages\/5034","targetHints":{"allow":["GET"]}}],"collection":[{"href":"https:\/\/xixodrinks.com\/sk\/wp-json\/wp\/v2\/pages"}],"about":[{"href":"https:\/\/xixodrinks.com\/sk\/wp-json\/wp\/v2\/types\/page"}],"author":[{"embeddable":true,"href":"https:\/\/xixodrinks.com\/sk\/wp-json\/wp\/v2\/users\/1"}],"replies":[{"embeddable":true,"href":"https:\/\/xixodrinks.com\/sk\/wp-json\/wp\/v2\/comments?post=5034"}],"version-history":[{"count":3,"href":"https:\/\/xixodrinks.com\/sk\/wp-json\/wp\/v2\/pages\/5034\/revisions"}],"predecessor-version":[{"id":5037,"href":"https:\/\/xixodrinks.com\/sk\/wp-json\/wp\/v2\/pages\/5034\/revisions\/5037"}],"up":[{"embeddable":true,"href":"https:\/\/xixodrinks.com\/sk\/wp-json\/wp\/v2\/pages\/4760"}],"wp:attachment":[{"href":"https:\/\/xixodrinks.com\/sk\/wp-json\/wp\/v2\/media?parent=5034"}],"curies":[{"name":"wp","href":"https:\/\/api.w.org\/{rel}","templated":true}]}}