{"id":5126,"date":"2024-03-31T09:49:51","date_gmt":"2024-03-31T07:49:51","guid":{"rendered":"https:\/\/xixodrinks.com\/xixo\/"},"modified":"2024-04-05T09:45:04","modified_gmt":"2024-04-05T07:45:04","slug":"o-nas","status":"publish","type":"page","link":"https:\/\/xixodrinks.com\/sk\/o-nas\/","title":{"rendered":"O n\u00e1s"},"content":{"rendered":"\t\t<div data-elementor-type=\"wp-page\" data-elementor-id=\"5126\" class=\"elementor elementor-5126 elementor-4024\" data-elementor-post-type=\"page\">\n\t\t\t\t\t\t<section class=\"elementor-section elementor-top-section elementor-element elementor-element-6040fca0 elementor-section-full_width elementor-section-stretched elementor-section-height-default elementor-section-height-default\" data-id=\"6040fca0\" data-element_type=\"section\" data-e-type=\"section\" data-settings=\"{&quot;stretch_section&quot;:&quot;section-stretched&quot;}\">\n\t\t\t\t\t\t<div class=\"elementor-container elementor-column-gap-no\">\n\t\t\t\t\t<div class=\"elementor-column elementor-col-100 elementor-top-column elementor-element elementor-element-fb6b441\" data-id=\"fb6b441\" data-element_type=\"column\" data-e-type=\"column\">\n\t\t\t<div class=\"elementor-widget-wrap elementor-element-populated\">\n\t\t\t\t\t\t<div class=\"elementor-element elementor-element-32bf4a29 elementor-widget elementor-widget-image\" data-id=\"32bf4a29\" data-element_type=\"widget\" data-e-type=\"widget\" data-widget_type=\"image.default\">\n\t\t\t\t<div class=\"elementor-widget-container\">\n\t\t\t\t\t\t\t\t\t\t\t\t\t\t\t<img fetchpriority=\"high\" decoding=\"async\" width=\"2560\" height=\"500\" src=\"https:\/\/xixodrinks.com\/wp-content\/uploads\/2022\/05\/Xixo_Web_2560x500_gyartosor.jpg\" class=\"attachment-full size-full wp-image-734\" alt=\"\" srcset=\"https:\/\/xixodrinks.com\/wp-content\/uploads\/2022\/05\/Xixo_Web_2560x500_gyartosor.jpg 2560w, https:\/\/xixodrinks.com\/wp-content\/uploads\/2022\/05\/Xixo_Web_2560x500_gyartosor-300x59.jpg 300w, https:\/\/xixodrinks.com\/wp-content\/uploads\/2022\/05\/Xixo_Web_2560x500_gyartosor-1024x200.jpg 1024w, https:\/\/xixodrinks.com\/wp-content\/uploads\/2022\/05\/Xixo_Web_2560x500_gyartosor-768x150.jpg 768w, https:\/\/xixodrinks.com\/wp-content\/uploads\/2022\/05\/Xixo_Web_2560x500_gyartosor-1536x300.jpg 1536w, https:\/\/xixodrinks.com\/wp-content\/uploads\/2022\/05\/Xixo_Web_2560x500_gyartosor-2048x400.jpg 2048w\" sizes=\"(max-width: 2560px) 100vw, 2560px\" \/>\t\t\t\t\t\t\t\t\t\t\t\t\t\t\t<\/div>\n\t\t\t\t<\/div>\n\t\t\t\t\t<\/div>\n\t\t<\/div>\n\t\t\t\t\t<\/div>\n\t\t<\/section>\n\t\t\t\t<section class=\"elementor-section elementor-top-section elementor-element elementor-element-4695e514 elementor-section-boxed elementor-section-height-default elementor-section-height-default\" data-id=\"4695e514\" data-element_type=\"section\" data-e-type=\"section\">\n\t\t\t\t\t\t<div class=\"elementor-container elementor-column-gap-default\">\n\t\t\t\t\t<div class=\"elementor-column elementor-col-100 elementor-top-column elementor-element elementor-element-43e2d586\" data-id=\"43e2d586\" data-element_type=\"column\" data-e-type=\"column\">\n\t\t\t<div class=\"elementor-widget-wrap elementor-element-populated\">\n\t\t\t\t\t\t<div class=\"elementor-element elementor-element-4a047263 elementor-widget elementor-widget-heading\" data-id=\"4a047263\" data-element_type=\"widget\" data-e-type=\"widget\" data-widget_type=\"heading.default\">\n\t\t\t\t<div class=\"elementor-widget-container\">\n\t\t\t\t\t<h2 class=\"elementor-heading-title elementor-size-default\">XIXO<\/h2>\t\t\t\t<\/div>\n\t\t\t\t<\/div>\n\t\t\t\t\t<\/div>\n\t\t<\/div>\n\t\t\t\t\t<\/div>\n\t\t<\/section>\n\t\t\t\t<section class=\"elementor-section elementor-top-section elementor-element elementor-element-36589613 elementor-section-boxed elementor-section-height-default elementor-section-height-default\" data-id=\"36589613\" data-element_type=\"section\" data-e-type=\"section\">\n\t\t\t\t\t\t<div class=\"elementor-container elementor-column-gap-default\">\n\t\t\t\t\t<div class=\"elementor-column elementor-col-100 elementor-top-column elementor-element elementor-element-9413256\" data-id=\"9413256\" data-element_type=\"column\" data-e-type=\"column\">\n\t\t\t<div class=\"elementor-widget-wrap elementor-element-populated\">\n\t\t\t\t\t\t<div class=\"elementor-element elementor-element-2bbab1c1 elementor-widget elementor-widget-text-editor\" data-id=\"2bbab1c1\" data-element_type=\"widget\" data-e-type=\"widget\" data-widget_type=\"text-editor.default\">\n\t\t\t\t<div class=\"elementor-widget-container\">\n\t\t\t\t\t\t\t\t\t<p>Od roku 2013 zna\u010dka XIXO sp\u00e1ja v\u0161etko potrebn\u00e9 na vytvorenie skuto\u010dne jedine\u010dn\u00e9ho spotrebite\u013esk\u00e9ho z\u00e1\u017eitku. Na\u0161e v\u00fdrobky s\u00fa vyr\u00e1ban\u00e9 z vybran\u00fdch, kvalitn\u00fdch surov\u00edn a so siln\u00fdm d\u00f4razom na zdravie. Na\u0161a zna\u010dka je zn\u00e1ma svojou inovat\u00edvnos\u0165ou, odvahou, mlados\u0165ou a citlivos\u0165ou na trendy a na\u0161i v\u00fdvoj\u00e1ri v\u00fdrobkov neust\u00e1le pracuj\u00fa na vytv\u00e1ran\u00ed harmonick\u00fdch recept\u00far s kvalitn\u00fdmi surovinami.<\/p><p>Na\u0161e s\u00fdten\u00e9 n\u00e1poje sa vyr\u00e1baj\u00fa zo st\u00e9vie a frukt\u00f3zy, bez aspart\u00e1mu a konzerva\u010dn\u00fdch l\u00e1tok. Tajomstvom \u00faspechu na\u0161ich \u013eadov\u00fdch \u010dajov je \u0161irok\u00e1 \u0161k\u00e1la pr\u00edchut\u00ed, prijate\u013en\u00e1 cena, pr\u00edrodn\u00fd \u010dajov\u00fd extrakt a skuto\u010dn\u00e1 \u0161\u0165ava. N\u00e1\u0161 rad Tutti-Fruity v roku 2022 explodoval do povedomia verejnosti ako skuto\u010dn\u00e1 inov\u00e1cia a r\u00fdchlo sa stal ob\u013e\u00faben\u00fdm n\u00e1pojom spotrebite\u013eov v Ma\u010farsku. N\u00e1poje Tutti-Fruity s\u00fa dostupn\u00e9 v r\u00f4znych pr\u00edchutiach, prirodzene bez kofe\u00ednu, s pridan\u00fdmi vitam\u00ednmi a bez konzerva\u010dn\u00fdch l\u00e1tok.<\/p><p>Zna\u010dka XIXO sa vyzna\u010duje aj ekologick\u00fdmi obalmi, ke\u010f\u017ee na\u0161e v\u00fdrobky sa vyr\u00e1baj\u00fa z vysok\u00e9ho percenta recyklovan\u00fdch hlin\u00edkov\u00fdch materi\u00e1lov, ktor\u00e9 s\u00fa navy\u0161e 100 % recyklovate\u013en\u00e9. S\u00fdten\u00e9 n\u00e1poje XIXO s\u00fa balen\u00e9 v\u00fdlu\u010dne do hlin\u00edkov\u00fdch plechoviek, \u010do z\u00e1rove\u0148 znamen\u00e1, \u017ee na\u0161a spolo\u010dnos\u0165 v tomto sortimente \u00faplne vyl\u00fa\u010dila balenie do PET flia\u0161.<\/p>\t\t\t\t\t\t\t\t<\/div>\n\t\t\t\t<\/div>\n\t\t\t\t<div class=\"elementor-element elementor-element-34b8b259 elementor-widget elementor-widget-spacer\" data-id=\"34b8b259\" data-element_type=\"widget\" data-e-type=\"widget\" data-widget_type=\"spacer.default\">\n\t\t\t\t<div class=\"elementor-widget-container\">\n\t\t\t\t\t\t\t<div class=\"elementor-spacer\">\n\t\t\t<div class=\"elementor-spacer-inner\"><\/div>\n\t\t<\/div>\n\t\t\t\t\t\t<\/div>\n\t\t\t\t<\/div>\n\t\t\t\t\t<\/div>\n\t\t<\/div>\n\t\t\t\t\t<\/div>\n\t\t<\/section>\n\t\t\t\t<\/div>\n\t\t","protected":false},"excerpt":{"rendered":"<p>XIXO Od roku 2013 zna\u010dka XIXO sp\u00e1ja v\u0161etko potrebn\u00e9 na vytvorenie skuto\u010dne jedine\u010dn\u00e9ho spotrebite\u013esk\u00e9ho z\u00e1\u017eitku. Na\u0161e v\u00fdrobky s\u00fa vyr\u00e1ban\u00e9 z vybran\u00fdch, kvalitn\u00fdch surov\u00edn a so siln\u00fdm d\u00f4razom na zdravie. Na\u0161a zna\u010dka je zn\u00e1ma svojou inovat\u00edvnos\u0165ou, odvahou, mlados\u0165ou a citlivos\u0165ou na trendy a na\u0161i v\u00fdvoj\u00e1ri v\u00fdrobkov neust\u00e1le pracuj\u00fa na vytv\u00e1ran\u00ed harmonick\u00fdch recept\u00far s kvalitn\u00fdmi surovinami. Na\u0161e [&hellip;]<\/p>\n","protected":false},"author":1,"featured_media":0,"parent":0,"menu_order":0,"comment_status":"closed","ping_status":"closed","template":"elementor_header_footer","meta":{"footnotes":""},"class_list":["post-5126","page","type-page","status-publish","hentry"],"_links":{"self":[{"href":"https:\/\/xixodrinks.com\/sk\/wp-json\/wp\/v2\/pages\/5126","targetHints":{"allow":["GET"]}}],"collection":[{"href":"https:\/\/xixodrinks.com\/sk\/wp-json\/wp\/v2\/pages"}],"about":[{"href":"https:\/\/xixodrinks.com\/sk\/wp-json\/wp\/v2\/types\/page"}],"author":[{"embeddable":true,"href":"https:\/\/xixodrinks.com\/sk\/wp-json\/wp\/v2\/users\/1"}],"replies":[{"embeddable":true,"href":"https:\/\/xixodrinks.com\/sk\/wp-json\/wp\/v2\/comments?post=5126"}],"version-history":[{"count":10,"href":"https:\/\/xixodrinks.com\/sk\/wp-json\/wp\/v2\/pages\/5126\/revisions"}],"predecessor-version":[{"id":5969,"href":"https:\/\/xixodrinks.com\/sk\/wp-json\/wp\/v2\/pages\/5126\/revisions\/5969"}],"wp:attachment":[{"href":"https:\/\/xixodrinks.com\/sk\/wp-json\/wp\/v2\/media?parent=5126"}],"curies":[{"name":"wp","href":"https:\/\/api.w.org\/{rel}","templated":true}]}}