{"id":5227,"date":"2024-04-03T19:41:49","date_gmt":"2024-04-03T17:41:49","guid":{"rendered":"https:\/\/xixodrinks.com\/udrzatelnost\/"},"modified":"2024-05-08T11:29:56","modified_gmt":"2024-05-08T09:29:56","slug":"udrzatelnost","status":"publish","type":"page","link":"https:\/\/xixodrinks.com\/sk\/udrzatelnost\/","title":{"rendered":"Udr\u017eate\u013enos\u0165"},"content":{"rendered":"\t\t<div data-elementor-type=\"wp-page\" data-elementor-id=\"5227\" class=\"elementor elementor-5227 elementor-5177\" data-elementor-post-type=\"page\">\n\t\t\t\t\t\t<section class=\"elementor-section elementor-top-section elementor-element elementor-element-2747cc6 elementor-section-boxed elementor-section-height-default elementor-section-height-default\" data-id=\"2747cc6\" data-element_type=\"section\" data-e-type=\"section\">\n\t\t\t\t\t\t<div class=\"elementor-container elementor-column-gap-default\">\n\t\t\t\t\t<div class=\"elementor-column elementor-col-100 elementor-top-column elementor-element elementor-element-8dbadee\" data-id=\"8dbadee\" data-element_type=\"column\" data-e-type=\"column\">\n\t\t\t<div class=\"elementor-widget-wrap elementor-element-populated\">\n\t\t\t\t\t\t<div class=\"elementor-element elementor-element-dc7e024 elementor-widget elementor-widget-spacer\" data-id=\"dc7e024\" data-element_type=\"widget\" data-e-type=\"widget\" data-widget_type=\"spacer.default\">\n\t\t\t\t<div class=\"elementor-widget-container\">\n\t\t\t\t\t\t\t<div class=\"elementor-spacer\">\n\t\t\t<div class=\"elementor-spacer-inner\"><\/div>\n\t\t<\/div>\n\t\t\t\t\t\t<\/div>\n\t\t\t\t<\/div>\n\t\t\t\t\t<\/div>\n\t\t<\/div>\n\t\t\t\t\t<\/div>\n\t\t<\/section>\n\t\t\t\t<section class=\"elementor-section elementor-top-section elementor-element elementor-element-ecf8a90 elementor-section-boxed elementor-section-height-default elementor-section-height-default\" data-id=\"ecf8a90\" data-element_type=\"section\" data-e-type=\"section\">\n\t\t\t\t\t\t<div class=\"elementor-container elementor-column-gap-default\">\n\t\t\t\t\t<div class=\"elementor-column elementor-col-50 elementor-top-column elementor-element elementor-element-4ca56aa\" data-id=\"4ca56aa\" data-element_type=\"column\" data-e-type=\"column\">\n\t\t\t<div class=\"elementor-widget-wrap elementor-element-populated\">\n\t\t\t\t\t\t<div class=\"elementor-element elementor-element-c19f0fd elementor-widget elementor-widget-image\" data-id=\"c19f0fd\" data-element_type=\"widget\" data-e-type=\"widget\" data-widget_type=\"image.default\">\n\t\t\t\t<div class=\"elementor-widget-container\">\n\t\t\t\t\t\t\t\t\t\t\t\t\t\t\t<img fetchpriority=\"high\" decoding=\"async\" width=\"400\" height=\"500\" src=\"https:\/\/xixodrinks.com\/wp-content\/uploads\/2024\/04\/can_mit_tehetsz.png\" class=\"attachment-full size-full wp-image-5190\" alt=\"\" srcset=\"https:\/\/xixodrinks.com\/wp-content\/uploads\/2024\/04\/can_mit_tehetsz.png 400w, https:\/\/xixodrinks.com\/wp-content\/uploads\/2024\/04\/can_mit_tehetsz-240x300.png 240w\" sizes=\"(max-width: 400px) 100vw, 400px\" \/>\t\t\t\t\t\t\t\t\t\t\t\t\t\t\t<\/div>\n\t\t\t\t<\/div>\n\t\t\t\t\t<\/div>\n\t\t<\/div>\n\t\t\t\t<div class=\"elementor-column elementor-col-50 elementor-top-column elementor-element elementor-element-c9a05fe\" data-id=\"c9a05fe\" data-element_type=\"column\" data-e-type=\"column\">\n\t\t\t<div class=\"elementor-widget-wrap elementor-element-populated\">\n\t\t\t\t\t\t<div class=\"elementor-element elementor-element-a85fcc9 elementor-widget elementor-widget-text-editor\" data-id=\"a85fcc9\" data-element_type=\"widget\" data-e-type=\"widget\" data-widget_type=\"text-editor.default\">\n\t\t\t\t<div class=\"elementor-widget-container\">\n\t\t\t\t\t\t\t\t\t<p><strong>Na\u0161e hlin\u00edkov\u00e9 plechovky XIXO s\u00fa navrhnut\u00e9 tak, aby vydr\u017eali nav\u017edy<\/strong><\/p><p>Hlin\u00edkov\u00e9 obaly na\u0161ich v\u00fdrobkov s\u00fa vyroben\u00e9 z nekone\u010dne recyklovate\u013en\u00fdch materi\u00e1lov.<\/p><p>Hlin\u00edk je k\u013e\u00fa\u010dovou zlo\u017ekou n\u00edzkouhl\u00edkov\u00e9ho obehov\u00e9ho hospod\u00e1rstva. Nielen\u017ee je \u013eahk\u00fd, odoln\u00fd a pru\u017en\u00fd, chr\u00e1ni tekutinu pred svetlom, kysl\u00edkom, kontaminantmi a patog\u00e9nmi, ale je aj nekone\u010dne 100 % recyklovate\u013en\u00fd a jeho taviaci proces \u0161etr\u00ed a\u017e 95 % energie.<\/p><p>75 % hlin\u00edka, ktor\u00fd bol kedy vyroben\u00fd, je dodnes v obehu.<\/p><p>V\u010faka uvedomel\u00e9mu z\u00edskavaniu zdrojov pou\u017e\u00edvame na v\u00fdrobu na\u0161ich hlin\u00edkov\u00fdch plechoviek v\u00e4\u010d\u0161inou hlin\u00edk SPEIRA ORBIS, ktor\u00fd m\u00e1 mimoriadne vysok\u00fd obsah recyklovan\u00e9ho hlin\u00edka. To znamen\u00e1, \u017ee obnoven\u00fd a pou\u017eit\u00fd hlin\u00edk bol ur\u010dite aspo\u0148 raz spotrebite\u013esk\u00fdm v\u00fdrobkom. \u010c\u00edm vy\u0161\u0161\u00ed je obsah recyklovan\u00e9ho hlin\u00edka, t\u00fdm lep\u0161ie pre \u017eivotn\u00e9 prostredie. V\u00fdsledkom je, \u017ee hlin\u00edk, ktor\u00fd pou\u017e\u00edvame, m\u00e1 celosvetovo v\u00fdnimo\u010dne n\u00edzku uhl\u00edkov\u00fa stopu, \u010d\u00edm je pr\u00edkladom pre cel\u00e9 odvetvie.<\/p><p>Na\u0161a skupina za posledn\u00fdch 5 rokov zn\u00ed\u017eila podiel obalov z PET flia\u0161 na menej ako 5 % a na\u0161\u00edm cie\u013eom je zn\u00ed\u017ei\u0165 ho do roku 2025 na menej ako 1 %.\u00a0<\/p><p>Nezabudnite preto n\u00e1pojov\u00e9 plechovky hodi\u0165 do recykl\u00e1cie \u2013 za 60 dn\u00ed m\u00f4\u017eu ma\u0165 nov\u00fd \u017eivot!<\/p>\t\t\t\t\t\t\t\t<\/div>\n\t\t\t\t<\/div>\n\t\t\t\t\t<\/div>\n\t\t<\/div>\n\t\t\t\t\t<\/div>\n\t\t<\/section>\n\t\t\t\t<\/div>\n\t\t","protected":false},"excerpt":{"rendered":"<p>Na\u0161e hlin\u00edkov\u00e9 plechovky XIXO s\u00fa navrhnut\u00e9 tak, aby vydr\u017eali nav\u017edy Hlin\u00edkov\u00e9 obaly na\u0161ich v\u00fdrobkov s\u00fa vyroben\u00e9 z nekone\u010dne recyklovate\u013en\u00fdch materi\u00e1lov. Hlin\u00edk je k\u013e\u00fa\u010dovou zlo\u017ekou n\u00edzkouhl\u00edkov\u00e9ho obehov\u00e9ho hospod\u00e1rstva. Nielen\u017ee je \u013eahk\u00fd, odoln\u00fd a pru\u017en\u00fd, chr\u00e1ni tekutinu pred svetlom, kysl\u00edkom, kontaminantmi a patog\u00e9nmi, ale je aj nekone\u010dne 100 % recyklovate\u013en\u00fd a jeho taviaci proces \u0161etr\u00ed a\u017e 95 [&hellip;]<\/p>\n","protected":false},"author":1,"featured_media":0,"parent":0,"menu_order":0,"comment_status":"closed","ping_status":"closed","template":"elementor_header_footer","meta":{"footnotes":""},"class_list":["post-5227","page","type-page","status-publish","hentry"],"_links":{"self":[{"href":"https:\/\/xixodrinks.com\/sk\/wp-json\/wp\/v2\/pages\/5227","targetHints":{"allow":["GET"]}}],"collection":[{"href":"https:\/\/xixodrinks.com\/sk\/wp-json\/wp\/v2\/pages"}],"about":[{"href":"https:\/\/xixodrinks.com\/sk\/wp-json\/wp\/v2\/types\/page"}],"author":[{"embeddable":true,"href":"https:\/\/xixodrinks.com\/sk\/wp-json\/wp\/v2\/users\/1"}],"replies":[{"embeddable":true,"href":"https:\/\/xixodrinks.com\/sk\/wp-json\/wp\/v2\/comments?post=5227"}],"version-history":[{"count":7,"href":"https:\/\/xixodrinks.com\/sk\/wp-json\/wp\/v2\/pages\/5227\/revisions"}],"predecessor-version":[{"id":6424,"href":"https:\/\/xixodrinks.com\/sk\/wp-json\/wp\/v2\/pages\/5227\/revisions\/6424"}],"wp:attachment":[{"href":"https:\/\/xixodrinks.com\/sk\/wp-json\/wp\/v2\/media?parent=5227"}],"curies":[{"name":"wp","href":"https:\/\/api.w.org\/{rel}","templated":true}]}}