{"id":8658,"date":"2026-03-17T15:51:11","date_gmt":"2026-03-17T13:51:11","guid":{"rendered":"https:\/\/xixodrinks.com\/?page_id=8658"},"modified":"2026-03-17T15:52:14","modified_gmt":"2026-03-17T13:52:14","slug":"xixo-exotic","status":"publish","type":"page","link":"https:\/\/xixodrinks.com\/sk\/produkty\/csd\/xixo-exotic\/","title":{"rendered":"XIXO EXOTIC"},"content":{"rendered":"\t\t<div data-elementor-type=\"wp-page\" data-elementor-id=\"8658\" class=\"elementor elementor-8658\" data-elementor-post-type=\"page\">\n\t\t\t\t\t\t<section class=\"elementor-section elementor-top-section elementor-element elementor-element-2679125a elementor-section-boxed elementor-section-height-default elementor-section-height-default\" data-id=\"2679125a\" data-element_type=\"section\" data-e-type=\"section\">\n\t\t\t\t\t\t<div class=\"elementor-container elementor-column-gap-default\">\n\t\t\t\t\t<div class=\"elementor-column elementor-col-100 elementor-top-column elementor-element elementor-element-73bea137\" data-id=\"73bea137\" data-element_type=\"column\" data-e-type=\"column\">\n\t\t\t<div class=\"elementor-widget-wrap elementor-element-populated\">\n\t\t\t\t\t\t<div class=\"elementor-element elementor-element-57694306 elementor-widget elementor-widget-spacer\" data-id=\"57694306\" data-element_type=\"widget\" data-e-type=\"widget\" data-widget_type=\"spacer.default\">\n\t\t\t\t<div class=\"elementor-widget-container\">\n\t\t\t\t\t\t\t<div class=\"elementor-spacer\">\n\t\t\t<div class=\"elementor-spacer-inner\"><\/div>\n\t\t<\/div>\n\t\t\t\t\t\t<\/div>\n\t\t\t\t<\/div>\n\t\t\t\t\t<\/div>\n\t\t<\/div>\n\t\t\t\t\t<\/div>\n\t\t<\/section>\n\t\t\t\t<section class=\"elementor-section elementor-top-section elementor-element elementor-element-3963995a elementor-section-boxed elementor-section-height-default elementor-section-height-default\" data-id=\"3963995a\" data-element_type=\"section\" data-e-type=\"section\">\n\t\t\t\t\t\t<div class=\"elementor-container elementor-column-gap-default\">\n\t\t\t\t\t<div class=\"elementor-column elementor-col-50 elementor-top-column elementor-element elementor-element-25f1fdcf\" data-id=\"25f1fdcf\" data-element_type=\"column\" data-e-type=\"column\">\n\t\t\t<div class=\"elementor-widget-wrap elementor-element-populated\">\n\t\t\t\t\t\t<div class=\"elementor-element elementor-element-621eb42d elementor-widget elementor-widget-text-editor\" data-id=\"621eb42d\" data-element_type=\"widget\" data-e-type=\"widget\" data-widget_type=\"text-editor.default\">\n\t\t\t\t<div class=\"elementor-widget-container\">\n\t\t\t\t\t\t\t\t\t<ul><li><strong>ZMES OVOCN\u00ddCH PR\u00cdCHUT\u00cd<\/strong><\/li><li><strong>BEZ KONZERVANTOV<\/strong><\/li><li><strong>100 % RECYKLOVATE\u013dN\u00c1 HLIN\u00cdKOV\u00c1 PLECHOVKA BEZ STRATY KVALITY<\/strong><\/li><\/ul>\t\t\t\t\t\t\t\t<\/div>\n\t\t\t\t<\/div>\n\t\t\t\t<div class=\"elementor-element elementor-element-50dc1b46 elementor-widget elementor-widget-text-editor\" data-id=\"50dc1b46\" data-element_type=\"widget\" data-e-type=\"widget\" data-widget_type=\"text-editor.default\">\n\t\t\t\t<div class=\"elementor-widget-container\">\n\t\t\t\t\t\t\t\t\t<p>Pre\u010do o exotick\u00fdch pr\u00edchutiach len sn\u00edva\u0165, ke\u010f ich m\u00f4\u017ee\u0161 ochutna\u0165?<br \/>XIXO Exotic sp\u00e1ja najzauj\u00edmavej\u0161ie ovocn\u00e9 pr\u00edchute sveta do jedn\u00e9ho odv\u00e1\u017eneho d\u00fa\u0161ku \u2013 kombin\u00e1cie, ktor\u00e1 \u0165a spo\u013eahlivo vytiahne z komfortnej z\u00f3ny. Ka\u017ed\u00fd d\u00fa\u0161ok prekvap\u00ed odv\u00e1\u017enou, no vyv\u00e1\u017eenou pr\u00edchu\u0165ou a jemn\u00e9 perlenie prid\u00e1va ten spr\u00e1vny \u0161tipkaj\u00faci iskriaci n\u00e1dych.<\/p><p>Bez konzervantov, v 100 % recyklovate\u013enej hlin\u00edkovej plechovke bez straty kvality. Tento n\u00e1poj nejde s davom \u2013 p\u00ed\u0161e vlastn\u00fd pr\u00edbeh.<\/p><p>Exotick\u00fd, perliv\u00fd a skvel\u00fd \u2013 to je XIXO Exotic!<\/p>\t\t\t\t\t\t\t\t<\/div>\n\t\t\t\t<\/div>\n\t\t\t\t\t<\/div>\n\t\t<\/div>\n\t\t\t\t<div class=\"elementor-column elementor-col-50 elementor-top-column elementor-element elementor-element-3398a143\" data-id=\"3398a143\" data-element_type=\"column\" data-e-type=\"column\">\n\t\t\t<div class=\"elementor-widget-wrap elementor-element-populated\">\n\t\t\t\t\t\t<div class=\"elementor-element elementor-element-7e9a39de animated-slow elementor-invisible elementor-widget elementor-widget-image\" data-id=\"7e9a39de\" data-element_type=\"widget\" data-e-type=\"widget\" data-settings=\"{&quot;_animation&quot;:&quot;fadeIn&quot;}\" data-widget_type=\"image.default\">\n\t\t\t\t<div class=\"elementor-widget-container\">\n\t\t\t\t\t\t\t\t\t\t\t\t\t\t\t<img decoding=\"async\" src=\"https:\/\/xixodrinks.com\/wp-content\/uploads\/elementor\/thumbs\/XIXO_EXOTIC_packshot_02-scaled-rkn6obrb18ar783n65ct61fmuawf5r96fhhxn6o4qo.png\" title=\"XIXO_EXOTIC_packshot_02\" alt=\"XIXO_EXOTIC_packshot_02\" loading=\"lazy\" \/>\t\t\t\t\t\t\t\t\t\t\t\t\t\t\t<\/div>\n\t\t\t\t<\/div>\n\t\t\t\t\t<\/div>\n\t\t<\/div>\n\t\t\t\t\t<\/div>\n\t\t<\/section>\n\t\t\t\t<section class=\"elementor-section elementor-top-section elementor-element elementor-element-72e86403 elementor-section-boxed elementor-section-height-default elementor-section-height-default\" data-id=\"72e86403\" data-element_type=\"section\" data-e-type=\"section\">\n\t\t\t\t\t\t<div class=\"elementor-container elementor-column-gap-default\">\n\t\t\t\t\t<div class=\"elementor-column elementor-col-100 elementor-top-column elementor-element elementor-element-74aa506\" data-id=\"74aa506\" data-element_type=\"column\" data-e-type=\"column\">\n\t\t\t<div class=\"elementor-widget-wrap elementor-element-populated\">\n\t\t\t\t\t\t<div class=\"elementor-element elementor-element-3e4b2995 elementor-widget elementor-widget-spacer\" data-id=\"3e4b2995\" data-element_type=\"widget\" data-e-type=\"widget\" data-widget_type=\"spacer.default\">\n\t\t\t\t<div class=\"elementor-widget-container\">\n\t\t\t\t\t\t\t<div class=\"elementor-spacer\">\n\t\t\t<div class=\"elementor-spacer-inner\"><\/div>\n\t\t<\/div>\n\t\t\t\t\t\t<\/div>\n\t\t\t\t<\/div>\n\t\t\t\t\t<\/div>\n\t\t<\/div>\n\t\t\t\t\t<\/div>\n\t\t<\/section>\n\t\t\t\t<\/div>\n\t\t","protected":false},"excerpt":{"rendered":"<p>ZMES OVOCN\u00ddCH PR\u00cdCHUT\u00cd BEZ KONZERVANTOV 100 % RECYKLOVATE\u013dN\u00c1 HLIN\u00cdKOV\u00c1 PLECHOVKA BEZ STRATY KVALITY Pre\u010do o exotick\u00fdch pr\u00edchutiach len sn\u00edva\u0165, ke\u010f ich m\u00f4\u017ee\u0161 ochutna\u0165?XIXO Exotic sp\u00e1ja najzauj\u00edmavej\u0161ie ovocn\u00e9 pr\u00edchute sveta do jedn\u00e9ho odv\u00e1\u017eneho d\u00fa\u0161ku \u2013 kombin\u00e1cie, ktor\u00e1 \u0165a spo\u013eahlivo vytiahne z komfortnej z\u00f3ny. Ka\u017ed\u00fd d\u00fa\u0161ok prekvap\u00ed odv\u00e1\u017enou, no vyv\u00e1\u017eenou pr\u00edchu\u0165ou a jemn\u00e9 perlenie prid\u00e1va ten spr\u00e1vny [&hellip;]<\/p>\n","protected":false},"author":1,"featured_media":0,"parent":4760,"menu_order":0,"comment_status":"closed","ping_status":"closed","template":"elementor_header_footer","meta":{"footnotes":""},"class_list":["post-8658","page","type-page","status-publish","hentry"],"_links":{"self":[{"href":"https:\/\/xixodrinks.com\/sk\/wp-json\/wp\/v2\/pages\/8658","targetHints":{"allow":["GET"]}}],"collection":[{"href":"https:\/\/xixodrinks.com\/sk\/wp-json\/wp\/v2\/pages"}],"about":[{"href":"https:\/\/xixodrinks.com\/sk\/wp-json\/wp\/v2\/types\/page"}],"author":[{"embeddable":true,"href":"https:\/\/xixodrinks.com\/sk\/wp-json\/wp\/v2\/users\/1"}],"replies":[{"embeddable":true,"href":"https:\/\/xixodrinks.com\/sk\/wp-json\/wp\/v2\/comments?post=8658"}],"version-history":[{"count":4,"href":"https:\/\/xixodrinks.com\/sk\/wp-json\/wp\/v2\/pages\/8658\/revisions"}],"predecessor-version":[{"id":8663,"href":"https:\/\/xixodrinks.com\/sk\/wp-json\/wp\/v2\/pages\/8658\/revisions\/8663"}],"up":[{"embeddable":true,"href":"https:\/\/xixodrinks.com\/sk\/wp-json\/wp\/v2\/pages\/4760"}],"wp:attachment":[{"href":"https:\/\/xixodrinks.com\/sk\/wp-json\/wp\/v2\/media?parent=8658"}],"curies":[{"name":"wp","href":"https:\/\/api.w.org\/{rel}","templated":true}]}}