{"id":8664,"date":"2026-03-17T15:52:29","date_gmt":"2026-03-17T13:52:29","guid":{"rendered":"https:\/\/xixodrinks.com\/?page_id=8664"},"modified":"2026-03-17T15:53:40","modified_gmt":"2026-03-17T13:53:40","slug":"xixo-mango-tropical","status":"publish","type":"page","link":"https:\/\/xixodrinks.com\/sk\/produkty\/csd\/xixo-mango-tropical\/","title":{"rendered":"XIXO MANGO TROPICAL"},"content":{"rendered":"\t\t<div data-elementor-type=\"wp-page\" data-elementor-id=\"8664\" class=\"elementor elementor-8664\" data-elementor-post-type=\"page\">\n\t\t\t\t\t\t<section class=\"elementor-section elementor-top-section elementor-element elementor-element-1a2ac166 elementor-section-boxed elementor-section-height-default elementor-section-height-default\" data-id=\"1a2ac166\" data-element_type=\"section\" data-e-type=\"section\">\n\t\t\t\t\t\t<div class=\"elementor-container elementor-column-gap-default\">\n\t\t\t\t\t<div class=\"elementor-column elementor-col-100 elementor-top-column elementor-element elementor-element-6ba4e543\" data-id=\"6ba4e543\" data-element_type=\"column\" data-e-type=\"column\">\n\t\t\t<div class=\"elementor-widget-wrap elementor-element-populated\">\n\t\t\t\t\t\t<div class=\"elementor-element elementor-element-102e3d70 elementor-widget elementor-widget-spacer\" data-id=\"102e3d70\" data-element_type=\"widget\" data-e-type=\"widget\" data-widget_type=\"spacer.default\">\n\t\t\t\t<div class=\"elementor-widget-container\">\n\t\t\t\t\t\t\t<div class=\"elementor-spacer\">\n\t\t\t<div class=\"elementor-spacer-inner\"><\/div>\n\t\t<\/div>\n\t\t\t\t\t\t<\/div>\n\t\t\t\t<\/div>\n\t\t\t\t\t<\/div>\n\t\t<\/div>\n\t\t\t\t\t<\/div>\n\t\t<\/section>\n\t\t\t\t<section class=\"elementor-section elementor-top-section elementor-element elementor-element-2449df4c elementor-section-boxed elementor-section-height-default elementor-section-height-default\" data-id=\"2449df4c\" data-element_type=\"section\" data-e-type=\"section\">\n\t\t\t\t\t\t<div class=\"elementor-container elementor-column-gap-default\">\n\t\t\t\t\t<div class=\"elementor-column elementor-col-50 elementor-top-column elementor-element elementor-element-102b118f\" data-id=\"102b118f\" data-element_type=\"column\" data-e-type=\"column\">\n\t\t\t<div class=\"elementor-widget-wrap elementor-element-populated\">\n\t\t\t\t\t\t<div class=\"elementor-element elementor-element-6b4fa71e elementor-widget elementor-widget-text-editor\" data-id=\"6b4fa71e\" data-element_type=\"widget\" data-e-type=\"widget\" data-widget_type=\"text-editor.default\">\n\t\t\t\t<div class=\"elementor-widget-container\">\n\t\t\t\t\t\t\t\t\t<ul><li><strong>PR\u00cdCHU\u0164 MANGO A MARACUJA<\/strong><\/li><li><strong>BEZ KOFE\u00cdNU<\/strong><\/li><li><strong>S VITAM\u00cdNMI<\/strong><\/li><li><strong>BEZ KONZERVANTOV<\/strong><\/li><li><strong>100 % RECYKLOVATE\u013dN\u00c1 HLIN\u00cdKOV\u00c1 PLECHOVKA BEZ STRATY KVALITY<\/strong><\/li><\/ul>\t\t\t\t\t\t\t\t<\/div>\n\t\t\t\t<\/div>\n\t\t\t\t<div class=\"elementor-element elementor-element-5d187bb1 elementor-widget elementor-widget-text-editor\" data-id=\"5d187bb1\" data-element_type=\"widget\" data-e-type=\"widget\" data-widget_type=\"text-editor.default\">\n\t\t\t\t<div class=\"elementor-widget-container\">\n\t\t\t\t\t\t\t\t\t<p>\u017divot je pr\u00edli\u0161 kr\u00e1tky na nudn\u00e9 pr\u00edchute!<br \/>Potrebuje\u0161 d\u00e1vku slnka? Mango Tropical dok\u00e1\u017ee zmeni\u0165 ka\u017ed\u00fd oby\u010dajn\u00fd de\u0148 na tropick\u00fd \u00fanik. V\u00fdrazn\u00e1, \u0161\u0165avnat\u00e1 mangov\u00e1 chu\u0165 zasiahne tvoje chu\u0165ov\u00e9 poh\u00e1riky u\u017e pri prvom d\u00fa\u0161ku, zatia\u013e \u010do jemn\u00e9 bublinky ti zatancuj\u00fa na jazyku. Bez konzervantov, balen\u00e9 v 100 % recyklovate\u013enej hlin\u00edkovej plechovke bez straty kvality \u2013 osvie\u017euj\u00face, vzru\u0161uj\u00face a nemo\u017en\u00e9 ignorova\u0165.<\/p><p>Tropick\u00e9, perliv\u00e9 a nezabudnute\u013en\u00e9 \u2013 to je XIXO Mango Tropical!<\/p>\t\t\t\t\t\t\t\t<\/div>\n\t\t\t\t<\/div>\n\t\t\t\t\t<\/div>\n\t\t<\/div>\n\t\t\t\t<div class=\"elementor-column elementor-col-50 elementor-top-column elementor-element elementor-element-482ec51f\" data-id=\"482ec51f\" data-element_type=\"column\" data-e-type=\"column\">\n\t\t\t<div class=\"elementor-widget-wrap elementor-element-populated\">\n\t\t\t\t\t\t<div class=\"elementor-element elementor-element-342cefce animated-slow elementor-invisible elementor-widget elementor-widget-image\" data-id=\"342cefce\" data-element_type=\"widget\" data-e-type=\"widget\" data-settings=\"{&quot;_animation&quot;:&quot;fadeIn&quot;}\" data-widget_type=\"image.default\">\n\t\t\t\t<div class=\"elementor-widget-container\">\n\t\t\t\t\t\t\t\t\t\t\t\t\t\t\t<img decoding=\"async\" src=\"https:\/\/xixodrinks.com\/wp-content\/uploads\/elementor\/thumbs\/XIXO_MANGO_TROPICAL_packshot_02-scaled-rkn6s9oxp7p1wcdh5cph4jm8jhgug1wnb0093yton4.png\" title=\"XIXO_MANGO_TROPICAL_packshot_02\" alt=\"XIXO_MANGO_TROPICAL_packshot_02\" loading=\"lazy\" \/>\t\t\t\t\t\t\t\t\t\t\t\t\t\t\t<\/div>\n\t\t\t\t<\/div>\n\t\t\t\t\t<\/div>\n\t\t<\/div>\n\t\t\t\t\t<\/div>\n\t\t<\/section>\n\t\t\t\t<section class=\"elementor-section elementor-top-section elementor-element elementor-element-67a11dc6 elementor-section-boxed elementor-section-height-default elementor-section-height-default\" data-id=\"67a11dc6\" data-element_type=\"section\" data-e-type=\"section\">\n\t\t\t\t\t\t<div class=\"elementor-container elementor-column-gap-default\">\n\t\t\t\t\t<div class=\"elementor-column elementor-col-100 elementor-top-column elementor-element elementor-element-543ee2a2\" data-id=\"543ee2a2\" data-element_type=\"column\" data-e-type=\"column\">\n\t\t\t<div class=\"elementor-widget-wrap elementor-element-populated\">\n\t\t\t\t\t\t<div class=\"elementor-element elementor-element-316a6cb5 elementor-widget elementor-widget-spacer\" data-id=\"316a6cb5\" data-element_type=\"widget\" data-e-type=\"widget\" data-widget_type=\"spacer.default\">\n\t\t\t\t<div class=\"elementor-widget-container\">\n\t\t\t\t\t\t\t<div class=\"elementor-spacer\">\n\t\t\t<div class=\"elementor-spacer-inner\"><\/div>\n\t\t<\/div>\n\t\t\t\t\t\t<\/div>\n\t\t\t\t<\/div>\n\t\t\t\t\t<\/div>\n\t\t<\/div>\n\t\t\t\t\t<\/div>\n\t\t<\/section>\n\t\t\t\t<\/div>\n\t\t","protected":false},"excerpt":{"rendered":"<p>PR\u00cdCHU\u0164 MANGO A MARACUJA BEZ KOFE\u00cdNU S VITAM\u00cdNMI BEZ KONZERVANTOV 100 % RECYKLOVATE\u013dN\u00c1 HLIN\u00cdKOV\u00c1 PLECHOVKA BEZ STRATY KVALITY \u017divot je pr\u00edli\u0161 kr\u00e1tky na nudn\u00e9 pr\u00edchute!Potrebuje\u0161 d\u00e1vku slnka? Mango Tropical dok\u00e1\u017ee zmeni\u0165 ka\u017ed\u00fd oby\u010dajn\u00fd de\u0148 na tropick\u00fd \u00fanik. V\u00fdrazn\u00e1, \u0161\u0165avnat\u00e1 mangov\u00e1 chu\u0165 zasiahne tvoje chu\u0165ov\u00e9 poh\u00e1riky u\u017e pri prvom d\u00fa\u0161ku, zatia\u013e \u010do jemn\u00e9 bublinky ti zatancuj\u00fa [&hellip;]<\/p>\n","protected":false},"author":1,"featured_media":0,"parent":4760,"menu_order":0,"comment_status":"closed","ping_status":"closed","template":"elementor_header_footer","meta":{"footnotes":""},"class_list":["post-8664","page","type-page","status-publish","hentry"],"_links":{"self":[{"href":"https:\/\/xixodrinks.com\/sk\/wp-json\/wp\/v2\/pages\/8664","targetHints":{"allow":["GET"]}}],"collection":[{"href":"https:\/\/xixodrinks.com\/sk\/wp-json\/wp\/v2\/pages"}],"about":[{"href":"https:\/\/xixodrinks.com\/sk\/wp-json\/wp\/v2\/types\/page"}],"author":[{"embeddable":true,"href":"https:\/\/xixodrinks.com\/sk\/wp-json\/wp\/v2\/users\/1"}],"replies":[{"embeddable":true,"href":"https:\/\/xixodrinks.com\/sk\/wp-json\/wp\/v2\/comments?post=8664"}],"version-history":[{"count":4,"href":"https:\/\/xixodrinks.com\/sk\/wp-json\/wp\/v2\/pages\/8664\/revisions"}],"predecessor-version":[{"id":8669,"href":"https:\/\/xixodrinks.com\/sk\/wp-json\/wp\/v2\/pages\/8664\/revisions\/8669"}],"up":[{"embeddable":true,"href":"https:\/\/xixodrinks.com\/sk\/wp-json\/wp\/v2\/pages\/4760"}],"wp:attachment":[{"href":"https:\/\/xixodrinks.com\/sk\/wp-json\/wp\/v2\/media?parent=8664"}],"curies":[{"name":"wp","href":"https:\/\/api.w.org\/{rel}","templated":true}]}}