{"id":5040,"date":"2024-03-31T10:43:28","date_gmt":"2024-03-31T08:43:28","guid":{"rendered":"https:\/\/xixodrinks.com\/izdelki\/ice-tea\/crni-caj-z-okusom-maline-in-borovnice\/"},"modified":"2024-04-03T14:08:00","modified_gmt":"2024-04-03T12:08:00","slug":"crni-caj-z-okusom-maline-in-borovnice","status":"publish","type":"page","link":"https:\/\/xixodrinks.com\/sl\/izdelki\/ice-tea\/crni-caj-z-okusom-maline-in-borovnice\/","title":{"rendered":"\u010cRNI \u010cAJ Z OKUSOM MALINE IN BOROVNICE"},"content":{"rendered":"\t\t<div data-elementor-type=\"wp-page\" data-elementor-id=\"5040\" class=\"elementor elementor-5040 elementor-4198\" data-elementor-post-type=\"page\">\n\t\t\t\t\t\t<section class=\"elementor-section elementor-top-section elementor-element elementor-element-9476ebb elementor-section-boxed elementor-section-height-default elementor-section-height-default\" data-id=\"9476ebb\" data-element_type=\"section\" data-e-type=\"section\">\n\t\t\t\t\t\t<div class=\"elementor-container elementor-column-gap-default\">\n\t\t\t\t\t<div class=\"elementor-column elementor-col-100 elementor-top-column elementor-element elementor-element-618f4094\" data-id=\"618f4094\" data-element_type=\"column\" data-e-type=\"column\">\n\t\t\t<div class=\"elementor-widget-wrap elementor-element-populated\">\n\t\t\t\t\t\t<div class=\"elementor-element elementor-element-68936dc8 elementor-widget elementor-widget-spacer\" data-id=\"68936dc8\" data-element_type=\"widget\" data-e-type=\"widget\" data-widget_type=\"spacer.default\">\n\t\t\t\t<div class=\"elementor-widget-container\">\n\t\t\t\t\t\t\t<div class=\"elementor-spacer\">\n\t\t\t<div class=\"elementor-spacer-inner\"><\/div>\n\t\t<\/div>\n\t\t\t\t\t\t<\/div>\n\t\t\t\t<\/div>\n\t\t\t\t\t<\/div>\n\t\t<\/div>\n\t\t\t\t\t<\/div>\n\t\t<\/section>\n\t\t\t\t<section class=\"elementor-section elementor-top-section elementor-element elementor-element-6c7a9a22 elementor-section-boxed elementor-section-height-default elementor-section-height-default\" data-id=\"6c7a9a22\" data-element_type=\"section\" data-e-type=\"section\">\n\t\t\t\t\t\t<div class=\"elementor-container elementor-column-gap-default\">\n\t\t\t\t\t<div class=\"elementor-column elementor-col-50 elementor-top-column elementor-element elementor-element-63cd6092\" data-id=\"63cd6092\" data-element_type=\"column\" data-e-type=\"column\">\n\t\t\t<div class=\"elementor-widget-wrap elementor-element-populated\">\n\t\t\t\t\t\t<div class=\"elementor-element elementor-element-2bb03d9e elementor-widget elementor-widget-text-editor\" data-id=\"2bb03d9e\" data-element_type=\"widget\" data-e-type=\"widget\" data-widget_type=\"text-editor.default\">\n\t\t\t\t<div class=\"elementor-widget-container\">\n\t\t\t\t\t\t\t\t\t<ul>\n<li><strong>S sadnim sokom in naravnim izvle\u010dkom \u010daja<\/strong><\/li>\n<li><strong>Brez konzervansov<\/strong><\/li>\n<li><strong>Neskon\u010dno obnovljiva in okolju prijazna aluminijasta embala\u017ea<\/strong><\/li>\n<\/ul>\n\t\t\t\t\t\t\t\t<\/div>\n\t\t\t\t<\/div>\n\t\t\t\t<div class=\"elementor-element elementor-element-14818905 elementor-widget elementor-widget-text-editor\" data-id=\"14818905\" data-element_type=\"widget\" data-e-type=\"widget\" data-widget_type=\"text-editor.default\">\n\t\t\t\t<div class=\"elementor-widget-container\">\n\t\t\t\t\t\t\t\t\t<p>\u010crni \u010daj XIXO z okusom maline in borovnice vas o\u010dara s popolno kombinacijo rde\u010dega sadja. Vendar ta pija\u010da nudi ve\u010d kot le edinstven okus: harmoni\u010dna me\u0161anica malin in borovnic je po zaslugi prenovljenega sodobnega videza eden najbolj prepoznavnih izdelkov serije XIXO. Poskusite ga in u\u017eivajte v osve\u017eujo\u010dem ledenem \u010daju XIXO z okusom maline in borovnice!<\/p>\n\t\t\t\t\t\t\t\t<\/div>\n\t\t\t\t<\/div>\n\t\t\t\t\t<\/div>\n\t\t<\/div>\n\t\t\t\t<div class=\"elementor-column elementor-col-50 elementor-top-column elementor-element elementor-element-f125f9d\" data-id=\"f125f9d\" data-element_type=\"column\" data-e-type=\"column\">\n\t\t\t<div class=\"elementor-widget-wrap elementor-element-populated\">\n\t\t\t\t\t\t<div class=\"elementor-element elementor-element-73053f4b animated-slow elementor-invisible elementor-widget elementor-widget-image\" data-id=\"73053f4b\" data-element_type=\"widget\" data-e-type=\"widget\" data-settings=\"{&quot;_animation&quot;:&quot;fadeIn&quot;}\" data-widget_type=\"image.default\">\n\t\t\t\t<div class=\"elementor-widget-container\">\n\t\t\t\t\t\t\t\t\t\t\t\t\t\t\t<img decoding=\"async\" src=\"https:\/\/xixodrinks.com\/wp-content\/uploads\/elementor\/thumbs\/XIXO-IT-Rapsberry-rezim8rm2v232c4tmjl8xxlk06z8ljuas2mtkq0qgw.png\" title=\"XIXO IT Rapsberry\" alt=\"XIXO IT Rapsberry\" loading=\"lazy\" \/>\t\t\t\t\t\t\t\t\t\t\t\t\t\t\t<\/div>\n\t\t\t\t<\/div>\n\t\t\t\t\t<\/div>\n\t\t<\/div>\n\t\t\t\t\t<\/div>\n\t\t<\/section>\n\t\t\t\t<section class=\"elementor-section elementor-top-section elementor-element elementor-element-514985cc elementor-section-boxed elementor-section-height-default elementor-section-height-default\" data-id=\"514985cc\" data-element_type=\"section\" data-e-type=\"section\">\n\t\t\t\t\t\t<div class=\"elementor-container elementor-column-gap-default\">\n\t\t\t\t\t<div class=\"elementor-column elementor-col-100 elementor-top-column elementor-element elementor-element-286bd74\" data-id=\"286bd74\" data-element_type=\"column\" data-e-type=\"column\">\n\t\t\t<div class=\"elementor-widget-wrap elementor-element-populated\">\n\t\t\t\t\t\t<div class=\"elementor-element elementor-element-2b01f402 elementor-widget elementor-widget-spacer\" data-id=\"2b01f402\" data-element_type=\"widget\" data-e-type=\"widget\" data-widget_type=\"spacer.default\">\n\t\t\t\t<div class=\"elementor-widget-container\">\n\t\t\t\t\t\t\t<div class=\"elementor-spacer\">\n\t\t\t<div class=\"elementor-spacer-inner\"><\/div>\n\t\t<\/div>\n\t\t\t\t\t\t<\/div>\n\t\t\t\t<\/div>\n\t\t\t\t\t<\/div>\n\t\t<\/div>\n\t\t\t\t\t<\/div>\n\t\t<\/section>\n\t\t\t\t<\/div>\n\t\t","protected":false},"excerpt":{"rendered":"<p>S sadnim sokom in naravnim izvle\u010dkom \u010daja Brez konzervansov Neskon\u010dno obnovljiva in okolju prijazna aluminijasta embala\u017ea \u010crni \u010daj XIXO z okusom maline in borovnice vas o\u010dara s popolno kombinacijo rde\u010dega sadja. Vendar ta pija\u010da nudi ve\u010d kot le edinstven okus: harmoni\u010dna me\u0161anica malin in borovnic je po zaslugi prenovljenega sodobnega videza eden najbolj prepoznavnih izdelkov [&hellip;]<\/p>\n","protected":false},"author":1,"featured_media":0,"parent":4778,"menu_order":0,"comment_status":"closed","ping_status":"closed","template":"elementor_header_footer","meta":{"footnotes":""},"class_list":["post-5040","page","type-page","status-publish","hentry"],"_links":{"self":[{"href":"https:\/\/xixodrinks.com\/sl\/wp-json\/wp\/v2\/pages\/5040","targetHints":{"allow":["GET"]}}],"collection":[{"href":"https:\/\/xixodrinks.com\/sl\/wp-json\/wp\/v2\/pages"}],"about":[{"href":"https:\/\/xixodrinks.com\/sl\/wp-json\/wp\/v2\/types\/page"}],"author":[{"embeddable":true,"href":"https:\/\/xixodrinks.com\/sl\/wp-json\/wp\/v2\/users\/1"}],"replies":[{"embeddable":true,"href":"https:\/\/xixodrinks.com\/sl\/wp-json\/wp\/v2\/comments?post=5040"}],"version-history":[{"count":3,"href":"https:\/\/xixodrinks.com\/sl\/wp-json\/wp\/v2\/pages\/5040\/revisions"}],"predecessor-version":[{"id":5043,"href":"https:\/\/xixodrinks.com\/sl\/wp-json\/wp\/v2\/pages\/5040\/revisions\/5043"}],"up":[{"embeddable":true,"href":"https:\/\/xixodrinks.com\/sl\/wp-json\/wp\/v2\/pages\/4778"}],"wp:attachment":[{"href":"https:\/\/xixodrinks.com\/sl\/wp-json\/wp\/v2\/media?parent=5040"}],"curies":[{"name":"wp","href":"https:\/\/api.w.org\/{rel}","templated":true}]}}