{"id":5044,"date":"2024-03-31T11:00:25","date_gmt":"2024-03-31T09:00:25","guid":{"rendered":"https:\/\/xixodrinks.com\/izdelki\/csd\/xixo-tutti-fruity\/"},"modified":"2024-04-03T14:11:43","modified_gmt":"2024-04-03T12:11:43","slug":"xixo-tutti-fruity","status":"publish","type":"page","link":"https:\/\/xixodrinks.com\/sl\/izdelki\/csd\/xixo-tutti-fruity\/","title":{"rendered":"XIXO TUTTI FRUITY"},"content":{"rendered":"\t\t<div data-elementor-type=\"wp-page\" data-elementor-id=\"5044\" class=\"elementor elementor-5044 elementor-4297\" data-elementor-post-type=\"page\">\n\t\t\t\t\t\t<section class=\"elementor-section elementor-top-section elementor-element elementor-element-15d953c9 elementor-section-boxed elementor-section-height-default elementor-section-height-default\" data-id=\"15d953c9\" data-element_type=\"section\" data-e-type=\"section\">\n\t\t\t\t\t\t<div class=\"elementor-container elementor-column-gap-default\">\n\t\t\t\t\t<div class=\"elementor-column elementor-col-100 elementor-top-column elementor-element elementor-element-5c316a4f\" data-id=\"5c316a4f\" data-element_type=\"column\" data-e-type=\"column\">\n\t\t\t<div class=\"elementor-widget-wrap elementor-element-populated\">\n\t\t\t\t\t\t<div class=\"elementor-element elementor-element-6fb027fe elementor-widget elementor-widget-spacer\" data-id=\"6fb027fe\" data-element_type=\"widget\" data-e-type=\"widget\" data-widget_type=\"spacer.default\">\n\t\t\t\t<div class=\"elementor-widget-container\">\n\t\t\t\t\t\t\t<div class=\"elementor-spacer\">\n\t\t\t<div class=\"elementor-spacer-inner\"><\/div>\n\t\t<\/div>\n\t\t\t\t\t\t<\/div>\n\t\t\t\t<\/div>\n\t\t\t\t\t<\/div>\n\t\t<\/div>\n\t\t\t\t\t<\/div>\n\t\t<\/section>\n\t\t\t\t<section class=\"elementor-section elementor-top-section elementor-element elementor-element-6e187278 elementor-section-boxed elementor-section-height-default elementor-section-height-default\" data-id=\"6e187278\" data-element_type=\"section\" data-e-type=\"section\">\n\t\t\t\t\t\t<div class=\"elementor-container elementor-column-gap-default\">\n\t\t\t\t\t<div class=\"elementor-column elementor-col-50 elementor-top-column elementor-element elementor-element-22bbc000\" data-id=\"22bbc000\" data-element_type=\"column\" data-e-type=\"column\">\n\t\t\t<div class=\"elementor-widget-wrap elementor-element-populated\">\n\t\t\t\t\t\t<div class=\"elementor-element elementor-element-19973ac elementor-widget elementor-widget-text-editor\" data-id=\"19973ac\" data-element_type=\"widget\" data-e-type=\"widget\" data-widget_type=\"text-editor.default\">\n\t\t\t\t<div class=\"elementor-widget-container\">\n\t\t\t\t\t\t\t\t\t<ul>\n<li><strong>Brez kofeina<\/strong><\/li>\n<li><strong>Z vitamini B2, B3, B5, B6, B12 in C<\/strong><\/li>\n<li><strong>Brez konzervansov<\/strong><\/li>\n<li><strong>Brez aspartama<\/strong><\/li>\n<\/ul>\n\t\t\t\t\t\t\t\t<\/div>\n\t\t\t\t<\/div>\n\t\t\t\t<div class=\"elementor-element elementor-element-7d8ef0de elementor-widget elementor-widget-text-editor\" data-id=\"7d8ef0de\" data-element_type=\"widget\" data-e-type=\"widget\" data-widget_type=\"text-editor.default\">\n\t\t\t\t<div class=\"elementor-widget-container\">\n\t\t\t\t\t\t\t\t\t<p>Ta izvirni okus je prava izbira za ljubitelje energijskih pija\u010d, ki se \u017eelijo predati okusu sadne me\u0161anice brez kofeina.<br \/>Najnovej\u0161i izdelek XIXO je brezalkoholna pija\u010da, ki bo osve\u017eila tako tiste, ki \u017ee u\u017eivajo v energijskih pija\u010dah, kot tudi nove generacije! To je most med dvema kategorijama s sodobnim okusom in privla\u010dnim dizajnom.<\/p>\n<p>Gazirana brezalkoholna pija\u010da z izjemnim okusom tutti frutti! Pona\u0161a se z vitamini B2, B3, B5, B6, B12 in C ter ne vsebuje kofeina in tavrina. Pija\u010da je proizvedena s stevijo in fruktozo ter je brez konzervansov. 250-ml embala\u017ea je kot obi\u010dajno aluminijasta in neskon\u010dno obnovljiva.<\/p>\n\t\t\t\t\t\t\t\t<\/div>\n\t\t\t\t<\/div>\n\t\t\t\t\t<\/div>\n\t\t<\/div>\n\t\t\t\t<div class=\"elementor-column elementor-col-50 elementor-top-column elementor-element elementor-element-64028666\" data-id=\"64028666\" data-element_type=\"column\" data-e-type=\"column\">\n\t\t\t<div class=\"elementor-widget-wrap elementor-element-populated\">\n\t\t\t\t\t\t<div class=\"elementor-element elementor-element-7f61d47c animated-slow elementor-invisible elementor-widget elementor-widget-image\" data-id=\"7f61d47c\" data-element_type=\"widget\" data-e-type=\"widget\" data-settings=\"{&quot;_animation&quot;:&quot;fadeIn&quot;}\" data-widget_type=\"image.default\">\n\t\t\t\t<div class=\"elementor-widget-container\">\n\t\t\t\t\t\t\t\t\t\t\t\t\t\t\t<img decoding=\"async\" src=\"https:\/\/xixodrinks.com\/wp-content\/uploads\/elementor\/thumbs\/XIXO_TuttiFruity_can-rezim8rm2v232c4tmjl8xxlk06z8ljuas2mtkq0qgw.png\" title=\"XIXO_TuttiFruity_can\" alt=\"XIXO_TuttiFruity_can\" loading=\"lazy\" \/>\t\t\t\t\t\t\t\t\t\t\t\t\t\t\t<\/div>\n\t\t\t\t<\/div>\n\t\t\t\t\t<\/div>\n\t\t<\/div>\n\t\t\t\t\t<\/div>\n\t\t<\/section>\n\t\t\t\t<section class=\"elementor-section elementor-top-section elementor-element elementor-element-6efbef8 elementor-section-boxed elementor-section-height-default elementor-section-height-default\" data-id=\"6efbef8\" data-element_type=\"section\" data-e-type=\"section\">\n\t\t\t\t\t\t<div class=\"elementor-container elementor-column-gap-default\">\n\t\t\t\t\t<div class=\"elementor-column elementor-col-100 elementor-top-column elementor-element elementor-element-da177e9\" data-id=\"da177e9\" data-element_type=\"column\" data-e-type=\"column\">\n\t\t\t<div class=\"elementor-widget-wrap elementor-element-populated\">\n\t\t\t\t\t\t<div class=\"elementor-element elementor-element-3b336a90 elementor-widget elementor-widget-spacer\" data-id=\"3b336a90\" data-element_type=\"widget\" data-e-type=\"widget\" data-widget_type=\"spacer.default\">\n\t\t\t\t<div class=\"elementor-widget-container\">\n\t\t\t\t\t\t\t<div class=\"elementor-spacer\">\n\t\t\t<div class=\"elementor-spacer-inner\"><\/div>\n\t\t<\/div>\n\t\t\t\t\t\t<\/div>\n\t\t\t\t<\/div>\n\t\t\t\t\t<\/div>\n\t\t<\/div>\n\t\t\t\t\t<\/div>\n\t\t<\/section>\n\t\t\t\t<\/div>\n\t\t","protected":false},"excerpt":{"rendered":"<p>Brez kofeina Z vitamini B2, B3, B5, B6, B12 in C Brez konzervansov Brez aspartama Ta izvirni okus je prava izbira za ljubitelje energijskih pija\u010d, ki se \u017eelijo predati okusu sadne me\u0161anice brez kofeina.Najnovej\u0161i izdelek XIXO je brezalkoholna pija\u010da, ki bo osve\u017eila tako tiste, ki \u017ee u\u017eivajo v energijskih pija\u010dah, kot tudi nove generacije! To [&hellip;]<\/p>\n","protected":false},"author":1,"featured_media":0,"parent":4762,"menu_order":0,"comment_status":"closed","ping_status":"closed","template":"elementor_header_footer","meta":{"footnotes":""},"class_list":["post-5044","page","type-page","status-publish","hentry"],"_links":{"self":[{"href":"https:\/\/xixodrinks.com\/sl\/wp-json\/wp\/v2\/pages\/5044","targetHints":{"allow":["GET"]}}],"collection":[{"href":"https:\/\/xixodrinks.com\/sl\/wp-json\/wp\/v2\/pages"}],"about":[{"href":"https:\/\/xixodrinks.com\/sl\/wp-json\/wp\/v2\/types\/page"}],"author":[{"embeddable":true,"href":"https:\/\/xixodrinks.com\/sl\/wp-json\/wp\/v2\/users\/1"}],"replies":[{"embeddable":true,"href":"https:\/\/xixodrinks.com\/sl\/wp-json\/wp\/v2\/comments?post=5044"}],"version-history":[{"count":1,"href":"https:\/\/xixodrinks.com\/sl\/wp-json\/wp\/v2\/pages\/5044\/revisions"}],"predecessor-version":[{"id":5045,"href":"https:\/\/xixodrinks.com\/sl\/wp-json\/wp\/v2\/pages\/5044\/revisions\/5045"}],"up":[{"embeddable":true,"href":"https:\/\/xixodrinks.com\/sl\/wp-json\/wp\/v2\/pages\/4762"}],"wp:attachment":[{"href":"https:\/\/xixodrinks.com\/sl\/wp-json\/wp\/v2\/media?parent=5044"}],"curies":[{"name":"wp","href":"https:\/\/api.w.org\/{rel}","templated":true}]}}