{"id":5133,"date":"2024-03-31T09:49:51","date_gmt":"2024-03-31T07:49:51","guid":{"rendered":"https:\/\/xixodrinks.com\/xixo\/"},"modified":"2024-04-05T09:40:12","modified_gmt":"2024-04-05T07:40:12","slug":"o-nas","status":"publish","type":"page","link":"https:\/\/xixodrinks.com\/sl\/o-nas\/","title":{"rendered":"O nas"},"content":{"rendered":"\t\t<div data-elementor-type=\"wp-page\" data-elementor-id=\"5133\" class=\"elementor elementor-5133 elementor-4024\" data-elementor-post-type=\"page\">\n\t\t\t\t\t\t<section class=\"elementor-section elementor-top-section elementor-element elementor-element-6040fca0 elementor-section-full_width elementor-section-stretched elementor-section-height-default elementor-section-height-default\" data-id=\"6040fca0\" data-element_type=\"section\" data-e-type=\"section\" data-settings=\"{&quot;stretch_section&quot;:&quot;section-stretched&quot;}\">\n\t\t\t\t\t\t<div class=\"elementor-container elementor-column-gap-no\">\n\t\t\t\t\t<div class=\"elementor-column elementor-col-100 elementor-top-column elementor-element elementor-element-fb6b441\" data-id=\"fb6b441\" data-element_type=\"column\" data-e-type=\"column\">\n\t\t\t<div class=\"elementor-widget-wrap elementor-element-populated\">\n\t\t\t\t\t\t<div class=\"elementor-element elementor-element-32bf4a29 elementor-widget elementor-widget-image\" data-id=\"32bf4a29\" data-element_type=\"widget\" data-e-type=\"widget\" data-widget_type=\"image.default\">\n\t\t\t\t<div class=\"elementor-widget-container\">\n\t\t\t\t\t\t\t\t\t\t\t\t\t\t\t<img fetchpriority=\"high\" decoding=\"async\" width=\"2560\" height=\"500\" src=\"https:\/\/xixodrinks.com\/wp-content\/uploads\/2022\/05\/Xixo_Web_2560x500_gyartosor.jpg\" class=\"attachment-full size-full wp-image-734\" alt=\"\" srcset=\"https:\/\/xixodrinks.com\/wp-content\/uploads\/2022\/05\/Xixo_Web_2560x500_gyartosor.jpg 2560w, https:\/\/xixodrinks.com\/wp-content\/uploads\/2022\/05\/Xixo_Web_2560x500_gyartosor-300x59.jpg 300w, https:\/\/xixodrinks.com\/wp-content\/uploads\/2022\/05\/Xixo_Web_2560x500_gyartosor-1024x200.jpg 1024w, https:\/\/xixodrinks.com\/wp-content\/uploads\/2022\/05\/Xixo_Web_2560x500_gyartosor-768x150.jpg 768w, https:\/\/xixodrinks.com\/wp-content\/uploads\/2022\/05\/Xixo_Web_2560x500_gyartosor-1536x300.jpg 1536w, https:\/\/xixodrinks.com\/wp-content\/uploads\/2022\/05\/Xixo_Web_2560x500_gyartosor-2048x400.jpg 2048w\" sizes=\"(max-width: 2560px) 100vw, 2560px\" \/>\t\t\t\t\t\t\t\t\t\t\t\t\t\t\t<\/div>\n\t\t\t\t<\/div>\n\t\t\t\t\t<\/div>\n\t\t<\/div>\n\t\t\t\t\t<\/div>\n\t\t<\/section>\n\t\t\t\t<section class=\"elementor-section elementor-top-section elementor-element elementor-element-4695e514 elementor-section-boxed elementor-section-height-default elementor-section-height-default\" data-id=\"4695e514\" data-element_type=\"section\" data-e-type=\"section\">\n\t\t\t\t\t\t<div class=\"elementor-container elementor-column-gap-default\">\n\t\t\t\t\t<div class=\"elementor-column elementor-col-100 elementor-top-column elementor-element elementor-element-43e2d586\" data-id=\"43e2d586\" data-element_type=\"column\" data-e-type=\"column\">\n\t\t\t<div class=\"elementor-widget-wrap elementor-element-populated\">\n\t\t\t\t\t\t<div class=\"elementor-element elementor-element-4a047263 elementor-widget elementor-widget-heading\" data-id=\"4a047263\" data-element_type=\"widget\" data-e-type=\"widget\" data-widget_type=\"heading.default\">\n\t\t\t\t<div class=\"elementor-widget-container\">\n\t\t\t\t\t<h2 class=\"elementor-heading-title elementor-size-default\">O Nas<\/h2>\t\t\t\t<\/div>\n\t\t\t\t<\/div>\n\t\t\t\t\t<\/div>\n\t\t<\/div>\n\t\t\t\t\t<\/div>\n\t\t<\/section>\n\t\t\t\t<section class=\"elementor-section elementor-top-section elementor-element elementor-element-36589613 elementor-section-boxed elementor-section-height-default elementor-section-height-default\" data-id=\"36589613\" data-element_type=\"section\" data-e-type=\"section\">\n\t\t\t\t\t\t<div class=\"elementor-container elementor-column-gap-default\">\n\t\t\t\t\t<div class=\"elementor-column elementor-col-100 elementor-top-column elementor-element elementor-element-9413256\" data-id=\"9413256\" data-element_type=\"column\" data-e-type=\"column\">\n\t\t\t<div class=\"elementor-widget-wrap elementor-element-populated\">\n\t\t\t\t\t\t<div class=\"elementor-element elementor-element-2bbab1c1 elementor-widget elementor-widget-text-editor\" data-id=\"2bbab1c1\" data-element_type=\"widget\" data-e-type=\"widget\" data-widget_type=\"text-editor.default\">\n\t\t\t\t<div class=\"elementor-widget-container\">\n\t\t\t\t\t\t\t\t\t<p><strong>Na\u0161e aluminijaste plo\u010devinke lahko trajajo ve\u010dno<\/strong><\/p><p>Aluminijasta embala\u017ea na\u0161ih izdelkov je narejena iz neskon\u010dno obnovljivih materialov.<\/p><p>Aluminij je klju\u010den element nizkooglji\u010dnega kro\u017enega gospodarstva. Gre za lahek, trajen in upogljiv material, ki pija\u010do \u0161\u010diti pred svetlobo, kisikom, onesna\u017eevalci in patogeni, hkrati pa je neskon\u010dno 100-odstotno obnovljiv, njegovo taljenje pa prihrani do 95 % energije.<\/p><p>75 % kadarkoli proizvedenega aluminija je \u0161e danes v obtoku.<\/p><p>Pri izdelavi plo\u010devink smo se zavestno odlo\u010dili, da bomo ve\u010dinoma uporabljali aluminij SPEIRA ORBIS, ki vsebuje izjemno veliko recikliranega aluminija. To pomeni, da je aluminij, ki ga uporabimo po recikla\u017ei, vsaj enkrat gotovo \u017ee bil potro\u0161ni\u0161ki izdelek. \u010cim vi\u0161ja je reciklirana vsebnost, tem bolje za okolje. Zato ima aluminij, ki ga uporabljamo, po vsem svetu zelo majhen oglji\u010dni odtis, s \u010dimer dajemo zgled celotni panogi.<\/p><p>Na\u0161a skupina je dele\u017e embala\u017ee PET v zadnjih 5 letih zni\u017eala na manj kot 5\u00a0%, do leta 2025 pa ga \u017eelimo zni\u017eati na manj kot 1\u00a0%.<\/p><p>Zato ne pozabite na lo\u010deno zbiranje plo\u010devink, saj se lahko reciklirajo in ponovno za\u017eivijo \u017ee v 60 dneh!<\/p>\t\t\t\t\t\t\t\t<\/div>\n\t\t\t\t<\/div>\n\t\t\t\t<div class=\"elementor-element elementor-element-34b8b259 elementor-widget elementor-widget-spacer\" data-id=\"34b8b259\" data-element_type=\"widget\" data-e-type=\"widget\" data-widget_type=\"spacer.default\">\n\t\t\t\t<div class=\"elementor-widget-container\">\n\t\t\t\t\t\t\t<div class=\"elementor-spacer\">\n\t\t\t<div class=\"elementor-spacer-inner\"><\/div>\n\t\t<\/div>\n\t\t\t\t\t\t<\/div>\n\t\t\t\t<\/div>\n\t\t\t\t\t<\/div>\n\t\t<\/div>\n\t\t\t\t\t<\/div>\n\t\t<\/section>\n\t\t\t\t<\/div>\n\t\t","protected":false},"excerpt":{"rendered":"<p>O Nas Na\u0161e aluminijaste plo\u010devinke lahko trajajo ve\u010dno Aluminijasta embala\u017ea na\u0161ih izdelkov je narejena iz neskon\u010dno obnovljivih materialov. Aluminij je klju\u010den element nizkooglji\u010dnega kro\u017enega gospodarstva. Gre za lahek, trajen in upogljiv material, ki pija\u010do \u0161\u010diti pred svetlobo, kisikom, onesna\u017eevalci in patogeni, hkrati pa je neskon\u010dno 100-odstotno obnovljiv, njegovo taljenje pa prihrani do 95 % energije. [&hellip;]<\/p>\n","protected":false},"author":1,"featured_media":0,"parent":0,"menu_order":0,"comment_status":"closed","ping_status":"closed","template":"elementor_header_footer","meta":{"footnotes":""},"class_list":["post-5133","page","type-page","status-publish","hentry"],"_links":{"self":[{"href":"https:\/\/xixodrinks.com\/sl\/wp-json\/wp\/v2\/pages\/5133","targetHints":{"allow":["GET"]}}],"collection":[{"href":"https:\/\/xixodrinks.com\/sl\/wp-json\/wp\/v2\/pages"}],"about":[{"href":"https:\/\/xixodrinks.com\/sl\/wp-json\/wp\/v2\/types\/page"}],"author":[{"embeddable":true,"href":"https:\/\/xixodrinks.com\/sl\/wp-json\/wp\/v2\/users\/1"}],"replies":[{"embeddable":true,"href":"https:\/\/xixodrinks.com\/sl\/wp-json\/wp\/v2\/comments?post=5133"}],"version-history":[{"count":5,"href":"https:\/\/xixodrinks.com\/sl\/wp-json\/wp\/v2\/pages\/5133\/revisions"}],"predecessor-version":[{"id":5953,"href":"https:\/\/xixodrinks.com\/sl\/wp-json\/wp\/v2\/pages\/5133\/revisions\/5953"}],"wp:attachment":[{"href":"https:\/\/xixodrinks.com\/sl\/wp-json\/wp\/v2\/media?parent=5133"}],"curies":[{"name":"wp","href":"https:\/\/api.w.org\/{rel}","templated":true}]}}