{"id":5229,"date":"2024-04-03T19:41:49","date_gmt":"2024-04-03T17:41:49","guid":{"rendered":"https:\/\/xixodrinks.com\/trajnost\/"},"modified":"2024-05-08T11:30:27","modified_gmt":"2024-05-08T09:30:27","slug":"trajnost","status":"publish","type":"page","link":"https:\/\/xixodrinks.com\/sl\/trajnost\/","title":{"rendered":"Trajnost"},"content":{"rendered":"\t\t<div data-elementor-type=\"wp-page\" data-elementor-id=\"5229\" class=\"elementor elementor-5229 elementor-5177\" data-elementor-post-type=\"page\">\n\t\t\t\t\t\t<section class=\"elementor-section elementor-top-section elementor-element elementor-element-2747cc6 elementor-section-boxed elementor-section-height-default elementor-section-height-default\" data-id=\"2747cc6\" data-element_type=\"section\" data-e-type=\"section\">\n\t\t\t\t\t\t<div class=\"elementor-container elementor-column-gap-default\">\n\t\t\t\t\t<div class=\"elementor-column elementor-col-100 elementor-top-column elementor-element elementor-element-8dbadee\" data-id=\"8dbadee\" data-element_type=\"column\" data-e-type=\"column\">\n\t\t\t<div class=\"elementor-widget-wrap elementor-element-populated\">\n\t\t\t\t\t\t<div class=\"elementor-element elementor-element-dc7e024 elementor-widget elementor-widget-spacer\" data-id=\"dc7e024\" data-element_type=\"widget\" data-e-type=\"widget\" data-widget_type=\"spacer.default\">\n\t\t\t\t<div class=\"elementor-widget-container\">\n\t\t\t\t\t\t\t<div class=\"elementor-spacer\">\n\t\t\t<div class=\"elementor-spacer-inner\"><\/div>\n\t\t<\/div>\n\t\t\t\t\t\t<\/div>\n\t\t\t\t<\/div>\n\t\t\t\t\t<\/div>\n\t\t<\/div>\n\t\t\t\t\t<\/div>\n\t\t<\/section>\n\t\t\t\t<section class=\"elementor-section elementor-top-section elementor-element elementor-element-ecf8a90 elementor-section-boxed elementor-section-height-default elementor-section-height-default\" data-id=\"ecf8a90\" data-element_type=\"section\" data-e-type=\"section\">\n\t\t\t\t\t\t<div class=\"elementor-container elementor-column-gap-default\">\n\t\t\t\t\t<div class=\"elementor-column elementor-col-50 elementor-top-column elementor-element elementor-element-4ca56aa\" data-id=\"4ca56aa\" data-element_type=\"column\" data-e-type=\"column\">\n\t\t\t<div class=\"elementor-widget-wrap elementor-element-populated\">\n\t\t\t\t\t\t<div class=\"elementor-element elementor-element-c19f0fd elementor-widget elementor-widget-image\" data-id=\"c19f0fd\" data-element_type=\"widget\" data-e-type=\"widget\" data-widget_type=\"image.default\">\n\t\t\t\t<div class=\"elementor-widget-container\">\n\t\t\t\t\t\t\t\t\t\t\t\t\t\t\t<img fetchpriority=\"high\" decoding=\"async\" width=\"400\" height=\"500\" src=\"https:\/\/xixodrinks.com\/wp-content\/uploads\/2024\/04\/can_mit_tehetsz.png\" class=\"attachment-full size-full wp-image-5191\" alt=\"\" srcset=\"https:\/\/xixodrinks.com\/wp-content\/uploads\/2024\/04\/can_mit_tehetsz.png 400w, https:\/\/xixodrinks.com\/wp-content\/uploads\/2024\/04\/can_mit_tehetsz-240x300.png 240w\" sizes=\"(max-width: 400px) 100vw, 400px\" \/>\t\t\t\t\t\t\t\t\t\t\t\t\t\t\t<\/div>\n\t\t\t\t<\/div>\n\t\t\t\t\t<\/div>\n\t\t<\/div>\n\t\t\t\t<div class=\"elementor-column elementor-col-50 elementor-top-column elementor-element elementor-element-c9a05fe\" data-id=\"c9a05fe\" data-element_type=\"column\" data-e-type=\"column\">\n\t\t\t<div class=\"elementor-widget-wrap elementor-element-populated\">\n\t\t\t\t\t\t<div class=\"elementor-element elementor-element-a85fcc9 elementor-widget elementor-widget-text-editor\" data-id=\"a85fcc9\" data-element_type=\"widget\" data-e-type=\"widget\" data-widget_type=\"text-editor.default\">\n\t\t\t\t<div class=\"elementor-widget-container\">\n\t\t\t\t\t\t\t\t\t<p><strong>Na\u0161e aluminijaste plo\u010devinke lahko trajajo ve\u010dno<\/strong><\/p><p>Aluminijasta embala\u017ea na\u0161ih izdelkov je narejena iz neskon\u010dno obnovljivih materialov.<\/p><p>Aluminij je klju\u010den element nizkooglji\u010dnega kro\u017enega gospodarstva. Gre za lahek, trajen in upogljiv material, ki pija\u010do \u0161\u010diti pred svetlobo, kisikom, onesna\u017eevalci in patogeni, hkrati pa je neskon\u010dno 100-odstotno obnovljiv, njegovo taljenje pa prihrani do 95 % energije.<\/p><p>75 % kadarkoli proizvedenega aluminija je \u0161e danes v obtoku.<\/p><p>Pri izdelavi plo\u010devink smo se zavestno odlo\u010dili, da bomo ve\u010dinoma uporabljali aluminij SPEIRA ORBIS, ki vsebuje izjemno veliko recikliranega aluminija. To pomeni, da je aluminij, ki ga uporabimo po recikla\u017ei, vsaj enkrat gotovo \u017ee bil potro\u0161ni\u0161ki izdelek. \u010cim vi\u0161ja je reciklirana vsebnost, tem bolje za okolje. Zato ima aluminij, ki ga uporabljamo, po vsem svetu zelo majhen oglji\u010dni odtis, s \u010dimer dajemo zgled celotni panogi.<\/p><p>Na\u0161a skupina je dele\u017e embala\u017ee PET v zadnjih 5 letih zni\u017eala na manj kot 5\u00a0%, do leta 2025 pa ga \u017eelimo zni\u017eati na manj kot 1\u00a0%.<\/p><p>Zato ne pozabite na lo\u010deno zbiranje plo\u010devink, saj se lahko reciklirajo in ponovno za\u017eivijo \u017ee v 60 dneh!<\/p>\t\t\t\t\t\t\t\t<\/div>\n\t\t\t\t<\/div>\n\t\t\t\t\t<\/div>\n\t\t<\/div>\n\t\t\t\t\t<\/div>\n\t\t<\/section>\n\t\t\t\t<\/div>\n\t\t","protected":false},"excerpt":{"rendered":"<p>Na\u0161e aluminijaste plo\u010devinke lahko trajajo ve\u010dno Aluminijasta embala\u017ea na\u0161ih izdelkov je narejena iz neskon\u010dno obnovljivih materialov. Aluminij je klju\u010den element nizkooglji\u010dnega kro\u017enega gospodarstva. Gre za lahek, trajen in upogljiv material, ki pija\u010do \u0161\u010diti pred svetlobo, kisikom, onesna\u017eevalci in patogeni, hkrati pa je neskon\u010dno 100-odstotno obnovljiv, njegovo taljenje pa prihrani do 95 % energije. 75 % [&hellip;]<\/p>\n","protected":false},"author":1,"featured_media":0,"parent":0,"menu_order":0,"comment_status":"closed","ping_status":"closed","template":"elementor_header_footer","meta":{"footnotes":""},"class_list":["post-5229","page","type-page","status-publish","hentry"],"_links":{"self":[{"href":"https:\/\/xixodrinks.com\/sl\/wp-json\/wp\/v2\/pages\/5229","targetHints":{"allow":["GET"]}}],"collection":[{"href":"https:\/\/xixodrinks.com\/sl\/wp-json\/wp\/v2\/pages"}],"about":[{"href":"https:\/\/xixodrinks.com\/sl\/wp-json\/wp\/v2\/types\/page"}],"author":[{"embeddable":true,"href":"https:\/\/xixodrinks.com\/sl\/wp-json\/wp\/v2\/users\/1"}],"replies":[{"embeddable":true,"href":"https:\/\/xixodrinks.com\/sl\/wp-json\/wp\/v2\/comments?post=5229"}],"version-history":[{"count":7,"href":"https:\/\/xixodrinks.com\/sl\/wp-json\/wp\/v2\/pages\/5229\/revisions"}],"predecessor-version":[{"id":6427,"href":"https:\/\/xixodrinks.com\/sl\/wp-json\/wp\/v2\/pages\/5229\/revisions\/6427"}],"wp:attachment":[{"href":"https:\/\/xixodrinks.com\/sl\/wp-json\/wp\/v2\/media?parent=5229"}],"curies":[{"name":"wp","href":"https:\/\/api.w.org\/{rel}","templated":true}]}}