{"id":5225,"date":"2024-04-03T19:41:49","date_gmt":"2024-04-03T17:41:49","guid":{"rendered":"https:\/\/xixodrinks.com\/o%d0%b4%d1%80%d0%b6%d0%b8%d0%b2%d0%be%d1%81%d1%82\/"},"modified":"2025-05-21T09:35:05","modified_gmt":"2025-05-21T07:35:05","slug":"o%d0%b4%d1%80%d0%b6%d0%b8%d0%b2%d0%be%d1%81%d1%82","status":"publish","type":"page","link":"https:\/\/xixodrinks.com\/sr\/o%d0%b4%d1%80%d0%b6%d0%b8%d0%b2%d0%be%d1%81%d1%82\/","title":{"rendered":"O\u0434\u0440\u0436\u0438\u0432\u043e\u0441\u0442"},"content":{"rendered":"\t\t<div data-elementor-type=\"wp-page\" data-elementor-id=\"5225\" class=\"elementor elementor-5225 elementor-5177\" data-elementor-post-type=\"page\">\n\t\t\t\t\t\t<section class=\"elementor-section elementor-top-section elementor-element elementor-element-2747cc6 elementor-section-boxed elementor-section-height-default elementor-section-height-default\" data-id=\"2747cc6\" data-element_type=\"section\" data-e-type=\"section\">\n\t\t\t\t\t\t<div class=\"elementor-container elementor-column-gap-default\">\n\t\t\t\t\t<div class=\"elementor-column elementor-col-100 elementor-top-column elementor-element elementor-element-8dbadee\" data-id=\"8dbadee\" data-element_type=\"column\" data-e-type=\"column\">\n\t\t\t<div class=\"elementor-widget-wrap elementor-element-populated\">\n\t\t\t\t\t\t<div class=\"elementor-element elementor-element-dc7e024 elementor-widget elementor-widget-spacer\" data-id=\"dc7e024\" data-element_type=\"widget\" data-e-type=\"widget\" data-widget_type=\"spacer.default\">\n\t\t\t\t<div class=\"elementor-widget-container\">\n\t\t\t\t\t\t\t<div class=\"elementor-spacer\">\n\t\t\t<div class=\"elementor-spacer-inner\"><\/div>\n\t\t<\/div>\n\t\t\t\t\t\t<\/div>\n\t\t\t\t<\/div>\n\t\t\t\t\t<\/div>\n\t\t<\/div>\n\t\t\t\t\t<\/div>\n\t\t<\/section>\n\t\t\t\t<section class=\"elementor-section elementor-top-section elementor-element elementor-element-ecf8a90 elementor-section-boxed elementor-section-height-default elementor-section-height-default\" data-id=\"ecf8a90\" data-element_type=\"section\" data-e-type=\"section\">\n\t\t\t\t\t\t<div class=\"elementor-container elementor-column-gap-default\">\n\t\t\t\t\t<div class=\"elementor-column elementor-col-50 elementor-top-column elementor-element elementor-element-4ca56aa\" data-id=\"4ca56aa\" data-element_type=\"column\" data-e-type=\"column\">\n\t\t\t<div class=\"elementor-widget-wrap elementor-element-populated\">\n\t\t\t\t\t\t<div class=\"elementor-element elementor-element-c19f0fd elementor-widget elementor-widget-image\" data-id=\"c19f0fd\" data-element_type=\"widget\" data-e-type=\"widget\" data-widget_type=\"image.default\">\n\t\t\t\t<div class=\"elementor-widget-container\">\n\t\t\t\t\t\t\t\t\t\t\t\t\t\t\t<img fetchpriority=\"high\" decoding=\"async\" width=\"400\" height=\"500\" src=\"https:\/\/xixodrinks.com\/wp-content\/uploads\/2024\/04\/can_mit_tehetsz.png\" class=\"attachment-full size-full wp-image-5189\" alt=\"\" srcset=\"https:\/\/xixodrinks.com\/wp-content\/uploads\/2024\/04\/can_mit_tehetsz.png 400w, https:\/\/xixodrinks.com\/wp-content\/uploads\/2024\/04\/can_mit_tehetsz-240x300.png 240w\" sizes=\"(max-width: 400px) 100vw, 400px\" \/>\t\t\t\t\t\t\t\t\t\t\t\t\t\t\t<\/div>\n\t\t\t\t<\/div>\n\t\t\t\t\t<\/div>\n\t\t<\/div>\n\t\t\t\t<div class=\"elementor-column elementor-col-50 elementor-top-column elementor-element elementor-element-c9a05fe\" data-id=\"c9a05fe\" data-element_type=\"column\" data-e-type=\"column\">\n\t\t\t<div class=\"elementor-widget-wrap elementor-element-populated\">\n\t\t\t\t\t\t<div class=\"elementor-element elementor-element-a85fcc9 elementor-widget elementor-widget-text-editor\" data-id=\"a85fcc9\" data-element_type=\"widget\" data-e-type=\"widget\" data-widget_type=\"text-editor.default\">\n\t\t\t\t<div class=\"elementor-widget-container\">\n\t\t\t\t\t\t\t\t\t<p><strong>Na\u0161e XIXO limenke su dizajnirane da traju zauvek<\/strong><\/p><p>Aluminijumska ambala\u017ea na\u0161ih proizvoda napravljena je od beskona\u010dno reciklabilnog materijala.<\/p><p>Aluminijum je klju\u010dna komponenta cirkularne ekonomije sa niskim emisijama ugljenika. Osim \u0161to je lagan, izdr\u017eljiv i fleksibilan, \u0161titi te\u010dnost od svetlosti, kiseonika, zaga\u0111iva\u010da i patogena, a pritom je beskona\u010dno reciklabilan i njegov proces topljenja \u0161tedi do 95% energije.<\/p><p>75% aluminijuma koji je ikada proizveden je i dalje u upotrebi danas.<\/p><p>Zahvaljuju\u0107i odgovornom snabdevanju, uglavnom koristimo SPEIRA ORBIS, sa izuzetno visokim sadr\u017eajem recikliranog aluminijuma, za proizvodnju na\u0161ih aluminijumskih konzervi. To zna\u010di da je aluminijum koji se prikuplja i koristi sigurno bar jednom bio deo nekog potro\u0161a\u010dkog proizvoda. \u0160to je ve\u0107i procenat recikliranog sadr\u017eaja, to je manji uticaj na \u017eivotnu sredinu. Rezultat toga je da aluminijum koji koristimo ima izuzetno nizak ugljeni\u010dni otisak na svetskom nivou, predstavljaju\u0107i primer celokupnoj industriji.<\/p><p>Na\u0161a Grupa je u poslednjih 5 godina smanjila udeo PET ambala\u017ee na manje od 5%, a cilj nam je da do 2025. godine taj procenat svedemo na manje od 1%.<\/p><p>Zato ne zaboravite da odlo\u017eite limenke u recikla\u017eu \u2013 tako mogu dobiti novi \u017eivot za samo 60 dana!<\/p>\t\t\t\t\t\t\t\t<\/div>\n\t\t\t\t<\/div>\n\t\t\t\t\t<\/div>\n\t\t<\/div>\n\t\t\t\t\t<\/div>\n\t\t<\/section>\n\t\t\t\t<\/div>\n\t\t","protected":false},"excerpt":{"rendered":"<p>Na\u0161e XIXO limenke su dizajnirane da traju zauvek Aluminijumska ambala\u017ea na\u0161ih proizvoda napravljena je od beskona\u010dno reciklabilnog materijala. Aluminijum je klju\u010dna komponenta cirkularne ekonomije sa niskim emisijama ugljenika. Osim \u0161to je lagan, izdr\u017eljiv i fleksibilan, \u0161titi te\u010dnost od svetlosti, kiseonika, zaga\u0111iva\u010da i patogena, a pritom je beskona\u010dno reciklabilan i njegov proces topljenja \u0161tedi do 95% [&hellip;]<\/p>\n","protected":false},"author":1,"featured_media":0,"parent":0,"menu_order":0,"comment_status":"closed","ping_status":"closed","template":"elementor_header_footer","meta":{"footnotes":""},"class_list":["post-5225","page","type-page","status-publish","hentry"],"_links":{"self":[{"href":"https:\/\/xixodrinks.com\/sr\/wp-json\/wp\/v2\/pages\/5225","targetHints":{"allow":["GET"]}}],"collection":[{"href":"https:\/\/xixodrinks.com\/sr\/wp-json\/wp\/v2\/pages"}],"about":[{"href":"https:\/\/xixodrinks.com\/sr\/wp-json\/wp\/v2\/types\/page"}],"author":[{"embeddable":true,"href":"https:\/\/xixodrinks.com\/sr\/wp-json\/wp\/v2\/users\/1"}],"replies":[{"embeddable":true,"href":"https:\/\/xixodrinks.com\/sr\/wp-json\/wp\/v2\/comments?post=5225"}],"version-history":[{"count":13,"href":"https:\/\/xixodrinks.com\/sr\/wp-json\/wp\/v2\/pages\/5225\/revisions"}],"predecessor-version":[{"id":7485,"href":"https:\/\/xixodrinks.com\/sr\/wp-json\/wp\/v2\/pages\/5225\/revisions\/7485"}],"wp:attachment":[{"href":"https:\/\/xixodrinks.com\/sr\/wp-json\/wp\/v2\/media?parent=5225"}],"curies":[{"name":"wp","href":"https:\/\/api.w.org\/{rel}","templated":true}]}}