{"id":7498,"date":"2025-05-21T09:41:28","date_gmt":"2025-05-21T07:41:28","guid":{"rendered":"https:\/\/xixodrinks.com\/?page_id=7498"},"modified":"2025-05-21T13:35:20","modified_gmt":"2025-05-21T11:35:20","slug":"limun","status":"publish","type":"page","link":"https:\/\/xixodrinks.com\/sr\/%d0%bf%d1%80%d0%be%d0%b8%d0%b7%d0%b2%d0%be%d0%b4%d0%b8\/ice-tea\/limun\/","title":{"rendered":"Limun"},"content":{"rendered":"\t\t<div data-elementor-type=\"wp-page\" data-elementor-id=\"7498\" class=\"elementor elementor-7498\" data-elementor-post-type=\"page\">\n\t\t\t\t\t\t<section class=\"elementor-section elementor-top-section elementor-element elementor-element-12266bbd elementor-section-boxed elementor-section-height-default elementor-section-height-default\" data-id=\"12266bbd\" data-element_type=\"section\" data-e-type=\"section\">\n\t\t\t\t\t\t<div class=\"elementor-container elementor-column-gap-default\">\n\t\t\t\t\t<div class=\"elementor-column elementor-col-100 elementor-top-column elementor-element elementor-element-580946c6\" data-id=\"580946c6\" data-element_type=\"column\" data-e-type=\"column\">\n\t\t\t<div class=\"elementor-widget-wrap elementor-element-populated\">\n\t\t\t\t\t\t<div class=\"elementor-element elementor-element-4c9a5cc9 elementor-widget elementor-widget-spacer\" data-id=\"4c9a5cc9\" data-element_type=\"widget\" data-e-type=\"widget\" data-widget_type=\"spacer.default\">\n\t\t\t\t<div class=\"elementor-widget-container\">\n\t\t\t\t\t\t\t<div class=\"elementor-spacer\">\n\t\t\t<div class=\"elementor-spacer-inner\"><\/div>\n\t\t<\/div>\n\t\t\t\t\t\t<\/div>\n\t\t\t\t<\/div>\n\t\t\t\t\t<\/div>\n\t\t<\/div>\n\t\t\t\t\t<\/div>\n\t\t<\/section>\n\t\t\t\t<section class=\"elementor-section elementor-top-section elementor-element elementor-element-798cc796 elementor-section-boxed elementor-section-height-default elementor-section-height-default\" data-id=\"798cc796\" data-element_type=\"section\" data-e-type=\"section\">\n\t\t\t\t\t\t<div class=\"elementor-container elementor-column-gap-default\">\n\t\t\t\t\t<div class=\"elementor-column elementor-col-50 elementor-top-column elementor-element elementor-element-38fd7170\" data-id=\"38fd7170\" data-element_type=\"column\" data-e-type=\"column\">\n\t\t\t<div class=\"elementor-widget-wrap elementor-element-populated\">\n\t\t\t\t\t\t<div class=\"elementor-element elementor-element-5e227800 elementor-widget elementor-widget-text-editor\" data-id=\"5e227800\" data-element_type=\"widget\" data-e-type=\"widget\" data-widget_type=\"text-editor.default\">\n\t\t\t\t<div class=\"elementor-widget-container\">\n\t\t\t\t\t\t\t\t\t<ul><li><strong>SA PRAVIM VO\u0106NIM SOKOM I PRIRODNIM EKSTRAKTOM \u010cAJA<\/strong><\/li><li><strong>BEZ KONZERVANSA<\/strong><\/li><li><strong>EKOLO\u0160KI PRIHVATLJIVO PAKOVANJE<\/strong><\/li><\/ul>\t\t\t\t\t\t\t\t<\/div>\n\t\t\t\t<\/div>\n\t\t\t\t<div class=\"elementor-element elementor-element-1ed370ef elementor-widget elementor-widget-text-editor\" data-id=\"1ed370ef\" data-element_type=\"widget\" data-e-type=\"widget\" data-widget_type=\"text-editor.default\">\n\t\t\t\t<div class=\"elementor-widget-container\">\n\t\t\t\t\t\t\t\t\t<p>Spoj klasi\u010dnog ukusa limuna i visokokvalitetnog crnog \u010daja je ono \u0161to \u010dini da svaki XIXO Lemon Black Tea gutlaj bude zaista osve\u017eavaju\u0107e iskustvo. XIXO Lemon Black Tea, jedan od najuspe\u0161nijih proizvoda u na\u0161em asortimanu, ne sadr\u017ei ve\u0161ta\u010dke boje i konzervanse i zahvaljuju\u0107i prakti\u010dnom aluminijumskom pakovanju od 250 ml koje je ekolo\u0161ki prihvatljivo, lako ga mo\u017eete poneti bilo gde. XIXO Lemon Black Tea je osve\u017eavaju\u0107i ledeni \u010daj sa suptilnim notama slatko\u0107e i ne\u017enim ukusom limuna. Idealan je izbor tokom vrelih, letnjih dana, ali i savr\u0161eno osve\u017eenje tokom zime.<\/p>\t\t\t\t\t\t\t\t<\/div>\n\t\t\t\t<\/div>\n\t\t\t\t\t<\/div>\n\t\t<\/div>\n\t\t\t\t<div class=\"elementor-column elementor-col-50 elementor-top-column elementor-element elementor-element-60946a72\" data-id=\"60946a72\" data-element_type=\"column\" data-e-type=\"column\">\n\t\t\t<div class=\"elementor-widget-wrap elementor-element-populated\">\n\t\t\t\t\t\t<div class=\"elementor-element elementor-element-6f6c9727 animated-slow elementor-invisible elementor-widget elementor-widget-image\" data-id=\"6f6c9727\" data-element_type=\"widget\" data-e-type=\"widget\" data-settings=\"{&quot;_animation&quot;:&quot;fadeIn&quot;}\" data-widget_type=\"image.default\">\n\t\t\t\t<div class=\"elementor-widget-container\">\n\t\t\t\t\t\t\t\t\t\t\t\t\t\t\t<img decoding=\"async\" src=\"https:\/\/xixodrinks.com\/wp-content\/uploads\/elementor\/thumbs\/XIXO_ICE_TEA_LEMON_2024_EXP_2-scaled-rezim7trw10sqq66s16mdfu3et3vduqkfxzc3g24n4.png\" title=\"XIXO_ICE_TEA_LEMON_2024_EXP_2\" alt=\"XIXO_ICE_TEA_LEMON_2024_EXP_2\" loading=\"lazy\" \/>\t\t\t\t\t\t\t\t\t\t\t\t\t\t\t<\/div>\n\t\t\t\t<\/div>\n\t\t\t\t\t<\/div>\n\t\t<\/div>\n\t\t\t\t\t<\/div>\n\t\t<\/section>\n\t\t\t\t<\/div>\n\t\t","protected":false},"excerpt":{"rendered":"<p>SA PRAVIM VO\u0106NIM SOKOM I PRIRODNIM EKSTRAKTOM \u010cAJA BEZ KONZERVANSA EKOLO\u0160KI PRIHVATLJIVO PAKOVANJE Spoj klasi\u010dnog ukusa limuna i visokokvalitetnog crnog \u010daja je ono \u0161to \u010dini da svaki XIXO Lemon Black Tea gutlaj bude zaista osve\u017eavaju\u0107e iskustvo. XIXO Lemon Black Tea, jedan od najuspe\u0161nijih proizvoda u na\u0161em asortimanu, ne sadr\u017ei ve\u0161ta\u010dke boje i konzervanse i zahvaljuju\u0107i [&hellip;]<\/p>\n","protected":false},"author":1,"featured_media":0,"parent":4774,"menu_order":0,"comment_status":"closed","ping_status":"closed","template":"elementor_header_footer","meta":{"footnotes":""},"class_list":["post-7498","page","type-page","status-publish","hentry"],"_links":{"self":[{"href":"https:\/\/xixodrinks.com\/sr\/wp-json\/wp\/v2\/pages\/7498","targetHints":{"allow":["GET"]}}],"collection":[{"href":"https:\/\/xixodrinks.com\/sr\/wp-json\/wp\/v2\/pages"}],"about":[{"href":"https:\/\/xixodrinks.com\/sr\/wp-json\/wp\/v2\/types\/page"}],"author":[{"embeddable":true,"href":"https:\/\/xixodrinks.com\/sr\/wp-json\/wp\/v2\/users\/1"}],"replies":[{"embeddable":true,"href":"https:\/\/xixodrinks.com\/sr\/wp-json\/wp\/v2\/comments?post=7498"}],"version-history":[{"count":13,"href":"https:\/\/xixodrinks.com\/sr\/wp-json\/wp\/v2\/pages\/7498\/revisions"}],"predecessor-version":[{"id":7550,"href":"https:\/\/xixodrinks.com\/sr\/wp-json\/wp\/v2\/pages\/7498\/revisions\/7550"}],"up":[{"embeddable":true,"href":"https:\/\/xixodrinks.com\/sr\/wp-json\/wp\/v2\/pages\/4774"}],"wp:attachment":[{"href":"https:\/\/xixodrinks.com\/sr\/wp-json\/wp\/v2\/media?parent=7498"}],"curies":[{"name":"wp","href":"https:\/\/api.w.org\/{rel}","templated":true}]}}