{"id":7500,"date":"2025-05-21T09:41:42","date_gmt":"2025-05-21T07:41:42","guid":{"rendered":"https:\/\/xixodrinks.com\/?page_id=7500"},"modified":"2025-05-21T14:14:33","modified_gmt":"2025-05-21T12:14:33","slug":"malina-borovnica","status":"publish","type":"page","link":"https:\/\/xixodrinks.com\/sr\/%d0%bf%d1%80%d0%be%d0%b8%d0%b7%d0%b2%d0%be%d0%b4%d0%b8\/ice-tea\/malina-borovnica\/","title":{"rendered":"Malina \u2013 Borovnica"},"content":{"rendered":"\t\t<div data-elementor-type=\"wp-page\" data-elementor-id=\"7500\" class=\"elementor elementor-7500\" data-elementor-post-type=\"page\">\n\t\t\t\t\t\t<section class=\"elementor-section elementor-top-section elementor-element elementor-element-262d38e9 elementor-section-boxed elementor-section-height-default elementor-section-height-default\" data-id=\"262d38e9\" data-element_type=\"section\" data-e-type=\"section\">\n\t\t\t\t\t\t<div class=\"elementor-container elementor-column-gap-default\">\n\t\t\t\t\t<div class=\"elementor-column elementor-col-100 elementor-top-column elementor-element elementor-element-421ac946\" data-id=\"421ac946\" data-element_type=\"column\" data-e-type=\"column\">\n\t\t\t<div class=\"elementor-widget-wrap elementor-element-populated\">\n\t\t\t\t\t\t<div class=\"elementor-element elementor-element-4f644b78 elementor-widget elementor-widget-spacer\" data-id=\"4f644b78\" data-element_type=\"widget\" data-e-type=\"widget\" data-widget_type=\"spacer.default\">\n\t\t\t\t<div class=\"elementor-widget-container\">\n\t\t\t\t\t\t\t<div class=\"elementor-spacer\">\n\t\t\t<div class=\"elementor-spacer-inner\"><\/div>\n\t\t<\/div>\n\t\t\t\t\t\t<\/div>\n\t\t\t\t<\/div>\n\t\t\t\t\t<\/div>\n\t\t<\/div>\n\t\t\t\t\t<\/div>\n\t\t<\/section>\n\t\t\t\t<section class=\"elementor-section elementor-top-section elementor-element elementor-element-72902f18 elementor-section-boxed elementor-section-height-default elementor-section-height-default\" data-id=\"72902f18\" data-element_type=\"section\" data-e-type=\"section\">\n\t\t\t\t\t\t<div class=\"elementor-container elementor-column-gap-default\">\n\t\t\t\t\t<div class=\"elementor-column elementor-col-50 elementor-top-column elementor-element elementor-element-5a1cdbce\" data-id=\"5a1cdbce\" data-element_type=\"column\" data-e-type=\"column\">\n\t\t\t<div class=\"elementor-widget-wrap elementor-element-populated\">\n\t\t\t\t\t\t<div class=\"elementor-element elementor-element-90c140e elementor-widget elementor-widget-text-editor\" data-id=\"90c140e\" data-element_type=\"widget\" data-e-type=\"widget\" data-widget_type=\"text-editor.default\">\n\t\t\t\t<div class=\"elementor-widget-container\">\n\t\t\t\t\t\t\t\t\t<ul><li><strong>SA PRAVIM VO\u0106NIM SOKOM I PRIRODNIM EKSTRAKTOM \u010cAJA<\/strong><\/li><li><strong>BEZ KONZERVANSA<\/strong><\/li><li><strong>EKOLO\u0160KI PRIHVATLJIVO PAKOVANJE<\/strong><\/li><\/ul>\t\t\t\t\t\t\t\t<\/div>\n\t\t\t\t<\/div>\n\t\t\t\t<div class=\"elementor-element elementor-element-48afe862 elementor-widget elementor-widget-text-editor\" data-id=\"48afe862\" data-element_type=\"widget\" data-e-type=\"widget\" data-widget_type=\"text-editor.default\">\n\t\t\t\t<div class=\"elementor-widget-container\">\n\t\t\t\t\t\t\t\t\t<p>XIXO Raspberry and Blueberry Flavoured Black Tea o\u010darava svoje potro\u0161a\u010de savr\u0161enim spojem crvenog vo\u0107a. Me\u0111utim, jedinstveni ukus nije jedino \u0161to ovaj napitak mo\u017ee da ponudi: ova harmoni\u010dna kombinacija maline i borovnice postala je jedan od najposebnijih \u010dlanova XIXO asortimana zahvaljuju\u0107i svom osve\u017eenom, modernom izgledu.<\/p>\t\t\t\t\t\t\t\t<\/div>\n\t\t\t\t<\/div>\n\t\t\t\t\t<\/div>\n\t\t<\/div>\n\t\t\t\t<div class=\"elementor-column elementor-col-50 elementor-top-column elementor-element elementor-element-7772259\" data-id=\"7772259\" data-element_type=\"column\" data-e-type=\"column\">\n\t\t\t<div class=\"elementor-widget-wrap elementor-element-populated\">\n\t\t\t\t\t\t<div class=\"elementor-element elementor-element-1d19bde1 animated-slow elementor-invisible elementor-widget elementor-widget-image\" data-id=\"1d19bde1\" data-element_type=\"widget\" data-e-type=\"widget\" data-settings=\"{&quot;_animation&quot;:&quot;fadeIn&quot;}\" data-widget_type=\"image.default\">\n\t\t\t\t<div class=\"elementor-widget-container\">\n\t\t\t\t\t\t\t\t\t\t\t\t\t\t\t<img decoding=\"async\" src=\"https:\/\/xixodrinks.com\/wp-content\/uploads\/elementor\/thumbs\/XIXO_ICE_TEA_RASPBERRY_BLUEBERRY_2024_EXP_2-scaled-rezim7trw10sqq66s16mdfu3et3vduqkfxzc3g24n4.png\" title=\"XIXO_ICE_TEA_RASPBERRY_BLUEBERRY_2024_EXP_2\" alt=\"XIXO_ICE_TEA_RASPBERRY_BLUEBERRY_2024_EXP_2\" loading=\"lazy\" \/>\t\t\t\t\t\t\t\t\t\t\t\t\t\t\t<\/div>\n\t\t\t\t<\/div>\n\t\t\t\t\t<\/div>\n\t\t<\/div>\n\t\t\t\t\t<\/div>\n\t\t<\/section>\n\t\t\t\t<section class=\"elementor-section elementor-top-section elementor-element elementor-element-3dbd645 elementor-section-boxed elementor-section-height-default elementor-section-height-default\" data-id=\"3dbd645\" data-element_type=\"section\" data-e-type=\"section\">\n\t\t\t\t\t\t<div class=\"elementor-container elementor-column-gap-default\">\n\t\t\t\t\t<div class=\"elementor-column elementor-col-100 elementor-top-column elementor-element elementor-element-42488039\" data-id=\"42488039\" data-element_type=\"column\" data-e-type=\"column\">\n\t\t\t<div class=\"elementor-widget-wrap elementor-element-populated\">\n\t\t\t\t\t\t<div class=\"elementor-element elementor-element-36b120c9 elementor-widget elementor-widget-spacer\" data-id=\"36b120c9\" data-element_type=\"widget\" data-e-type=\"widget\" data-widget_type=\"spacer.default\">\n\t\t\t\t<div class=\"elementor-widget-container\">\n\t\t\t\t\t\t\t<div class=\"elementor-spacer\">\n\t\t\t<div class=\"elementor-spacer-inner\"><\/div>\n\t\t<\/div>\n\t\t\t\t\t\t<\/div>\n\t\t\t\t<\/div>\n\t\t\t\t\t<\/div>\n\t\t<\/div>\n\t\t\t\t\t<\/div>\n\t\t<\/section>\n\t\t\t\t<section class=\"elementor-section elementor-top-section elementor-element elementor-element-6c16ffff elementor-section-boxed elementor-section-height-default elementor-section-height-default\" data-id=\"6c16ffff\" data-element_type=\"section\" data-e-type=\"section\">\n\t\t\t\t\t\t<div class=\"elementor-container elementor-column-gap-default\">\n\t\t\t\t\t<div class=\"elementor-column elementor-col-100 elementor-top-column elementor-element elementor-element-6b6aa290\" data-id=\"6b6aa290\" data-element_type=\"column\" data-e-type=\"column\">\n\t\t\t<div class=\"elementor-widget-wrap elementor-element-populated\">\n\t\t\t\t\t\t<div class=\"elementor-element elementor-element-2aeab217 elementor-widget elementor-widget-spacer\" data-id=\"2aeab217\" data-element_type=\"widget\" data-e-type=\"widget\" data-widget_type=\"spacer.default\">\n\t\t\t\t<div class=\"elementor-widget-container\">\n\t\t\t\t\t\t\t<div class=\"elementor-spacer\">\n\t\t\t<div class=\"elementor-spacer-inner\"><\/div>\n\t\t<\/div>\n\t\t\t\t\t\t<\/div>\n\t\t\t\t<\/div>\n\t\t\t\t\t<\/div>\n\t\t<\/div>\n\t\t\t\t\t<\/div>\n\t\t<\/section>\n\t\t\t\t<\/div>\n\t\t","protected":false},"excerpt":{"rendered":"<p>SA PRAVIM VO\u0106NIM SOKOM I PRIRODNIM EKSTRAKTOM \u010cAJA BEZ KONZERVANSA EKOLO\u0160KI PRIHVATLJIVO PAKOVANJE XIXO Raspberry and Blueberry Flavoured Black Tea o\u010darava svoje potro\u0161a\u010de savr\u0161enim spojem crvenog vo\u0107a. Me\u0111utim, jedinstveni ukus nije jedino \u0161to ovaj napitak mo\u017ee da ponudi: ova harmoni\u010dna kombinacija maline i borovnice postala je jedan od najposebnijih \u010dlanova XIXO asortimana zahvaljuju\u0107i svom osve\u017eenom, [&hellip;]<\/p>\n","protected":false},"author":1,"featured_media":0,"parent":4774,"menu_order":0,"comment_status":"closed","ping_status":"closed","template":"elementor_header_footer","meta":{"footnotes":""},"class_list":["post-7500","page","type-page","status-publish","hentry"],"_links":{"self":[{"href":"https:\/\/xixodrinks.com\/sr\/wp-json\/wp\/v2\/pages\/7500","targetHints":{"allow":["GET"]}}],"collection":[{"href":"https:\/\/xixodrinks.com\/sr\/wp-json\/wp\/v2\/pages"}],"about":[{"href":"https:\/\/xixodrinks.com\/sr\/wp-json\/wp\/v2\/types\/page"}],"author":[{"embeddable":true,"href":"https:\/\/xixodrinks.com\/sr\/wp-json\/wp\/v2\/users\/1"}],"replies":[{"embeddable":true,"href":"https:\/\/xixodrinks.com\/sr\/wp-json\/wp\/v2\/comments?post=7500"}],"version-history":[{"count":7,"href":"https:\/\/xixodrinks.com\/sr\/wp-json\/wp\/v2\/pages\/7500\/revisions"}],"predecessor-version":[{"id":7559,"href":"https:\/\/xixodrinks.com\/sr\/wp-json\/wp\/v2\/pages\/7500\/revisions\/7559"}],"up":[{"embeddable":true,"href":"https:\/\/xixodrinks.com\/sr\/wp-json\/wp\/v2\/pages\/4774"}],"wp:attachment":[{"href":"https:\/\/xixodrinks.com\/sr\/wp-json\/wp\/v2\/media?parent=7500"}],"curies":[{"name":"wp","href":"https:\/\/api.w.org\/{rel}","templated":true}]}}