{"id":8511,"date":"2026-03-17T15:12:09","date_gmt":"2026-03-17T13:12:09","guid":{"rendered":"https:\/\/xixodrinks.com\/?page_id=8511"},"modified":"2026-03-17T15:16:12","modified_gmt":"2026-03-17T13:16:12","slug":"tutti-fruity-apple","status":"publish","type":"page","link":"https:\/\/xixodrinks.com\/sr\/%d0%bf%d1%80%d0%be%d0%b8%d0%b7%d0%b2%d0%be%d0%b4%d0%b8\/csd\/tutti-fruity-apple\/","title":{"rendered":"Tutti Fruity Apple"},"content":{"rendered":"\t\t<div data-elementor-type=\"wp-page\" data-elementor-id=\"8511\" class=\"elementor elementor-8511\" data-elementor-post-type=\"page\">\n\t\t\t\t\t\t<section class=\"elementor-section elementor-top-section elementor-element elementor-element-7bc39c6b elementor-section-boxed elementor-section-height-default elementor-section-height-default\" data-id=\"7bc39c6b\" data-element_type=\"section\" data-e-type=\"section\">\n\t\t\t\t\t\t<div class=\"elementor-container elementor-column-gap-default\">\n\t\t\t\t\t<div class=\"elementor-column elementor-col-100 elementor-top-column elementor-element elementor-element-759e4007\" data-id=\"759e4007\" data-element_type=\"column\" data-e-type=\"column\">\n\t\t\t<div class=\"elementor-widget-wrap elementor-element-populated\">\n\t\t\t\t\t\t<div class=\"elementor-element elementor-element-1373b39f elementor-widget elementor-widget-spacer\" data-id=\"1373b39f\" data-element_type=\"widget\" data-e-type=\"widget\" data-widget_type=\"spacer.default\">\n\t\t\t\t<div class=\"elementor-widget-container\">\n\t\t\t\t\t\t\t<div class=\"elementor-spacer\">\n\t\t\t<div class=\"elementor-spacer-inner\"><\/div>\n\t\t<\/div>\n\t\t\t\t\t\t<\/div>\n\t\t\t\t<\/div>\n\t\t\t\t\t<\/div>\n\t\t<\/div>\n\t\t\t\t\t<\/div>\n\t\t<\/section>\n\t\t\t\t<section class=\"elementor-section elementor-top-section elementor-element elementor-element-292aede6 elementor-section-boxed elementor-section-height-default elementor-section-height-default\" data-id=\"292aede6\" data-element_type=\"section\" data-e-type=\"section\">\n\t\t\t\t\t\t<div class=\"elementor-container elementor-column-gap-default\">\n\t\t\t\t\t<div class=\"elementor-column elementor-col-50 elementor-top-column elementor-element elementor-element-5aa40e8a\" data-id=\"5aa40e8a\" data-element_type=\"column\" data-e-type=\"column\">\n\t\t\t<div class=\"elementor-widget-wrap elementor-element-populated\">\n\t\t\t\t\t\t<div class=\"elementor-element elementor-element-295a4cc7 elementor-widget elementor-widget-text-editor\" data-id=\"295a4cc7\" data-element_type=\"widget\" data-e-type=\"widget\" data-widget_type=\"text-editor.default\">\n\t\t\t\t<div class=\"elementor-widget-container\">\n\t\t\t\t\t\t\t\t\t<ul><li><div class=\"ewa-rteLine\"><strong>JABUKA I TUTTI FRUTTI UKUS<\/strong><\/div><\/li><li><div class=\"ewa-rteLine\"><strong>BEZ KOFEINA<\/strong><\/div><\/li><li><div class=\"ewa-rteLine\"><strong>SA VITAMINIMA<\/strong><\/div><\/li><li><div class=\"ewa-rteLine\"><strong>BEZ KONZERVANSA<\/strong><\/div><\/li><li><div class=\"ewa-rteLine\"><strong>100% RECIKLABILNA ALUMINIJUMSKA LIMENKA BEZ GUBITKA KVALITETA<\/strong><\/div><\/li><\/ul>\t\t\t\t\t\t\t\t<\/div>\n\t\t\t\t<\/div>\n\t\t\t\t<div class=\"elementor-element elementor-element-14f423e9 elementor-widget elementor-widget-text-editor\" data-id=\"14f423e9\" data-element_type=\"widget\" data-e-type=\"widget\" data-widget_type=\"text-editor.default\">\n\t\t\t\t<div class=\"elementor-widget-container\">\n\t\t\t\t\t\t\t\t\t<div class=\"ewa-rteLine\">Tutti frutti senzacija sa malim preokretom. Nakon velikog uspeha XIXO Tutti Fruity napitka, Tutti Fruity Apple donosi poznato iskustvo oboga\u0107eno ukusom jabuke. Ovaj gazirani bezalkoholni napitak sadr\u017ei vitamin C i 5 vrsta vitamina B, ne sadr\u017ei kofein ni konzervanse. Tako\u0111e, dolazi u aluminijumskoj ambala\u017ei.<\/div><div class=\"ewa-rteLine\">\u00a0<\/div><div class=\"ewa-rteLine\">Do\u017eivi savr\u0161enu kombinaciju XIXO tutti frutti i ukusa jabuke!<\/div>\t\t\t\t\t\t\t\t<\/div>\n\t\t\t\t<\/div>\n\t\t\t\t\t<\/div>\n\t\t<\/div>\n\t\t\t\t<div class=\"elementor-column elementor-col-50 elementor-top-column elementor-element elementor-element-571b25e7\" data-id=\"571b25e7\" data-element_type=\"column\" data-e-type=\"column\">\n\t\t\t<div class=\"elementor-widget-wrap elementor-element-populated\">\n\t\t\t\t\t\t<div class=\"elementor-element elementor-element-6eeda3c8 animated-slow elementor-invisible elementor-widget elementor-widget-image\" data-id=\"6eeda3c8\" data-element_type=\"widget\" data-e-type=\"widget\" data-settings=\"{&quot;_animation&quot;:&quot;fadeIn&quot;}\" data-widget_type=\"image.default\">\n\t\t\t\t<div class=\"elementor-widget-container\">\n\t\t\t\t\t\t\t\t\t\t\t\t\t\t\t<img decoding=\"async\" src=\"https:\/\/xixodrinks.com\/wp-content\/uploads\/elementor\/thumbs\/XIXO_TUTTI_FRUITY_APPLE_2024_PACKSHOTs_angol2-scaled-rkn5nl8dxc0bfvgooroq7t6315yzbmeudnlrev51xc.png\" title=\"XIXO_TUTTI_FRUITY_APPLE_2024_PACKSHOTs_angol2\" alt=\"XIXO_TUTTI_FRUITY_APPLE_2024_PACKSHOTs_angol2\" loading=\"lazy\" \/>\t\t\t\t\t\t\t\t\t\t\t\t\t\t\t<\/div>\n\t\t\t\t<\/div>\n\t\t\t\t\t<\/div>\n\t\t<\/div>\n\t\t\t\t\t<\/div>\n\t\t<\/section>\n\t\t\t\t<section class=\"elementor-section elementor-top-section elementor-element elementor-element-64036d0e elementor-section-boxed elementor-section-height-default elementor-section-height-default\" data-id=\"64036d0e\" data-element_type=\"section\" data-e-type=\"section\">\n\t\t\t\t\t\t<div class=\"elementor-container elementor-column-gap-default\">\n\t\t\t\t\t<div class=\"elementor-column elementor-col-100 elementor-top-column elementor-element elementor-element-31c1b49a\" data-id=\"31c1b49a\" data-element_type=\"column\" data-e-type=\"column\">\n\t\t\t<div class=\"elementor-widget-wrap elementor-element-populated\">\n\t\t\t\t\t\t<div class=\"elementor-element elementor-element-57e8b9b2 elementor-widget elementor-widget-spacer\" data-id=\"57e8b9b2\" data-element_type=\"widget\" data-e-type=\"widget\" data-widget_type=\"spacer.default\">\n\t\t\t\t<div class=\"elementor-widget-container\">\n\t\t\t\t\t\t\t<div class=\"elementor-spacer\">\n\t\t\t<div class=\"elementor-spacer-inner\"><\/div>\n\t\t<\/div>\n\t\t\t\t\t\t<\/div>\n\t\t\t\t<\/div>\n\t\t\t\t\t<\/div>\n\t\t<\/div>\n\t\t\t\t\t<\/div>\n\t\t<\/section>\n\t\t\t\t<\/div>\n\t\t","protected":false},"excerpt":{"rendered":"<p>JABUKA I TUTTI FRUTTI UKUS BEZ KOFEINA SA VITAMINIMA BEZ KONZERVANSA 100% RECIKLABILNA ALUMINIJUMSKA LIMENKA BEZ GUBITKA KVALITETA Tutti frutti senzacija sa malim preokretom. Nakon velikog uspeha XIXO Tutti Fruity napitka, Tutti Fruity Apple donosi poznato iskustvo oboga\u0107eno ukusom jabuke. Ovaj gazirani bezalkoholni napitak sadr\u017ei vitamin C i 5 vrsta vitamina B, ne sadr\u017ei kofein [&hellip;]<\/p>\n","protected":false},"author":1,"featured_media":0,"parent":4758,"menu_order":0,"comment_status":"closed","ping_status":"closed","template":"elementor_header_footer","meta":{"footnotes":""},"class_list":["post-8511","page","type-page","status-publish","hentry"],"_links":{"self":[{"href":"https:\/\/xixodrinks.com\/sr\/wp-json\/wp\/v2\/pages\/8511","targetHints":{"allow":["GET"]}}],"collection":[{"href":"https:\/\/xixodrinks.com\/sr\/wp-json\/wp\/v2\/pages"}],"about":[{"href":"https:\/\/xixodrinks.com\/sr\/wp-json\/wp\/v2\/types\/page"}],"author":[{"embeddable":true,"href":"https:\/\/xixodrinks.com\/sr\/wp-json\/wp\/v2\/users\/1"}],"replies":[{"embeddable":true,"href":"https:\/\/xixodrinks.com\/sr\/wp-json\/wp\/v2\/comments?post=8511"}],"version-history":[{"count":4,"href":"https:\/\/xixodrinks.com\/sr\/wp-json\/wp\/v2\/pages\/8511\/revisions"}],"predecessor-version":[{"id":8532,"href":"https:\/\/xixodrinks.com\/sr\/wp-json\/wp\/v2\/pages\/8511\/revisions\/8532"}],"up":[{"embeddable":true,"href":"https:\/\/xixodrinks.com\/sr\/wp-json\/wp\/v2\/pages\/4758"}],"wp:attachment":[{"href":"https:\/\/xixodrinks.com\/sr\/wp-json\/wp\/v2\/media?parent=8511"}],"curies":[{"name":"wp","href":"https:\/\/api.w.org\/{rel}","templated":true}]}}