{"id":8536,"date":"2026-03-17T15:17:42","date_gmt":"2026-03-17T13:17:42","guid":{"rendered":"https:\/\/xixodrinks.com\/?page_id=8536"},"modified":"2026-03-17T15:21:06","modified_gmt":"2026-03-17T13:21:06","slug":"pear","status":"publish","type":"page","link":"https:\/\/xixodrinks.com\/sr\/%d0%bf%d1%80%d0%be%d0%b8%d0%b7%d0%b2%d0%be%d0%b4%d0%b8\/ice-tea\/pear\/","title":{"rendered":"Pear"},"content":{"rendered":"\t\t<div data-elementor-type=\"wp-page\" data-elementor-id=\"8536\" class=\"elementor elementor-8536\" data-elementor-post-type=\"page\">\n\t\t\t\t\t\t<section class=\"elementor-section elementor-top-section elementor-element elementor-element-78ccef33 elementor-section-boxed elementor-section-height-default elementor-section-height-default\" data-id=\"78ccef33\" data-element_type=\"section\" data-e-type=\"section\">\n\t\t\t\t\t\t<div class=\"elementor-container elementor-column-gap-default\">\n\t\t\t\t\t<div class=\"elementor-column elementor-col-100 elementor-top-column elementor-element elementor-element-1b241610\" data-id=\"1b241610\" data-element_type=\"column\" data-e-type=\"column\">\n\t\t\t<div class=\"elementor-widget-wrap elementor-element-populated\">\n\t\t\t\t\t\t<div class=\"elementor-element elementor-element-113061bf elementor-widget elementor-widget-spacer\" data-id=\"113061bf\" data-element_type=\"widget\" data-e-type=\"widget\" data-widget_type=\"spacer.default\">\n\t\t\t\t<div class=\"elementor-widget-container\">\n\t\t\t\t\t\t\t<div class=\"elementor-spacer\">\n\t\t\t<div class=\"elementor-spacer-inner\"><\/div>\n\t\t<\/div>\n\t\t\t\t\t\t<\/div>\n\t\t\t\t<\/div>\n\t\t\t\t\t<\/div>\n\t\t<\/div>\n\t\t\t\t\t<\/div>\n\t\t<\/section>\n\t\t\t\t<section class=\"elementor-section elementor-top-section elementor-element elementor-element-5f28bf82 elementor-section-boxed elementor-section-height-default elementor-section-height-default\" data-id=\"5f28bf82\" data-element_type=\"section\" data-e-type=\"section\">\n\t\t\t\t\t\t<div class=\"elementor-container elementor-column-gap-default\">\n\t\t\t\t\t<div class=\"elementor-column elementor-col-50 elementor-top-column elementor-element elementor-element-1147e721\" data-id=\"1147e721\" data-element_type=\"column\" data-e-type=\"column\">\n\t\t\t<div class=\"elementor-widget-wrap elementor-element-populated\">\n\t\t\t\t\t\t<div class=\"elementor-element elementor-element-30e86e40 elementor-widget elementor-widget-text-editor\" data-id=\"30e86e40\" data-element_type=\"widget\" data-e-type=\"widget\" data-widget_type=\"text-editor.default\">\n\t\t\t\t<div class=\"elementor-widget-container\">\n\t\t\t\t\t\t\t\t\t<ul><li><div class=\"ewa-rteLine\"><strong>UKUS KRU\u0160KE<\/strong><\/div><\/li><li><div class=\"ewa-rteLine\"><strong>SA VO\u0106NIM SOKOM I EKSTRAKTOM CRNOG \u010cAJA<\/strong><\/div><\/li><\/ul>\t\t\t\t\t\t\t\t<\/div>\n\t\t\t\t<\/div>\n\t\t\t\t<div class=\"elementor-element elementor-element-7e0662f elementor-widget elementor-widget-text-editor\" data-id=\"7e0662f\" data-element_type=\"widget\" data-e-type=\"widget\" data-widget_type=\"text-editor.default\">\n\t\t\t\t<div class=\"elementor-widget-container\">\n\t\t\t\t\t\t\t\t\t<div class=\"ewa-rteLine\">Poseban ukus, ne samo za posebne prilike! Pored tradicionalnih ukusa, ne smemo zaboraviti ni na inovativne me\u0161avine ledenog \u010daja \u2013 a sre\u0107om, XIXO je i u tome me\u0111u predvodnicima. Me\u0111u 11 ukusa ovog brenda izdvaja se XIXO Pear Ice Tea, koji potro\u0161a\u010dima donosi osve\u017eavaju\u0107i do\u017eivljaj zahvaljuju\u0107i sve\u017eem, slatkom i vo\u0107nom ukusu kru\u0161ke, koji poti\u010de od vo\u0107nog soka i ekstrakta crnog \u010daja. Tako\u0111e, proizvodi se bez upotrebe ve\u0161ta\u010dkih boja.<\/div><div class=\"ewa-rteLine\">\u00a0<\/div><div class=\"ewa-rteLine\">Otkrij osve\u017eavaju\u0107i ukus XIXO Pear Ice Tea!<\/div>\t\t\t\t\t\t\t\t<\/div>\n\t\t\t\t<\/div>\n\t\t\t\t\t<\/div>\n\t\t<\/div>\n\t\t\t\t<div class=\"elementor-column elementor-col-50 elementor-top-column elementor-element elementor-element-549d7b3c\" data-id=\"549d7b3c\" data-element_type=\"column\" data-e-type=\"column\">\n\t\t\t<div class=\"elementor-widget-wrap elementor-element-populated\">\n\t\t\t\t\t\t<div class=\"elementor-element elementor-element-7b3a2c8e animated-slow elementor-invisible elementor-widget elementor-widget-image\" data-id=\"7b3a2c8e\" data-element_type=\"widget\" data-e-type=\"widget\" data-settings=\"{&quot;_animation&quot;:&quot;fadeIn&quot;}\" data-widget_type=\"image.default\">\n\t\t\t\t<div class=\"elementor-widget-container\">\n\t\t\t\t\t\t\t\t\t\t\t\t\t\t\t<img decoding=\"async\" src=\"https:\/\/xixodrinks.com\/wp-content\/uploads\/elementor\/thumbs\/XIXO_Tea_2021_EN_pear_2-scaled-rkn5urq04ru64n17rdf4rhxue4kx4dx1170adyhse8.png\" title=\"XIXO_Tea_2021_EN_pear_2\" alt=\"XIXO_Tea_2021_EN_pear_2\" loading=\"lazy\" \/>\t\t\t\t\t\t\t\t\t\t\t\t\t\t\t<\/div>\n\t\t\t\t<\/div>\n\t\t\t\t\t<\/div>\n\t\t<\/div>\n\t\t\t\t\t<\/div>\n\t\t<\/section>\n\t\t\t\t<section class=\"elementor-section elementor-top-section elementor-element elementor-element-59a0f43f elementor-section-boxed elementor-section-height-default elementor-section-height-default\" data-id=\"59a0f43f\" data-element_type=\"section\" data-e-type=\"section\">\n\t\t\t\t\t\t<div class=\"elementor-container elementor-column-gap-default\">\n\t\t\t\t\t<div class=\"elementor-column elementor-col-100 elementor-top-column elementor-element elementor-element-76ee2ef2\" data-id=\"76ee2ef2\" data-element_type=\"column\" data-e-type=\"column\">\n\t\t\t<div class=\"elementor-widget-wrap elementor-element-populated\">\n\t\t\t\t\t\t<div class=\"elementor-element elementor-element-384c615b elementor-widget elementor-widget-spacer\" data-id=\"384c615b\" data-element_type=\"widget\" data-e-type=\"widget\" data-widget_type=\"spacer.default\">\n\t\t\t\t<div class=\"elementor-widget-container\">\n\t\t\t\t\t\t\t<div class=\"elementor-spacer\">\n\t\t\t<div class=\"elementor-spacer-inner\"><\/div>\n\t\t<\/div>\n\t\t\t\t\t\t<\/div>\n\t\t\t\t<\/div>\n\t\t\t\t\t<\/div>\n\t\t<\/div>\n\t\t\t\t\t<\/div>\n\t\t<\/section>\n\t\t\t\t<\/div>\n\t\t","protected":false},"excerpt":{"rendered":"<p>UKUS KRU\u0160KE SA VO\u0106NIM SOKOM I EKSTRAKTOM CRNOG \u010cAJA Poseban ukus, ne samo za posebne prilike! Pored tradicionalnih ukusa, ne smemo zaboraviti ni na inovativne me\u0161avine ledenog \u010daja \u2013 a sre\u0107om, XIXO je i u tome me\u0111u predvodnicima. Me\u0111u 11 ukusa ovog brenda izdvaja se XIXO Pear Ice Tea, koji potro\u0161a\u010dima donosi osve\u017eavaju\u0107i do\u017eivljaj zahvaljuju\u0107i [&hellip;]<\/p>\n","protected":false},"author":1,"featured_media":0,"parent":4774,"menu_order":0,"comment_status":"closed","ping_status":"closed","template":"elementor_header_footer","meta":{"footnotes":""},"class_list":["post-8536","page","type-page","status-publish","hentry"],"_links":{"self":[{"href":"https:\/\/xixodrinks.com\/sr\/wp-json\/wp\/v2\/pages\/8536","targetHints":{"allow":["GET"]}}],"collection":[{"href":"https:\/\/xixodrinks.com\/sr\/wp-json\/wp\/v2\/pages"}],"about":[{"href":"https:\/\/xixodrinks.com\/sr\/wp-json\/wp\/v2\/types\/page"}],"author":[{"embeddable":true,"href":"https:\/\/xixodrinks.com\/sr\/wp-json\/wp\/v2\/users\/1"}],"replies":[{"embeddable":true,"href":"https:\/\/xixodrinks.com\/sr\/wp-json\/wp\/v2\/comments?post=8536"}],"version-history":[{"count":4,"href":"https:\/\/xixodrinks.com\/sr\/wp-json\/wp\/v2\/pages\/8536\/revisions"}],"predecessor-version":[{"id":8557,"href":"https:\/\/xixodrinks.com\/sr\/wp-json\/wp\/v2\/pages\/8536\/revisions\/8557"}],"up":[{"embeddable":true,"href":"https:\/\/xixodrinks.com\/sr\/wp-json\/wp\/v2\/pages\/4774"}],"wp:attachment":[{"href":"https:\/\/xixodrinks.com\/sr\/wp-json\/wp\/v2\/media?parent=8536"}],"curies":[{"name":"wp","href":"https:\/\/api.w.org\/{rel}","templated":true}]}}