{"id":8567,"date":"2026-03-17T15:24:13","date_gmt":"2026-03-17T13:24:13","guid":{"rendered":"https:\/\/xixodrinks.com\/?page_id=8567"},"modified":"2026-03-17T15:25:27","modified_gmt":"2026-03-17T13:25:27","slug":"xixo-pink-lemonade","status":"publish","type":"page","link":"https:\/\/xixodrinks.com\/sr\/lemonade\/xixo-pink-lemonade\/","title":{"rendered":"XIXO Pink Lemonade"},"content":{"rendered":"\t\t<div data-elementor-type=\"wp-page\" data-elementor-id=\"8567\" class=\"elementor elementor-8567\" data-elementor-post-type=\"page\">\n\t\t\t\t\t\t<section class=\"elementor-section elementor-top-section elementor-element elementor-element-4538efdc elementor-section-boxed elementor-section-height-default elementor-section-height-default\" data-id=\"4538efdc\" data-element_type=\"section\" data-e-type=\"section\">\n\t\t\t\t\t\t<div class=\"elementor-container elementor-column-gap-default\">\n\t\t\t\t\t<div class=\"elementor-column elementor-col-100 elementor-top-column elementor-element elementor-element-17ae6392\" data-id=\"17ae6392\" data-element_type=\"column\" data-e-type=\"column\">\n\t\t\t<div class=\"elementor-widget-wrap elementor-element-populated\">\n\t\t\t\t\t\t<div class=\"elementor-element elementor-element-45f74a18 elementor-widget elementor-widget-spacer\" data-id=\"45f74a18\" data-element_type=\"widget\" data-e-type=\"widget\" data-widget_type=\"spacer.default\">\n\t\t\t\t<div class=\"elementor-widget-container\">\n\t\t\t\t\t\t\t<div class=\"elementor-spacer\">\n\t\t\t<div class=\"elementor-spacer-inner\"><\/div>\n\t\t<\/div>\n\t\t\t\t\t\t<\/div>\n\t\t\t\t<\/div>\n\t\t\t\t\t<\/div>\n\t\t<\/div>\n\t\t\t\t\t<\/div>\n\t\t<\/section>\n\t\t\t\t<section class=\"elementor-section elementor-top-section elementor-element elementor-element-4321be37 elementor-section-boxed elementor-section-height-default elementor-section-height-default\" data-id=\"4321be37\" data-element_type=\"section\" data-e-type=\"section\">\n\t\t\t\t\t\t<div class=\"elementor-container elementor-column-gap-default\">\n\t\t\t\t\t<div class=\"elementor-column elementor-col-50 elementor-top-column elementor-element elementor-element-15bbe7f9\" data-id=\"15bbe7f9\" data-element_type=\"column\" data-e-type=\"column\">\n\t\t\t<div class=\"elementor-widget-wrap elementor-element-populated\">\n\t\t\t\t\t\t<div class=\"elementor-element elementor-element-5cdb4966 elementor-widget elementor-widget-text-editor\" data-id=\"5cdb4966\" data-element_type=\"widget\" data-e-type=\"widget\" data-widget_type=\"text-editor.default\">\n\t\t\t\t<div class=\"elementor-widget-container\">\n\t\t\t\t\t\t\t\t\t<ul><li><div class=\"ewa-rteLine\"><strong>UKUS JAGODE I LIMETE<\/strong><\/div><\/li><li><div class=\"ewa-rteLine\"><strong>BEZ KONZERVANSA<\/strong><\/div><\/li><li><div class=\"ewa-rteLine\"><strong>100% RECIKLABILNA ALUMINIJUMSKA LIMENKA BEZ GUBITKA KVALITETA<\/strong><\/div><\/li><\/ul>\t\t\t\t\t\t\t\t<\/div>\n\t\t\t\t<\/div>\n\t\t\t\t<div class=\"elementor-element elementor-element-1a2ecbd elementor-widget elementor-widget-text-editor\" data-id=\"1a2ecbd\" data-element_type=\"widget\" data-e-type=\"widget\" data-widget_type=\"text-editor.default\">\n\t\t\t\t<div class=\"elementor-widget-container\">\n\t\t\t\t\t\t\t\t\t<div class=\"ewa-rteLine\">Fantasti\u010dan pink dizajn, osve\u017eavaju\u0107i ukus jagode i limete i da\u0161ak leta u limenci &#8211; to je neodoljiva XIXO Pink Lemonade koja unosi pravi mediteranski vajb u va\u0161u svakodnevicu.<\/div><div class=\"ewa-rteLine\">Svaki gutljaj donosi savr\u0161enu harmoniju ukusa: slatka jagoda i \u017eivahno sve\u017ea limeta spajaju se u jedinstveno iskustvo razma\u017eenosti. Prefinjen balans ukusa \u010dini ovo bezalkoholno pi\u0107e zaista neodoljivim &#8211; kao da ispijate sun\u010dani trenutak pored mora.<\/div>\t\t\t\t\t\t\t\t<\/div>\n\t\t\t\t<\/div>\n\t\t\t\t\t<\/div>\n\t\t<\/div>\n\t\t\t\t<div class=\"elementor-column elementor-col-50 elementor-top-column elementor-element elementor-element-5b6395a4\" data-id=\"5b6395a4\" data-element_type=\"column\" data-e-type=\"column\">\n\t\t\t<div class=\"elementor-widget-wrap elementor-element-populated\">\n\t\t\t\t\t\t<div class=\"elementor-element elementor-element-2addfc5a animated-slow elementor-invisible elementor-widget elementor-widget-image\" data-id=\"2addfc5a\" data-element_type=\"widget\" data-e-type=\"widget\" data-settings=\"{&quot;_animation&quot;:&quot;fadeIn&quot;}\" data-widget_type=\"image.default\">\n\t\t\t\t<div class=\"elementor-widget-container\">\n\t\t\t\t\t\t\t\t\t\t\t\t\t\t\t<img decoding=\"async\" src=\"https:\/\/xixodrinks.com\/wp-content\/uploads\/elementor\/thumbs\/XIXO_PINK_LEMONADE_250_EN_2-scaled-1-rkmydf2xpv477aa4kxzs9guqb86fesm1c13bnhv3eo.png\" title=\"XIXO_PINK_LEMONADE_250_EN_2-scaled.png\" alt=\"XIXO_PINK_LEMONADE_250_EN_2-scaled.png\" loading=\"lazy\" \/>\t\t\t\t\t\t\t\t\t\t\t\t\t\t\t<\/div>\n\t\t\t\t<\/div>\n\t\t\t\t\t<\/div>\n\t\t<\/div>\n\t\t\t\t\t<\/div>\n\t\t<\/section>\n\t\t\t\t<section class=\"elementor-section elementor-top-section elementor-element elementor-element-73d28c05 elementor-section-boxed elementor-section-height-default elementor-section-height-default\" data-id=\"73d28c05\" data-element_type=\"section\" data-e-type=\"section\">\n\t\t\t\t\t\t<div class=\"elementor-container elementor-column-gap-default\">\n\t\t\t\t\t<div class=\"elementor-column elementor-col-100 elementor-top-column elementor-element elementor-element-b27a4cb\" data-id=\"b27a4cb\" data-element_type=\"column\" data-e-type=\"column\">\n\t\t\t<div class=\"elementor-widget-wrap elementor-element-populated\">\n\t\t\t\t\t\t<div class=\"elementor-element elementor-element-6c09dd74 elementor-widget elementor-widget-spacer\" data-id=\"6c09dd74\" data-element_type=\"widget\" data-e-type=\"widget\" data-widget_type=\"spacer.default\">\n\t\t\t\t<div class=\"elementor-widget-container\">\n\t\t\t\t\t\t\t<div class=\"elementor-spacer\">\n\t\t\t<div class=\"elementor-spacer-inner\"><\/div>\n\t\t<\/div>\n\t\t\t\t\t\t<\/div>\n\t\t\t\t<\/div>\n\t\t\t\t\t<\/div>\n\t\t<\/div>\n\t\t\t\t\t<\/div>\n\t\t<\/section>\n\t\t\t\t<\/div>\n\t\t","protected":false},"excerpt":{"rendered":"<p>UKUS JAGODE I LIMETE BEZ KONZERVANSA 100% RECIKLABILNA ALUMINIJUMSKA LIMENKA BEZ GUBITKA KVALITETA Fantasti\u010dan pink dizajn, osve\u017eavaju\u0107i ukus jagode i limete i da\u0161ak leta u limenci &#8211; to je neodoljiva XIXO Pink Lemonade koja unosi pravi mediteranski vajb u va\u0161u svakodnevicu.Svaki gutljaj donosi savr\u0161enu harmoniju ukusa: slatka jagoda i \u017eivahno sve\u017ea limeta spajaju se u [&hellip;]<\/p>\n","protected":false},"author":1,"featured_media":0,"parent":8561,"menu_order":0,"comment_status":"closed","ping_status":"closed","template":"elementor_header_footer","meta":{"footnotes":""},"class_list":["post-8567","page","type-page","status-publish","hentry"],"_links":{"self":[{"href":"https:\/\/xixodrinks.com\/sr\/wp-json\/wp\/v2\/pages\/8567","targetHints":{"allow":["GET"]}}],"collection":[{"href":"https:\/\/xixodrinks.com\/sr\/wp-json\/wp\/v2\/pages"}],"about":[{"href":"https:\/\/xixodrinks.com\/sr\/wp-json\/wp\/v2\/types\/page"}],"author":[{"embeddable":true,"href":"https:\/\/xixodrinks.com\/sr\/wp-json\/wp\/v2\/users\/1"}],"replies":[{"embeddable":true,"href":"https:\/\/xixodrinks.com\/sr\/wp-json\/wp\/v2\/comments?post=8567"}],"version-history":[{"count":4,"href":"https:\/\/xixodrinks.com\/sr\/wp-json\/wp\/v2\/pages\/8567\/revisions"}],"predecessor-version":[{"id":8572,"href":"https:\/\/xixodrinks.com\/sr\/wp-json\/wp\/v2\/pages\/8567\/revisions\/8572"}],"up":[{"embeddable":true,"href":"https:\/\/xixodrinks.com\/sr\/wp-json\/wp\/v2\/pages\/8561"}],"wp:attachment":[{"href":"https:\/\/xixodrinks.com\/sr\/wp-json\/wp\/v2\/media?parent=8567"}],"curies":[{"name":"wp","href":"https:\/\/api.w.org\/{rel}","templated":true}]}}