{"id":9243,"date":"2026-04-02T13:28:04","date_gmt":"2026-04-02T11:28:04","guid":{"rendered":"https:\/\/xixodrinks.com\/?page_id=9243"},"modified":"2026-04-02T13:28:53","modified_gmt":"2026-04-02T11:28:53","slug":"xixo-classic-lemonade","status":"publish","type":"page","link":"https:\/\/xixodrinks.com\/sr\/lemonade\/xixo-classic-lemonade\/","title":{"rendered":"XIXO CLASSIC LEMONADE"},"content":{"rendered":"\t\t<div data-elementor-type=\"wp-page\" data-elementor-id=\"9243\" class=\"elementor elementor-9243\" data-elementor-post-type=\"page\">\n\t\t\t\t\t\t<section class=\"elementor-section elementor-top-section elementor-element elementor-element-64893e58 elementor-section-boxed elementor-section-height-default elementor-section-height-default\" data-id=\"64893e58\" data-element_type=\"section\" data-e-type=\"section\">\n\t\t\t\t\t\t<div class=\"elementor-container elementor-column-gap-default\">\n\t\t\t\t\t<div class=\"elementor-column elementor-col-100 elementor-top-column elementor-element elementor-element-6847c65e\" data-id=\"6847c65e\" data-element_type=\"column\" data-e-type=\"column\">\n\t\t\t<div class=\"elementor-widget-wrap elementor-element-populated\">\n\t\t\t\t\t\t<div class=\"elementor-element elementor-element-3633be97 elementor-widget elementor-widget-spacer\" data-id=\"3633be97\" data-element_type=\"widget\" data-e-type=\"widget\" data-widget_type=\"spacer.default\">\n\t\t\t\t<div class=\"elementor-widget-container\">\n\t\t\t\t\t\t\t<div class=\"elementor-spacer\">\n\t\t\t<div class=\"elementor-spacer-inner\"><\/div>\n\t\t<\/div>\n\t\t\t\t\t\t<\/div>\n\t\t\t\t<\/div>\n\t\t\t\t\t<\/div>\n\t\t<\/div>\n\t\t\t\t\t<\/div>\n\t\t<\/section>\n\t\t\t\t<section class=\"elementor-section elementor-top-section elementor-element elementor-element-267a44d elementor-section-boxed elementor-section-height-default elementor-section-height-default\" data-id=\"267a44d\" data-element_type=\"section\" data-e-type=\"section\">\n\t\t\t\t\t\t<div class=\"elementor-container elementor-column-gap-default\">\n\t\t\t\t\t<div class=\"elementor-column elementor-col-50 elementor-top-column elementor-element elementor-element-39fa4c62\" data-id=\"39fa4c62\" data-element_type=\"column\" data-e-type=\"column\">\n\t\t\t<div class=\"elementor-widget-wrap elementor-element-populated\">\n\t\t\t\t\t\t<div class=\"elementor-element elementor-element-737682af elementor-widget elementor-widget-text-editor\" data-id=\"737682af\" data-element_type=\"widget\" data-e-type=\"widget\" data-widget_type=\"text-editor.default\">\n\t\t\t\t<div class=\"elementor-widget-container\">\n\t\t\t\t\t\t\t\t\t<ul><li><strong>UKUS LIMUNA I ZOVE<\/strong><\/li><li><strong>BEZ KONZERVANSA<\/strong><\/li><li><strong>100% RECIKLABILNA ALUMINIJUMSKA LIMENKA BEZ GUBITKA KVALITETA<\/strong><\/li><\/ul>\t\t\t\t\t\t\t\t<\/div>\n\t\t\t\t<\/div>\n\t\t\t\t<div class=\"elementor-element elementor-element-2573e0b2 elementor-widget elementor-widget-text-editor\" data-id=\"2573e0b2\" data-element_type=\"widget\" data-e-type=\"widget\" data-widget_type=\"text-editor.default\">\n\t\t\t\t<div class=\"elementor-widget-container\">\n\t\t\t\t\t\t\t\t\t<p>Pravi klasik sa modernim twistom! XIXO Lemonade, oboga\u0107ena ukusom zove, donosi su\u0161tinu italijanskog mediteranskog na\u010dina \u017eivota &#8211; pravo dolce vita iskustvo.<br \/>Ukus spaja osve\u017eavaju\u0107u citrusnu notu sve\u017eeg limuna i blagu slatko\u0107u zove, stvaraju\u0107i zavodljivo i osve\u017eavaju\u0107e iskustvo. Savr\u0161eno izbalansirani ukusi stapaju se u harmoniju, \u010dine\u0107i XIXO Lemonade ne samo osve\u017eavaju\u0107im bezalkoholnim pi\u0107em, ve\u0107 pravim u\u017eitkom koji osvaja sva \u010dula.<br \/>Limena ambala\u017ea u vibrantnoj limun-\u017eutoj boji isti\u010de se na prvi pogled, dok je gazirano pi\u0107e proizvedeno bez konzervanasa. Pakovanje sa BPA-free unutra\u0161njim slojem je 100% reciklabilna aluminijumska limenka, bez ikakvog gubitka kvaliteta.<\/p>\t\t\t\t\t\t\t\t<\/div>\n\t\t\t\t<\/div>\n\t\t\t\t\t<\/div>\n\t\t<\/div>\n\t\t\t\t<div class=\"elementor-column elementor-col-50 elementor-top-column elementor-element elementor-element-b043239\" data-id=\"b043239\" data-element_type=\"column\" data-e-type=\"column\">\n\t\t\t<div class=\"elementor-widget-wrap elementor-element-populated\">\n\t\t\t\t\t\t<div class=\"elementor-element elementor-element-3c461625 animated-slow elementor-invisible elementor-widget elementor-widget-image\" data-id=\"3c461625\" data-element_type=\"widget\" data-e-type=\"widget\" data-settings=\"{&quot;_animation&quot;:&quot;fadeIn&quot;}\" data-widget_type=\"image.default\">\n\t\t\t\t<div class=\"elementor-widget-container\">\n\t\t\t\t\t\t\t\t\t\t\t\t\t\t\t<img decoding=\"async\" src=\"https:\/\/xixodrinks.com\/wp-content\/uploads\/elementor\/thumbs\/XIXO_LEMONADE_250_EN_2-1-rlddgh3z2nsxhe53jgqbtv0kcu87c8aj3mhyal9ukg.png\" title=\"XIXO_LEMONADE_250_EN_2 1\" alt=\"XIXO_LEMONADE_250_EN_2 1\" loading=\"lazy\" \/>\t\t\t\t\t\t\t\t\t\t\t\t\t\t\t<\/div>\n\t\t\t\t<\/div>\n\t\t\t\t\t<\/div>\n\t\t<\/div>\n\t\t\t\t\t<\/div>\n\t\t<\/section>\n\t\t\t\t<section class=\"elementor-section elementor-top-section elementor-element elementor-element-28248914 elementor-section-boxed elementor-section-height-default elementor-section-height-default\" data-id=\"28248914\" data-element_type=\"section\" data-e-type=\"section\">\n\t\t\t\t\t\t<div class=\"elementor-container elementor-column-gap-default\">\n\t\t\t\t\t<div class=\"elementor-column elementor-col-100 elementor-top-column elementor-element elementor-element-4d0edccb\" data-id=\"4d0edccb\" data-element_type=\"column\" data-e-type=\"column\">\n\t\t\t<div class=\"elementor-widget-wrap elementor-element-populated\">\n\t\t\t\t\t\t<div class=\"elementor-element elementor-element-6b1204b7 elementor-widget elementor-widget-spacer\" data-id=\"6b1204b7\" data-element_type=\"widget\" data-e-type=\"widget\" data-widget_type=\"spacer.default\">\n\t\t\t\t<div class=\"elementor-widget-container\">\n\t\t\t\t\t\t\t<div class=\"elementor-spacer\">\n\t\t\t<div class=\"elementor-spacer-inner\"><\/div>\n\t\t<\/div>\n\t\t\t\t\t\t<\/div>\n\t\t\t\t<\/div>\n\t\t\t\t\t<\/div>\n\t\t<\/div>\n\t\t\t\t\t<\/div>\n\t\t<\/section>\n\t\t\t\t<\/div>\n\t\t","protected":false},"excerpt":{"rendered":"<p>UKUS LIMUNA I ZOVE BEZ KONZERVANSA 100% RECIKLABILNA ALUMINIJUMSKA LIMENKA BEZ GUBITKA KVALITETA Pravi klasik sa modernim twistom! XIXO Lemonade, oboga\u0107ena ukusom zove, donosi su\u0161tinu italijanskog mediteranskog na\u010dina \u017eivota &#8211; pravo dolce vita iskustvo.Ukus spaja osve\u017eavaju\u0107u citrusnu notu sve\u017eeg limuna i blagu slatko\u0107u zove, stvaraju\u0107i zavodljivo i osve\u017eavaju\u0107e iskustvo. Savr\u0161eno izbalansirani ukusi stapaju se u [&hellip;]<\/p>\n","protected":false},"author":1,"featured_media":0,"parent":8561,"menu_order":0,"comment_status":"closed","ping_status":"closed","template":"elementor_header_footer","meta":{"footnotes":""},"class_list":["post-9243","page","type-page","status-publish","hentry"],"_links":{"self":[{"href":"https:\/\/xixodrinks.com\/sr\/wp-json\/wp\/v2\/pages\/9243","targetHints":{"allow":["GET"]}}],"collection":[{"href":"https:\/\/xixodrinks.com\/sr\/wp-json\/wp\/v2\/pages"}],"about":[{"href":"https:\/\/xixodrinks.com\/sr\/wp-json\/wp\/v2\/types\/page"}],"author":[{"embeddable":true,"href":"https:\/\/xixodrinks.com\/sr\/wp-json\/wp\/v2\/users\/1"}],"replies":[{"embeddable":true,"href":"https:\/\/xixodrinks.com\/sr\/wp-json\/wp\/v2\/comments?post=9243"}],"version-history":[{"count":4,"href":"https:\/\/xixodrinks.com\/sr\/wp-json\/wp\/v2\/pages\/9243\/revisions"}],"predecessor-version":[{"id":9248,"href":"https:\/\/xixodrinks.com\/sr\/wp-json\/wp\/v2\/pages\/9243\/revisions\/9248"}],"up":[{"embeddable":true,"href":"https:\/\/xixodrinks.com\/sr\/wp-json\/wp\/v2\/pages\/8561"}],"wp:attachment":[{"href":"https:\/\/xixodrinks.com\/sr\/wp-json\/wp\/v2\/media?parent=9243"}],"curies":[{"name":"wp","href":"https:\/\/api.w.org\/{rel}","templated":true}]}}